{"id":4560,"date":"2025-10-08T00:43:45","date_gmt":"2025-10-07T22:43:45","guid":{"rendered":"https:\/\/barcelona.servihonda.es\/assegurances-de-moto\/"},"modified":"2025-12-16T18:56:37","modified_gmt":"2025-12-16T16:56:37","slug":"assegurances-de-moto","status":"publish","type":"page","link":"https:\/\/barcelona.servihonda.es\/ca\/assegurances-de-moto\/","title":{"rendered":"Assegurances de moto"},"content":{"rendered":"<section class=\"l-section wpb_row section-header height_medium with_img\"><div class=\"l-section-img\" role=\"img\" aria-label=\"Imatge\" data-img-width=\"1417\" data-img-height=\"797\" style=\"background-image: url(https:\/\/barcelona.servihonda.es\/wp-content\/uploads\/2025\/10\/servihonda-demo-bike.jpg);background-repeat: no-repeat;\"><\/div><div class=\"l-section-overlay\" style=\"background:rgba(0,0,0,0.51)\"><\/div><div class=\"l-section-h i-cf\"><div class=\"g-cols vc_row via_flex valign_top type_default stacking_default\"><div class=\"vc_col-sm-12 wpb_column vc_column_container\"><div class=\"vc_column-inner\"><div class=\"wpb_wrapper\"><div class=\"w-vwrapper us_custom_de304e0b align_none valign_top\">[vc_custom_heading text=&#8221;Assegurances de <strong>Motos Honda Barcelona:<\/strong> Contractaci\u00f3 i Assessorament al teu Concessionari&#8221; font_container=&#8221;tag:h1|text_align:left&#8221; use_theme_fonts=&#8221;yes&#8221; css=&#8221;%7B%22default%22%3A%7B%22color%22%3A%22%23fff%22%2C%22max-width%22%3A%221000px%22%7D%7D&#8221;]<div class=\"wpb_text_column us_custom_58ea2695 has_text_color\"><div class=\"wpb_wrapper\"><p><span style=\"font-weight: 400;\">A <a href=\"https:\/\/barcelona.servihonda.es\/es\/\" target=\"_blank\" rel=\"noopener\">Servihonda Barcelona<\/a> , \u200b\u200bactuem com a facilitadors, ajudant-te a contractar la p\u00f2lissa que necessites de forma \u00e0gil i professional en el mateix moment de la compra.<\/span><\/p>\n<\/div><\/div><\/div><\/div><\/div><\/div><\/div><\/div><\/section><section class=\"l-section wpb_row height_medium\"><div class=\"l-section-h i-cf\"><div class=\"g-cols vc_row via_flex valign_top type_default stacking_default\"><div class=\"vc_col-sm-6 wpb_column vc_column_container\"><div class=\"vc_column-inner\"><div class=\"wpb_wrapper\">[vc_custom_heading text=&#8221;Gesti\u00f3 d&apos;Assegurances Personalitzada a Barcelona&#8221; use_theme_fonts=&#8221;yes&#8221;]<div class=\"wpb_text_column us_custom_5d62b90b\"><div class=\"wpb_wrapper\"><p><span style=\"font-weight: 400;\">Trobar les assegurances de moto Honda a Barcelona adequades \u00e9s clau per a la teva tranquil\u00b7litat. T&#8217;assessorem perqu\u00e8 entenguis les opcions i contractis la protecci\u00f3 que realment necessites.<\/span><\/p>\n<\/div><\/div><div class=\"g-cols wpb_row via_flex valign_top type_default stacking_default\"><div class=\"vc_col-sm-6 wpb_column vc_column_container\"><div class=\"vc_column-inner\"><div class=\"wpb_wrapper\">[vc_custom_heading text=&#8221;Assessorament Local&#8221; font_container=&#8221;tag:h3|text_align:left&#8221; use_theme_fonts=&#8221;yes&#8221; css=&#8221;%7B%22default%22%3A%7B%22font-size%22%3A%221rem%22%7D%7D&#8221;]<div class=\"wpb_text_column\"><div class=\"wpb_wrapper\"><p><span style=\"font-weight: 400;\">La gesti\u00f3 d&#8217;assegurances es fa directament a trav\u00e9s del nostre personal d&#8217;administraci\u00f3 i comercials de la botiga.<\/span><\/p>\n<\/div><\/div><\/div><\/div><\/div><div class=\"vc_col-sm-6 wpb_column vc_column_container\"><div class=\"vc_column-inner\"><div class=\"wpb_wrapper\">[vc_custom_heading text=&#8221;Demana el teu Pressupost sense Comprom\u00eds&#8221; font_container=&#8221;tag:h3|text_align:left&#8221; use_theme_fonts=&#8221;yes&#8221; css=&#8221;%7B%22default%22%3A%7B%22font-size%22%3A%221rem%22%7D%7D&#8221;]<div class=\"wpb_text_column\"><div class=\"wpb_wrapper\"><p><span style=\"font-weight: 400;\">Per sol\u00b7licitar un pressupost d&#8217;asseguran\u00e7a, el canal m\u00e9s r\u00e0pid i directe \u00e9s a trav\u00e9s del nostre WhatsApp:<\/span> <a href=\"tel:661%20504%20343\" target=\"_blank\" rel=\"noopener\"><b>661 504 343<\/b><\/a> <span style=\"font-weight: 400;\">. Indica&#8217;ns el model de moto i t&#8217;enviarem una proposta sense cap comprom\u00eds.<\/span><\/p>\n<\/div><\/div><\/div><\/div><\/div><\/div><\/div><\/div><\/div><div class=\"vc_col-sm-6 wpb_column vc_column_container\"><div class=\"vc_column-inner\"><div class=\"wpb_wrapper\"><div class=\"w-image has_ratio align_none\"><div class=\"w-image-h\"><div style=\"padding-bottom:75%\"><\/div><img decoding=\"async\" width=\"684\" height=\"1024\" src=\"https:\/\/barcelona.servihonda.es\/wp-content\/uploads\/2025\/11\/Carrousel-2-2-SERVIHONDA_BCN_Llull_0605_2-125-684x1024.jpg\" class=\"attachment-large size-large\" alt=\"seguros de motos en barcelona\" loading=\"lazy\" \/><\/div><\/div><\/div><\/div><\/div><\/div><\/div><\/section><section class=\"l-section wpb_row height_medium color_alternate with_img\"><div class=\"l-section-img\" role=\"img\" aria-label=\"Imatge\" data-img-width=\"1920\" data-img-height=\"871\" style=\"background-image: url(https:\/\/barcelona.servihonda.es\/wp-content\/uploads\/2025\/09\/fondo-servihonda.jpg);\"><\/div><div class=\"l-section-h i-cf\"><div class=\"g-cols vc_row via_flex valign_top type_default stacking_default\"><div class=\"vc_col-sm-6 wpb_column vc_column_container\"><div class=\"vc_column-inner\"><div class=\"wpb_wrapper\">[vc_custom_heading text=&#8221;Companyies <strong>d&apos;assegurances de refer\u00e8ncia<\/strong>&#8221; use_theme_fonts=&#8221;yes&#8221;]<div class=\"wpb_text_column\"><div class=\"wpb_wrapper\"><p><span style=\"font-weight: 400;\">El nostre objectiu \u00e9s que puguis emportar-te la teva moto assegurada des del primer minut.<\/span><\/p>\n<\/div><\/div><\/div><\/div><\/div><div class=\"vc_col-sm-6 wpb_column vc_column_container\"><div class=\"vc_column-inner\"><div class=\"wpb_wrapper\">[vc_custom_heading text=&#8221;Contacte per a Sinistres&#8221; font_container=&#8221;tag:h3|text_align:left&#8221; use_theme_fonts=&#8221;yes&#8221;]<div class=\"wpb_text_column\"><div class=\"wpb_wrapper\"><p><span style=\"font-weight: 400;\">Si necessites donar-ne un comunicat, has de contactar directament amb la teva asseguradora. Companyies esmentades: Honda Assegurances ERSM (<\/span> <a href=\"tel:934%20394%20874\" target=\"_blank\" rel=\"noopener\"><b>934 394 874<\/b><\/a> <span style=\"font-weight: 400;\">) i Honda Mapit (<\/span> <a href=\"tel:932%20205%20693\" target=\"_blank\" rel=\"noopener\"><b>932 205 693<\/b><\/a> <span style=\"font-weight: 400;\">).<\/span><\/p>\n<\/div><\/div><\/div><\/div><\/div><\/div><\/div><\/section><section class=\"l-section wpb_row height_medium width_custom\" style=\"--site-content-width:1280px;\"><div class=\"l-section-h i-cf\"><div class=\"g-cols vc_row via_flex valign_top type_default stacking_default\"><div class=\"vc_col-sm-12 wpb_column vc_column_container\"><div class=\"vc_column-inner\"><div class=\"wpb_wrapper\">[vc_custom_heading text=&#8221;SOL\u00b7LICITUD D&apos; <strong>ASSEGURANCES DE MOTO<\/strong>&#8221; font_container=&#8221;tag:h2|text_align:center&#8221; use_theme_fonts=&#8221;yes&#8221;]\n<div class=\"wpcf7 no-js\" id=\"wpcf7-f5864-o1\" lang=\"ca\" dir=\"ltr\" data-wpcf7-id=\"5864\">\n<div class=\"screen-reader-response\"><p role=\"status\" aria-live=\"polite\" aria-atomic=\"true\"><\/p> <ul><\/ul><\/div>\n<form action=\"\/ca\/wp-json\/wp\/v2\/pages\/4560#wpcf7-f5864-o1\" method=\"post\" class=\"wpcf7-form init wpcf7-acceptance-as-validation\" aria-label=\"Formulari de contacte\" novalidate=\"novalidate\" data-status=\"init\">\n<fieldset class=\"hidden-fields-container\"><input type=\"hidden\" name=\"_wpcf7\" value=\"5864\" \/><input type=\"hidden\" name=\"_wpcf7_version\" value=\"6.1.6\" \/><input type=\"hidden\" name=\"_wpcf7_locale\" value=\"ca\" \/><input type=\"hidden\" name=\"_wpcf7_unit_tag\" value=\"wpcf7-f5864-o1\" \/><input type=\"hidden\" name=\"_wpcf7_container_post\" value=\"0\" \/><input type=\"hidden\" name=\"_wpcf7_posted_data_hash\" value=\"\" \/><input type=\"hidden\" name=\"_wpcf7_recaptcha_response\" value=\"\" \/>\n<\/fieldset>\n<div class=\"cf-container\">\n<div class=\"cf-col-6\"><label> Seleccioneu un concessionari<span class=\"wpcf7-form-control-wrap\" data-name=\"destinatario\"><select class=\"wpcf7-form-control wpcf7-select wpcf7-validates-as-required\" aria-required=\"true\" aria-invalid=\"false\" name=\"destinatario\"><option value=\"Servihonda C\/ Llull\">Servihonda C\/ Llull<\/option><option value=\"Servihonda C\/ Pau Clar\u00eds\">Servihonda C\/ Pau Clar\u00eds<\/option><option value=\"Servihonda C\/ Mallorca\">Servihonda C\/ Mallorca<\/option><\/select><\/span> <\/label><\/div>\n\n<div class=\"cf-col-6\"><label> Nom*\n<span class=\"wpcf7-form-control-wrap\" data-name=\"your-name\"><input size=\"40\" maxlength=\"400\" class=\"wpcf7-form-control wpcf7-text wpcf7-validates-as-required\" aria-required=\"true\" aria-invalid=\"false\" value=\"\" type=\"text\" name=\"your-name\" \/><\/span> <\/label><\/div>\n\n<div class=\"cf-col-6\"><label> Email*\n    <span class=\"wpcf7-form-control-wrap\" data-name=\"your-email\"><input size=\"40\" maxlength=\"400\" class=\"wpcf7-form-control wpcf7-email wpcf7-validates-as-required wpcf7-text wpcf7-validates-as-email\" aria-required=\"true\" aria-invalid=\"false\" value=\"\" type=\"email\" name=\"your-email\" \/><\/span> <\/label><\/div>\n\n<div class=\"cf-col-6\"><label> Tel\u00e8fon*\n<span class=\"wpcf7-form-control-wrap\" data-name=\"tel-931\"><input size=\"40\" maxlength=\"400\" class=\"wpcf7-form-control wpcf7-tel wpcf7-validates-as-required wpcf7-text wpcf7-validates-as-tel\" aria-required=\"true\" aria-invalid=\"false\" value=\"\" type=\"tel\" name=\"tel-931\" \/><\/span><\/label><\/div>\n\n<div class=\"cf-col-12\"><label> Assumpte*\n    <span class=\"wpcf7-form-control-wrap\" data-name=\"your-subject\"><input size=\"40\" maxlength=\"400\" class=\"wpcf7-form-control wpcf7-text wpcf7-validates-as-required\" aria-required=\"true\" aria-invalid=\"false\" value=\"\" type=\"text\" name=\"your-subject\" \/><\/span> <\/label><\/div>\n\n<div class=\"cf-col-12\"><label> Missatge (requerit)\n    <span class=\"wpcf7-form-control-wrap\" data-name=\"your-message\"><textarea cols=\"40\" rows=\"10\" maxlength=\"2000\" class=\"wpcf7-form-control wpcf7-textarea wpcf7-validates-as-required\" aria-required=\"true\" aria-invalid=\"false\" name=\"your-message\"><\/textarea><\/span> <\/label><\/div>\n\n<div class=\"cf-col-12 privacy-policy\"><label for=\"legal\"><span class=\"wpcf7-form-control-wrap\" data-name=\"legal\"><span class=\"wpcf7-form-control wpcf7-acceptance\"><span class=\"wpcf7-list-item\"><label><input type=\"checkbox\" name=\"legal\" value=\"1\" id=\"legal\" aria-invalid=\"false\" \/><span class=\"wpcf7-list-item-label\">He llegit i accepto la <a href=\"https:\/\/barcelona.servihonda.es\/ca\/politica-de-privadesa\/\">Pol\u00edtica de Privadesa<\/a> i l' <a href=\"https:\/\/barcelona.servihonda.es\/ca\/avis-legal\/\">Av\u00eds Legal<\/a>.<\/span><\/label><\/span><\/span><\/span><\/label><\/div>\n\n<input class=\"wpcf7-form-control wpcf7-submit has-spinner\" type=\"submit\" value=\"Enviar\" \/>\n<\/div><div class=\"wpcf7-response-output\" aria-hidden=\"true\"><\/div>\n<\/form>\n<\/div>\n<\/div><\/div><\/div><\/div><\/div><\/section>\n","protected":false},"excerpt":{"rendered":"[vc_custom_heading text=\"Assegurances de Motos Honda Barcelona: Contractaci\u00f3 i Assessorament al teu Concessionari\" font_container=\"tag:h1|text_align:left\" use_theme_fonts=\"yes\" css=\"%7B%22default%22%3A%7B%22color%22%3A%22%23fff%22%2C%22max-width%22%3A%221000px%22%7D%7D\"]A Servihonda Barcelona , \u200b\u200bactuem com a facilitadors, ajudant-te a contractar la p\u00f2lissa que necessites de forma \u00e0gil i professional en el mateix moment de la compra. [vc_custom_heading text=\"Gesti\u00f3 d&apos;Assegurances Personalitzada a Barcelona\" use_theme_fonts=\"yes\"]Trobar les assegurances de moto Honda a Barcelona...","protected":false},"author":1,"featured_media":0,"parent":0,"menu_order":0,"comment_status":"closed","ping_status":"closed","template":"","meta":{"_acf_changed":false,"footnotes":""},"class_list":["post-4560","page","type-page","status-publish","hentry"],"acf":[],"yoast_head":"<!-- This site is optimized with the Yoast SEO plugin v27.6 - https:\/\/yoast.com\/product\/yoast-seo-wordpress\/ -->\n<title>Asseguran\u00e7a per a motos Honda a Barcelona: Qu\u00e8 tenir en compte?<\/title>\n<meta name=\"description\" content=\"Descobreix el nostre servei d\u00b4assegurances de moto Honda a Barcelona. Contacta&#039;ns per sol\u00b7licitar m\u00e9s informaci\u00f3 i contractar la teva asseguran\u00e7a de moto.\" \/>\n<meta name=\"robots\" content=\"index, follow, max-snippet:-1, max-image-preview:large, max-video-preview:-1\" \/>\n<link rel=\"canonical\" href=\"https:\/\/barcelona.servihonda.es\/ca\/assegurances-de-moto\/\" \/>\n<meta property=\"og:locale\" content=\"ca_ES\" \/>\n<meta property=\"og:type\" content=\"article\" \/>\n<meta property=\"og:title\" content=\"Asseguran\u00e7a per a motos Honda a Barcelona: Qu\u00e8 tenir en compte?\" \/>\n<meta property=\"og:description\" content=\"Descobreix el nostre servei d\u00b4assegurances de moto Honda a Barcelona. Contacta&#039;ns per sol\u00b7licitar m\u00e9s informaci\u00f3 i contractar la teva asseguran\u00e7a de moto.\" \/>\n<meta property=\"og:url\" content=\"https:\/\/barcelona.servihonda.es\/ca\/assegurances-de-moto\/\" \/>\n<meta property=\"og:site_name\" content=\"Servihonda Barcelona\" \/>\n<meta property=\"article:modified_time\" content=\"2025-12-16T16:56:37+00:00\" \/>\n<meta name=\"twitter:card\" content=\"summary_large_image\" \/>\n<meta name=\"twitter:label1\" content=\"Temps estimat de lectura\" \/>\n\t<meta name=\"twitter:data1\" content=\"3 minuts\" \/>\n<script type=\"application\/ld+json\" class=\"yoast-schema-graph\">{\"@context\":\"https:\\\/\\\/schema.org\",\"@graph\":[{\"@type\":\"WebPage\",\"@id\":\"https:\\\/\\\/barcelona.servihonda.es\\\/ca\\\/assegurances-de-moto\\\/\",\"url\":\"https:\\\/\\\/barcelona.servihonda.es\\\/ca\\\/assegurances-de-moto\\\/\",\"name\":\"Asseguran\u00e7a per a motos Honda a Barcelona: Qu\u00e8 tenir en compte?\",\"isPartOf\":{\"@id\":\"https:\\\/\\\/barcelona.servihonda.es\\\/ca\\\/#website\"},\"datePublished\":\"2025-10-07T22:43:45+00:00\",\"dateModified\":\"2025-12-16T16:56:37+00:00\",\"description\":\"Descobreix el nostre servei d\u00b4assegurances de moto Honda a Barcelona. Contacta'ns per sol\u00b7licitar m\u00e9s informaci\u00f3 i contractar la teva asseguran\u00e7a de moto.\",\"breadcrumb\":{\"@id\":\"https:\\\/\\\/barcelona.servihonda.es\\\/ca\\\/assegurances-de-moto\\\/#breadcrumb\"},\"inLanguage\":\"ca\",\"potentialAction\":[{\"@type\":\"ReadAction\",\"target\":[\"https:\\\/\\\/barcelona.servihonda.es\\\/ca\\\/assegurances-de-moto\\\/\"]}]},{\"@type\":\"BreadcrumbList\",\"@id\":\"https:\\\/\\\/barcelona.servihonda.es\\\/ca\\\/assegurances-de-moto\\\/#breadcrumb\",\"itemListElement\":[{\"@type\":\"ListItem\",\"position\":1,\"name\":\"Portada\",\"item\":\"https:\\\/\\\/barcelona.servihonda.es\\\/ca\\\/\"},{\"@type\":\"ListItem\",\"position\":2,\"name\":\"Assegurances de moto\"}]},{\"@type\":\"WebSite\",\"@id\":\"https:\\\/\\\/barcelona.servihonda.es\\\/ca\\\/#website\",\"url\":\"https:\\\/\\\/barcelona.servihonda.es\\\/ca\\\/\",\"name\":\"Servihonda Barcelona\",\"description\":\"\",\"publisher\":{\"@id\":\"https:\\\/\\\/barcelona.servihonda.es\\\/ca\\\/#organization\"},\"potentialAction\":[{\"@type\":\"SearchAction\",\"target\":{\"@type\":\"EntryPoint\",\"urlTemplate\":\"https:\\\/\\\/barcelona.servihonda.es\\\/ca\\\/?s={search_term_string}\"},\"query-input\":{\"@type\":\"PropertyValueSpecification\",\"valueRequired\":true,\"valueName\":\"search_term_string\"}}],\"inLanguage\":\"ca\"},{\"@type\":\"Organization\",\"@id\":\"https:\\\/\\\/barcelona.servihonda.es\\\/ca\\\/#organization\",\"name\":\"Servihonda Barcelona\",\"url\":\"https:\\\/\\\/barcelona.servihonda.es\\\/ca\\\/\",\"logo\":{\"@type\":\"ImageObject\",\"inLanguage\":\"ca\",\"@id\":\"https:\\\/\\\/barcelona.servihonda.es\\\/ca\\\/#\\\/schema\\\/logo\\\/image\\\/\",\"url\":\"https:\\\/\\\/barcelona.servihonda.es\\\/wp-content\\\/uploads\\\/2025\\\/09\\\/logo-servihonda.png\",\"contentUrl\":\"https:\\\/\\\/barcelona.servihonda.es\\\/wp-content\\\/uploads\\\/2025\\\/09\\\/logo-servihonda.png\",\"width\":253,\"height\":72,\"caption\":\"Servihonda Barcelona\"},\"image\":{\"@id\":\"https:\\\/\\\/barcelona.servihonda.es\\\/ca\\\/#\\\/schema\\\/logo\\\/image\\\/\"}}]}<\/script>\n<!-- \/ Yoast SEO plugin. -->","yoast_head_json":{"title":"Asseguran\u00e7a per a motos Honda a Barcelona: Qu\u00e8 tenir en compte?","description":"Descobreix el nostre servei d\u00b4assegurances de moto Honda a Barcelona. Contacta'ns per sol\u00b7licitar m\u00e9s informaci\u00f3 i contractar la teva asseguran\u00e7a de moto.","robots":{"index":"index","follow":"follow","max-snippet":"max-snippet:-1","max-image-preview":"max-image-preview:large","max-video-preview":"max-video-preview:-1"},"canonical":"https:\/\/barcelona.servihonda.es\/ca\/assegurances-de-moto\/","og_locale":"ca_ES","og_type":"article","og_title":"Asseguran\u00e7a per a motos Honda a Barcelona: Qu\u00e8 tenir en compte?","og_description":"Descobreix el nostre servei d\u00b4assegurances de moto Honda a Barcelona. Contacta'ns per sol\u00b7licitar m\u00e9s informaci\u00f3 i contractar la teva asseguran\u00e7a de moto.","og_url":"https:\/\/barcelona.servihonda.es\/ca\/assegurances-de-moto\/","og_site_name":"Servihonda Barcelona","article_modified_time":"2025-12-16T16:56:37+00:00","twitter_card":"summary_large_image","twitter_misc":{"Temps estimat de lectura":"3 minuts"},"schema":{"@context":"https:\/\/schema.org","@graph":[{"@type":"WebPage","@id":"https:\/\/barcelona.servihonda.es\/ca\/assegurances-de-moto\/","url":"https:\/\/barcelona.servihonda.es\/ca\/assegurances-de-moto\/","name":"Asseguran\u00e7a per a motos Honda a Barcelona: Qu\u00e8 tenir en compte?","isPartOf":{"@id":"https:\/\/barcelona.servihonda.es\/ca\/#website"},"datePublished":"2025-10-07T22:43:45+00:00","dateModified":"2025-12-16T16:56:37+00:00","description":"Descobreix el nostre servei d\u00b4assegurances de moto Honda a Barcelona. Contacta'ns per sol\u00b7licitar m\u00e9s informaci\u00f3 i contractar la teva asseguran\u00e7a de moto.","breadcrumb":{"@id":"https:\/\/barcelona.servihonda.es\/ca\/assegurances-de-moto\/#breadcrumb"},"inLanguage":"ca","potentialAction":[{"@type":"ReadAction","target":["https:\/\/barcelona.servihonda.es\/ca\/assegurances-de-moto\/"]}]},{"@type":"BreadcrumbList","@id":"https:\/\/barcelona.servihonda.es\/ca\/assegurances-de-moto\/#breadcrumb","itemListElement":[{"@type":"ListItem","position":1,"name":"Portada","item":"https:\/\/barcelona.servihonda.es\/ca\/"},{"@type":"ListItem","position":2,"name":"Assegurances de moto"}]},{"@type":"WebSite","@id":"https:\/\/barcelona.servihonda.es\/ca\/#website","url":"https:\/\/barcelona.servihonda.es\/ca\/","name":"Servihonda Barcelona","description":"","publisher":{"@id":"https:\/\/barcelona.servihonda.es\/ca\/#organization"},"potentialAction":[{"@type":"SearchAction","target":{"@type":"EntryPoint","urlTemplate":"https:\/\/barcelona.servihonda.es\/ca\/?s={search_term_string}"},"query-input":{"@type":"PropertyValueSpecification","valueRequired":true,"valueName":"search_term_string"}}],"inLanguage":"ca"},{"@type":"Organization","@id":"https:\/\/barcelona.servihonda.es\/ca\/#organization","name":"Servihonda Barcelona","url":"https:\/\/barcelona.servihonda.es\/ca\/","logo":{"@type":"ImageObject","inLanguage":"ca","@id":"https:\/\/barcelona.servihonda.es\/ca\/#\/schema\/logo\/image\/","url":"https:\/\/barcelona.servihonda.es\/wp-content\/uploads\/2025\/09\/logo-servihonda.png","contentUrl":"https:\/\/barcelona.servihonda.es\/wp-content\/uploads\/2025\/09\/logo-servihonda.png","width":253,"height":72,"caption":"Servihonda Barcelona"},"image":{"@id":"https:\/\/barcelona.servihonda.es\/ca\/#\/schema\/logo\/image\/"}}]}},"_links":{"self":[{"href":"https:\/\/barcelona.servihonda.es\/ca\/wp-json\/wp\/v2\/pages\/4560","targetHints":{"allow":["GET"]}}],"collection":[{"href":"https:\/\/barcelona.servihonda.es\/ca\/wp-json\/wp\/v2\/pages"}],"about":[{"href":"https:\/\/barcelona.servihonda.es\/ca\/wp-json\/wp\/v2\/types\/page"}],"author":[{"embeddable":true,"href":"https:\/\/barcelona.servihonda.es\/ca\/wp-json\/wp\/v2\/users\/1"}],"replies":[{"embeddable":true,"href":"https:\/\/barcelona.servihonda.es\/ca\/wp-json\/wp\/v2\/comments?post=4560"}],"version-history":[{"count":7,"href":"https:\/\/barcelona.servihonda.es\/ca\/wp-json\/wp\/v2\/pages\/4560\/revisions"}],"predecessor-version":[{"id":4587,"href":"https:\/\/barcelona.servihonda.es\/ca\/wp-json\/wp\/v2\/pages\/4560\/revisions\/4587"}],"wp:attachment":[{"href":"https:\/\/barcelona.servihonda.es\/ca\/wp-json\/wp\/v2\/media?parent=4560"}],"curies":[{"name":"wp","href":"https:\/\/api.w.org\/{rel}","templated":true}]}}