{"id":4568,"date":"2025-10-08T00:21:49","date_gmt":"2025-10-07T22:21:49","guid":{"rendered":"https:\/\/barcelona.servihonda.es\/promocions-postvenda\/"},"modified":"2025-12-16T18:56:41","modified_gmt":"2025-12-16T16:56:41","slug":"promocions-postvenda","status":"publish","type":"page","link":"https:\/\/barcelona.servihonda.es\/ca\/promocions-postvenda\/","title":{"rendered":"Promocions Postvenda"},"content":{"rendered":"<section class=\"l-section wpb_row section-header height_medium with_img\"><div class=\"l-section-img\" role=\"img\" aria-label=\"fona vision 110 m\u00e0laga\" data-img-width=\"1920\" data-img-height=\"1281\" style=\"background-image: url(https:\/\/barcelona.servihonda.es\/wp-content\/uploads\/2025\/09\/honda-vision-110-malaga-5-scaled.webp);background-repeat: no-repeat;\"><\/div><div class=\"l-section-overlay\" style=\"background:rgba(0,0,0,0.51)\"><\/div><div class=\"l-section-h i-cf\"><div class=\"g-cols vc_row via_flex valign_top type_default stacking_default\"><div class=\"vc_col-sm-12 wpb_column vc_column_container\"><div class=\"vc_column-inner\"><div class=\"wpb_wrapper\"><div class=\"w-vwrapper us_custom_de304e0b align_none valign_top\">[vc_custom_heading text=&#8221;Ofertes Postvenda Honda Motos Barcelona: Serveis de Taller i Recanvis a Preus Competitius&#8221; font_container=&#8221;tag:h1|text_align:left&#8221; use_theme_fonts=&#8221;yes&#8221; css=&#8221;%7B%22default%22%3A%7B%22color%22%3A%22%23fff%22%2C%22max-width%22%3A%221000px%22%7D%7D&#8221;]<div class=\"wpb_text_column us_custom_58ea2695 has_text_color\"><div class=\"wpb_wrapper\"><p><span style=\"font-weight: 400;\">Volem convidar-te a cuidar la teva Honda amb les millors ofertes del mercat. Les nostres promocions de postvenda estan dissenyades perqu\u00e8 puguis mantenir la teva moto en perfecte estat a un preu especial.<\/span><\/p>\n<\/div><\/div><\/div><\/div><\/div><\/div><\/div><\/div><\/section><section class=\"l-section wpb_row height_medium\"><div class=\"l-section-h i-cf\"><div class=\"g-cols vc_row via_flex valign_top type_default stacking_default\"><div class=\"vc_col-sm-6 wpb_column vc_column_container\"><div class=\"vc_column-inner\"><div class=\"wpb_wrapper\">[vc_custom_heading text=&#8221;<strong>Descomptes Diaris<\/strong> en Manteniment i Accessoris&#8221; use_theme_fonts=&#8221;yes&#8221;]<div class=\"wpb_text_column\"><div class=\"wpb_wrapper\"><p><span style=\"font-weight: 400;\">Mantenir la teva moto com el primer dia \u00e9s m\u00e9s f\u00e0cil i assequible amb les ofertes postvenda de Honda Motos a Barcelona.<\/span><\/p>\n<\/div><\/div><div class=\"g-cols wpb_row via_flex valign_top type_default stacking_default\"><div class=\"vc_col-sm-6 wpb_column vc_column_container\"><div class=\"vc_column-inner\"><div class=\"wpb_wrapper\">[vc_custom_heading text=&#8221;Ofertes en Serveis Addicionals&#8221; font_container=&#8221;tag:h3|text_align:left&#8221; use_theme_fonts=&#8221;yes&#8221; css=&#8221;%7B%22default%22%3A%7B%22font-size%22%3A%221rem%22%7D%7D&#8221;]<div class=\"wpb_text_column\"><div class=\"wpb_wrapper\"><p><span style=\"font-weight: 400;\">Publiquem regularment campanyes i descomptes exclusius per al manteniment del teu vehicle. Aix\u00f2 inclou promocions temporals en canvis d&#8217;oli i filtres, substituci\u00f3 de pneum\u00e0tics, kits de transmissi\u00f3 i revisions peri\u00f2diques.<\/span><\/p>\n<\/div><\/div><\/div><\/div><\/div><\/div><\/div><\/div><\/div><div class=\"vc_col-sm-6 wpb_column vc_column_container\"><div class=\"vc_column-inner\"><div class=\"wpb_wrapper\"><div class=\"w-slider style_none fit_cover nav_none has_ratio count_3\" style=\"--aspect-ratio: 4\/3;\"><div class=\"w-slider-h\"><div class=\"royalSlider\"><div class=\"rsContent\"><a class=\"rsImg\" data-rsw=\"1920\" data-rsh=\"1281\" href=\"https:\/\/barcelona.servihonda.es\/wp-content\/uploads\/2025\/11\/25.02.20_SERVIHONDA-BCN-5-scaled.jpg\"><span data-alt=\"promociones postventa en m\u00e1laga\"><\/span><\/a><\/div><div class=\"rsContent\"><a class=\"rsImg\" data-rsw=\"1920\" data-rsh=\"1281\" href=\"https:\/\/barcelona.servihonda.es\/wp-content\/uploads\/2025\/11\/25.02.20_SERVIHONDA-BCN-27-scaled.jpg\"><span data-alt=\"\"><\/span><\/a><\/div><div class=\"rsContent\"><a class=\"rsImg\" data-rsw=\"1920\" data-rsh=\"1281\" href=\"https:\/\/barcelona.servihonda.es\/wp-content\/uploads\/2025\/11\/25.02.20_SERVIHONDA-BCN-24-scaled.jpg\"><span data-alt=\"\"><\/span><\/a><\/div><\/div><img decoding=\"async\" src=\"https:\/\/barcelona.servihonda.es\/wp-content\/uploads\/2025\/11\/25.02.20_SERVIHONDA-BCN-5-scaled.jpg\" width=\"1920\" height=\"1281\" alt=\"promociones postventa en m\u00e1laga\" loading=\"lazy\"><\/div><div class=\"w-slider-json\" onclick='return {&quot;autoScaleSlider&quot;:false,&quot;addActiveClass&quot;:true,&quot;loop&quot;:true,&quot;fadeInLoadedSlide&quot;:false,&quot;slidesSpacing&quot;:0,&quot;imageScalePadding&quot;:0,&quot;numImagesToPreload&quot;:2,&quot;arrowsNav&quot;:true,&quot;arrowsNavAutoHide&quot;:false,&quot;transitionType&quot;:&quot;move&quot;,&quot;transitionSpeed&quot;:250,&quot;block&quot;:{&quot;moveEffect&quot;:&quot;none&quot;,&quot;speed&quot;:300},&quot;thumbs&quot;:{&quot;fitInViewport&quot;:false,&quot;firstMargin&quot;:false,&quot;spacing&quot;:4},&quot;controlNavigation&quot;:&quot;none&quot;}'><\/div><\/div><\/div><\/div><\/div><\/div><\/div><\/section><section class=\"l-section wpb_row height_medium color_alternate with_img\"><div class=\"l-section-img\" role=\"img\" aria-label=\"Imatge\" data-img-width=\"1920\" data-img-height=\"871\" style=\"background-image: url(https:\/\/barcelona.servihonda.es\/wp-content\/uploads\/2025\/09\/fondo-servihonda.jpg);\"><\/div><div class=\"l-section-h i-cf\"><div class=\"g-cols vc_row via_flex valign_top type_default stacking_default\"><div class=\"vc_col-sm-6 wpb_column vc_column_container\"><div class=\"vc_column-inner\"><div class=\"wpb_wrapper\">[vc_custom_heading text=&#8221;Equipament de Motorista en Promoci\u00f3&#8221; use_theme_fonts=&#8221;yes&#8221;]<div class=\"wpb_text_column\"><div class=\"wpb_wrapper\"><p><span style=\"font-weight: 400;\">Les promocions de motos Honda a Barcelona s\u00f3n la nostra manera de premiar la teva fidelitat.<\/span><\/p>\n<\/div><\/div><\/div><\/div><\/div><div class=\"vc_col-sm-6 wpb_column vc_column_container\"><div class=\"vc_column-inner\"><div class=\"wpb_wrapper\">[vc_custom_heading text=&#8221;Boutique amb Marques Premium&#8221; font_container=&#8221;tag:h3|text_align:left&#8221; use_theme_fonts=&#8221;yes&#8221; css=&#8221;%7B%22default%22%3A%7B%22font-size%22%3A%221rem%22%7D%7D&#8221;]<div class=\"wpb_text_column\"><div class=\"wpb_wrapper\"><p><span style=\"font-weight: 400;\">La nostra Boutique a Barcelona ofereix descomptes en accessoris i equipament de marques capdavanteres com Arai, Shoei, AGV, Alpinestars, Rukka, SIDI, Dainese i complements Givi. Segueix-nos a<\/span> <b>@servihondabarcelona<\/b> <span style=\"font-weight: 400;\">per ser el primer a con\u00e8ixer les nostres ofertes de taller i boutique.<\/span><\/p>\n<\/div><\/div><\/div><\/div><\/div><\/div><\/div><\/section><section class=\"l-section wpb_row height_medium width_custom\" style=\"--site-content-width:1280px;\"><div class=\"l-section-h i-cf\"><div class=\"g-cols vc_row via_flex valign_top type_default stacking_default\"><div class=\"vc_col-sm-12 wpb_column vc_column_container\"><div class=\"vc_column-inner\"><div class=\"wpb_wrapper\">[vc_custom_heading text=&#8221;SOL\u00b7LICITUD DE <strong>SERVEI POSTVENDA<\/strong>&#8221; font_container=&#8221;tag:h2|text_align:center&#8221; use_theme_fonts=&#8221;yes&#8221;]\n<div class=\"wpcf7 no-js\" id=\"wpcf7-f5867-o1\" lang=\"ca\" dir=\"ltr\" data-wpcf7-id=\"5867\">\n<div class=\"screen-reader-response\"><p role=\"status\" aria-live=\"polite\" aria-atomic=\"true\"><\/p> <ul><\/ul><\/div>\n<form action=\"\/ca\/wp-json\/wp\/v2\/pages\/4568#wpcf7-f5867-o1\" method=\"post\" class=\"wpcf7-form init wpcf7-acceptance-as-validation\" aria-label=\"Formulari de contacte\" novalidate=\"novalidate\" data-status=\"init\">\n<fieldset class=\"hidden-fields-container\"><input type=\"hidden\" name=\"_wpcf7\" value=\"5867\" \/><input type=\"hidden\" name=\"_wpcf7_version\" value=\"6.1.6\" \/><input type=\"hidden\" name=\"_wpcf7_locale\" value=\"ca\" \/><input type=\"hidden\" name=\"_wpcf7_unit_tag\" value=\"wpcf7-f5867-o1\" \/><input type=\"hidden\" name=\"_wpcf7_container_post\" value=\"0\" \/><input type=\"hidden\" name=\"_wpcf7_posted_data_hash\" value=\"\" \/><input type=\"hidden\" name=\"_wpcf7_recaptcha_response\" value=\"\" \/>\n<\/fieldset>\n<div class=\"cf-container\">\n<div class=\"cf-col-6\"><label> Seleccioneu un concessionari<span class=\"wpcf7-form-control-wrap\" data-name=\"destinatario\"><select class=\"wpcf7-form-control wpcf7-select wpcf7-validates-as-required\" aria-required=\"true\" aria-invalid=\"false\" name=\"destinatario\"><option value=\"Servihonda C\/ Llull\">Servihonda C\/ Llull<\/option><option value=\"Servihonda C\/Pau Claris\">Servihonda C\/Pau Claris<\/option><option value=\"Servihonda C\/Mallorca\">Servihonda C\/Mallorca<\/option><\/select><\/span> <\/label><\/div>\n\n<div class=\"cf-col-6\"><label> Nom*\n<span class=\"wpcf7-form-control-wrap\" data-name=\"your-name\"><input size=\"40\" maxlength=\"400\" class=\"wpcf7-form-control wpcf7-text wpcf7-validates-as-required\" aria-required=\"true\" aria-invalid=\"false\" value=\"\" type=\"text\" name=\"your-name\" \/><\/span> <\/label><\/div>\n\n<div class=\"cf-col-6\"><label> Email*\n    <span class=\"wpcf7-form-control-wrap\" data-name=\"your-email\"><input size=\"40\" maxlength=\"400\" class=\"wpcf7-form-control wpcf7-email wpcf7-validates-as-required wpcf7-text wpcf7-validates-as-email\" aria-required=\"true\" aria-invalid=\"false\" value=\"\" type=\"email\" name=\"your-email\" \/><\/span> <\/label><\/div>\n\n<div class=\"cf-col-6\"><label> Tel\u00e8fon*\n<span class=\"wpcf7-form-control-wrap\" data-name=\"tel-931\"><input size=\"40\" maxlength=\"400\" class=\"wpcf7-form-control wpcf7-tel wpcf7-validates-as-required wpcf7-text wpcf7-validates-as-tel\" aria-required=\"true\" aria-invalid=\"false\" value=\"\" type=\"tel\" name=\"tel-931\" \/><\/span><\/label><\/div>\n\n<div class=\"cf-col-12\"><label> Assumpte*\n    <span class=\"wpcf7-form-control-wrap\" data-name=\"your-subject\"><input size=\"40\" maxlength=\"400\" class=\"wpcf7-form-control wpcf7-text wpcf7-validates-as-required\" aria-required=\"true\" aria-invalid=\"false\" value=\"\" type=\"text\" name=\"your-subject\" \/><\/span> <\/label><\/div>\n\n<div class=\"cf-col-12\"><label> Missatge (requerit)\n    <span class=\"wpcf7-form-control-wrap\" data-name=\"your-message\"><textarea cols=\"40\" rows=\"10\" maxlength=\"2000\" class=\"wpcf7-form-control wpcf7-textarea wpcf7-validates-as-required\" aria-required=\"true\" aria-invalid=\"false\" name=\"your-message\"><\/textarea><\/span> <\/label><\/div>\n\n<div class=\"cf-col-12 privacy-policy\"><label for=\"legal\"><span class=\"wpcf7-form-control-wrap\" data-name=\"legal\"><span class=\"wpcf7-form-control wpcf7-acceptance\"><span class=\"wpcf7-list-item\"><label><input type=\"checkbox\" name=\"legal\" value=\"1\" id=\"legal\" aria-invalid=\"false\" \/><span class=\"wpcf7-list-item-label\">He llegit i accepto la <a href=\"https:\/\/barcelona.servihonda.es\/ca\/politica-de-privadesa\/\">Pol\u00edtica de Privadesa<\/a> i l' <a href=\"https:\/\/barcelona.servihonda.es\/ca\/avis-legal\/\">Av\u00eds Legal<\/a>.<\/span><\/label><\/span><\/span><\/span><\/label><\/div>\n\n<input class=\"wpcf7-form-control wpcf7-submit has-spinner\" type=\"submit\" value=\"Enviar\" \/>\n<\/div><div class=\"wpcf7-response-output\" aria-hidden=\"true\"><\/div>\n<\/form>\n<\/div>\n<\/div><\/div><\/div><\/div><\/div><\/section>\n","protected":false},"excerpt":{"rendered":"[vc_custom_heading text=\"Ofertes Postvenda Honda Motos Barcelona: Serveis de Taller i Recanvis a Preus Competitius\" font_container=\"tag:h1|text_align:left\" use_theme_fonts=\"yes\" css=\"%7B%22default%22%3A%7B%22color%22%3A%22%23fff%22%2C%22max-width%22%3A%221000px%22%7D%7D\"]Volem convidar-te a cuidar la teva Honda amb les millors ofertes del mercat. Les nostres promocions de postvenda estan dissenyades perqu\u00e8 puguis mantenir la teva moto en perfecte estat a un preu especial. [vc_custom_heading text=\"Descomptes Diaris en Manteniment i...","protected":false},"author":1,"featured_media":0,"parent":0,"menu_order":0,"comment_status":"closed","ping_status":"closed","template":"","meta":{"_acf_changed":false,"footnotes":""},"class_list":["post-4568","page","type-page","status-publish","hentry"],"acf":[],"yoast_head":"<!-- This site is optimized with the Yoast SEO plugin v27.6 - https:\/\/yoast.com\/product\/yoast-seo-wordpress\/ -->\n<title>Promocions postvenda motos Honda a Barcelona | Ofertes postvenda<\/title>\n<meta name=\"description\" content=\"Descobreix les nostres promocions postvenda motos Honda a Barcelona. Comptem amb gran varietat d&#039;ofertes postvenda Honda Motos a Servihonda.\" \/>\n<meta name=\"robots\" content=\"index, follow, max-snippet:-1, max-image-preview:large, max-video-preview:-1\" \/>\n<link rel=\"canonical\" href=\"https:\/\/barcelona.servihonda.es\/ca\/promocions-postvenda\/\" \/>\n<meta property=\"og:locale\" content=\"ca_ES\" \/>\n<meta property=\"og:type\" content=\"article\" \/>\n<meta property=\"og:title\" content=\"Promocions postvenda motos Honda a Barcelona | Ofertes postvenda\" \/>\n<meta property=\"og:description\" content=\"Descobreix les nostres promocions postvenda motos Honda a Barcelona. Comptem amb gran varietat d&#039;ofertes postvenda Honda Motos a Servihonda.\" \/>\n<meta property=\"og:url\" content=\"https:\/\/barcelona.servihonda.es\/ca\/promocions-postvenda\/\" \/>\n<meta property=\"og:site_name\" content=\"Servihonda Barcelona\" \/>\n<meta property=\"article:modified_time\" content=\"2025-12-16T16:56:41+00:00\" \/>\n<meta name=\"twitter:card\" content=\"summary_large_image\" \/>\n<meta name=\"twitter:label1\" content=\"Temps estimat de lectura\" \/>\n\t<meta name=\"twitter:data1\" content=\"3 minuts\" \/>\n<script type=\"application\/ld+json\" class=\"yoast-schema-graph\">{\"@context\":\"https:\\\/\\\/schema.org\",\"@graph\":[{\"@type\":\"WebPage\",\"@id\":\"https:\\\/\\\/barcelona.servihonda.es\\\/ca\\\/promocions-postvenda\\\/\",\"url\":\"https:\\\/\\\/barcelona.servihonda.es\\\/ca\\\/promocions-postvenda\\\/\",\"name\":\"Promocions postvenda motos Honda a Barcelona | Ofertes postvenda\",\"isPartOf\":{\"@id\":\"https:\\\/\\\/barcelona.servihonda.es\\\/ca\\\/#website\"},\"datePublished\":\"2025-10-07T22:21:49+00:00\",\"dateModified\":\"2025-12-16T16:56:41+00:00\",\"description\":\"Descobreix les nostres promocions postvenda motos Honda a Barcelona. Comptem amb gran varietat d'ofertes postvenda Honda Motos a Servihonda.\",\"breadcrumb\":{\"@id\":\"https:\\\/\\\/barcelona.servihonda.es\\\/ca\\\/promocions-postvenda\\\/#breadcrumb\"},\"inLanguage\":\"ca\",\"potentialAction\":[{\"@type\":\"ReadAction\",\"target\":[\"https:\\\/\\\/barcelona.servihonda.es\\\/ca\\\/promocions-postvenda\\\/\"]}]},{\"@type\":\"BreadcrumbList\",\"@id\":\"https:\\\/\\\/barcelona.servihonda.es\\\/ca\\\/promocions-postvenda\\\/#breadcrumb\",\"itemListElement\":[{\"@type\":\"ListItem\",\"position\":1,\"name\":\"Portada\",\"item\":\"https:\\\/\\\/barcelona.servihonda.es\\\/ca\\\/\"},{\"@type\":\"ListItem\",\"position\":2,\"name\":\"Promocions Postvenda\"}]},{\"@type\":\"WebSite\",\"@id\":\"https:\\\/\\\/barcelona.servihonda.es\\\/ca\\\/#website\",\"url\":\"https:\\\/\\\/barcelona.servihonda.es\\\/ca\\\/\",\"name\":\"Servihonda Barcelona\",\"description\":\"\",\"publisher\":{\"@id\":\"https:\\\/\\\/barcelona.servihonda.es\\\/ca\\\/#organization\"},\"potentialAction\":[{\"@type\":\"SearchAction\",\"target\":{\"@type\":\"EntryPoint\",\"urlTemplate\":\"https:\\\/\\\/barcelona.servihonda.es\\\/ca\\\/?s={search_term_string}\"},\"query-input\":{\"@type\":\"PropertyValueSpecification\",\"valueRequired\":true,\"valueName\":\"search_term_string\"}}],\"inLanguage\":\"ca\"},{\"@type\":\"Organization\",\"@id\":\"https:\\\/\\\/barcelona.servihonda.es\\\/ca\\\/#organization\",\"name\":\"Servihonda Barcelona\",\"url\":\"https:\\\/\\\/barcelona.servihonda.es\\\/ca\\\/\",\"logo\":{\"@type\":\"ImageObject\",\"inLanguage\":\"ca\",\"@id\":\"https:\\\/\\\/barcelona.servihonda.es\\\/ca\\\/#\\\/schema\\\/logo\\\/image\\\/\",\"url\":\"https:\\\/\\\/barcelona.servihonda.es\\\/wp-content\\\/uploads\\\/2025\\\/09\\\/logo-servihonda.png\",\"contentUrl\":\"https:\\\/\\\/barcelona.servihonda.es\\\/wp-content\\\/uploads\\\/2025\\\/09\\\/logo-servihonda.png\",\"width\":253,\"height\":72,\"caption\":\"Servihonda Barcelona\"},\"image\":{\"@id\":\"https:\\\/\\\/barcelona.servihonda.es\\\/ca\\\/#\\\/schema\\\/logo\\\/image\\\/\"}}]}<\/script>\n<!-- \/ Yoast SEO plugin. -->","yoast_head_json":{"title":"Promocions postvenda motos Honda a Barcelona | Ofertes postvenda","description":"Descobreix les nostres promocions postvenda motos Honda a Barcelona. Comptem amb gran varietat d'ofertes postvenda Honda Motos a Servihonda.","robots":{"index":"index","follow":"follow","max-snippet":"max-snippet:-1","max-image-preview":"max-image-preview:large","max-video-preview":"max-video-preview:-1"},"canonical":"https:\/\/barcelona.servihonda.es\/ca\/promocions-postvenda\/","og_locale":"ca_ES","og_type":"article","og_title":"Promocions postvenda motos Honda a Barcelona | Ofertes postvenda","og_description":"Descobreix les nostres promocions postvenda motos Honda a Barcelona. Comptem amb gran varietat d'ofertes postvenda Honda Motos a Servihonda.","og_url":"https:\/\/barcelona.servihonda.es\/ca\/promocions-postvenda\/","og_site_name":"Servihonda Barcelona","article_modified_time":"2025-12-16T16:56:41+00:00","twitter_card":"summary_large_image","twitter_misc":{"Temps estimat de lectura":"3 minuts"},"schema":{"@context":"https:\/\/schema.org","@graph":[{"@type":"WebPage","@id":"https:\/\/barcelona.servihonda.es\/ca\/promocions-postvenda\/","url":"https:\/\/barcelona.servihonda.es\/ca\/promocions-postvenda\/","name":"Promocions postvenda motos Honda a Barcelona | Ofertes postvenda","isPartOf":{"@id":"https:\/\/barcelona.servihonda.es\/ca\/#website"},"datePublished":"2025-10-07T22:21:49+00:00","dateModified":"2025-12-16T16:56:41+00:00","description":"Descobreix les nostres promocions postvenda motos Honda a Barcelona. Comptem amb gran varietat d'ofertes postvenda Honda Motos a Servihonda.","breadcrumb":{"@id":"https:\/\/barcelona.servihonda.es\/ca\/promocions-postvenda\/#breadcrumb"},"inLanguage":"ca","potentialAction":[{"@type":"ReadAction","target":["https:\/\/barcelona.servihonda.es\/ca\/promocions-postvenda\/"]}]},{"@type":"BreadcrumbList","@id":"https:\/\/barcelona.servihonda.es\/ca\/promocions-postvenda\/#breadcrumb","itemListElement":[{"@type":"ListItem","position":1,"name":"Portada","item":"https:\/\/barcelona.servihonda.es\/ca\/"},{"@type":"ListItem","position":2,"name":"Promocions Postvenda"}]},{"@type":"WebSite","@id":"https:\/\/barcelona.servihonda.es\/ca\/#website","url":"https:\/\/barcelona.servihonda.es\/ca\/","name":"Servihonda Barcelona","description":"","publisher":{"@id":"https:\/\/barcelona.servihonda.es\/ca\/#organization"},"potentialAction":[{"@type":"SearchAction","target":{"@type":"EntryPoint","urlTemplate":"https:\/\/barcelona.servihonda.es\/ca\/?s={search_term_string}"},"query-input":{"@type":"PropertyValueSpecification","valueRequired":true,"valueName":"search_term_string"}}],"inLanguage":"ca"},{"@type":"Organization","@id":"https:\/\/barcelona.servihonda.es\/ca\/#organization","name":"Servihonda Barcelona","url":"https:\/\/barcelona.servihonda.es\/ca\/","logo":{"@type":"ImageObject","inLanguage":"ca","@id":"https:\/\/barcelona.servihonda.es\/ca\/#\/schema\/logo\/image\/","url":"https:\/\/barcelona.servihonda.es\/wp-content\/uploads\/2025\/09\/logo-servihonda.png","contentUrl":"https:\/\/barcelona.servihonda.es\/wp-content\/uploads\/2025\/09\/logo-servihonda.png","width":253,"height":72,"caption":"Servihonda Barcelona"},"image":{"@id":"https:\/\/barcelona.servihonda.es\/ca\/#\/schema\/logo\/image\/"}}]}},"_links":{"self":[{"href":"https:\/\/barcelona.servihonda.es\/ca\/wp-json\/wp\/v2\/pages\/4568","targetHints":{"allow":["GET"]}}],"collection":[{"href":"https:\/\/barcelona.servihonda.es\/ca\/wp-json\/wp\/v2\/pages"}],"about":[{"href":"https:\/\/barcelona.servihonda.es\/ca\/wp-json\/wp\/v2\/types\/page"}],"author":[{"embeddable":true,"href":"https:\/\/barcelona.servihonda.es\/ca\/wp-json\/wp\/v2\/users\/1"}],"replies":[{"embeddable":true,"href":"https:\/\/barcelona.servihonda.es\/ca\/wp-json\/wp\/v2\/comments?post=4568"}],"version-history":[{"count":7,"href":"https:\/\/barcelona.servihonda.es\/ca\/wp-json\/wp\/v2\/pages\/4568\/revisions"}],"predecessor-version":[{"id":4593,"href":"https:\/\/barcelona.servihonda.es\/ca\/wp-json\/wp\/v2\/pages\/4568\/revisions\/4593"}],"wp:attachment":[{"href":"https:\/\/barcelona.servihonda.es\/ca\/wp-json\/wp\/v2\/media?parent=4568"}],"curies":[{"name":"wp","href":"https:\/\/api.w.org\/{rel}","templated":true}]}}