{"id":4594,"date":"2025-10-07T23:50:04","date_gmt":"2025-10-07T21:50:04","guid":{"rendered":"https:\/\/barcelona.servihonda.es\/serveis-postvenda\/"},"modified":"2025-12-16T18:56:51","modified_gmt":"2025-12-16T16:56:51","slug":"serveis-postvenda","status":"publish","type":"page","link":"https:\/\/barcelona.servihonda.es\/ca\/serveis-postvenda\/","title":{"rendered":"Serveis postvenda"},"content":{"rendered":"<section class=\"l-section wpb_row section-header height_medium with_img\"><div class=\"l-section-img\" role=\"img\" aria-label=\"fonda africa twin adventure sports barcelona\" data-img-width=\"1920\" data-img-height=\"1080\" style=\"background-image: url(https:\/\/barcelona.servihonda.es\/wp-content\/uploads\/2025\/09\/honda-africa-twin-adventure-sports-malaga-1-scaled.jpeg);background-repeat: no-repeat;\"><\/div><div class=\"l-section-overlay\" style=\"background:rgba(0,0,0,0.51)\"><\/div><div class=\"l-section-h i-cf\"><div class=\"g-cols vc_row via_flex valign_top type_default stacking_default\"><div class=\"vc_col-sm-12 wpb_column vc_column_container\"><div class=\"vc_column-inner\"><div class=\"wpb_wrapper\"><div class=\"w-vwrapper us_custom_de304e0b align_none valign_top\">[vc_custom_heading text=&#8221;<strong>Serveis postvenda<\/strong> Honda a Barcelona: Manteniment i reparacions d&apos;excel\u00b7l\u00e8ncia&#8221; font_container=&#8221;tag:h1|text_align:left&#8221; use_theme_fonts=&#8221;yes&#8221; css=&#8221;%7B%22default%22%3A%7B%22color%22%3A%22%23fff%22%2C%22max-width%22%3A%221000px%22%7D%7D&#8221;]<div class=\"wpb_text_column us_custom_58ea2695 has_text_color\"><div class=\"wpb_wrapper\"><p><span style=\"font-weight: 400;\">Entenem que la vostra Honda \u00e9s una font d&#8217;experi\u00e8ncies i emocions. El nostre servei postvenda \u00e9s un pilar fonamental per garantir que cada quil\u00f2metre que recorris sigui segur i fiable, amb un tracte proper, professional i totalment personalitzat. <\/span><\/p>\n<\/div><\/div><\/div><\/div><\/div><\/div><\/div><\/div><\/section><section class=\"l-section wpb_row height_medium\"><div class=\"l-section-h i-cf\"><div class=\"g-cols vc_row via_flex valign_top type_default stacking_default\"><div class=\"vc_col-sm-6 wpb_column vc_column_container\"><div class=\"vc_column-inner\"><div class=\"wpb_wrapper\">[vc_custom_heading text=&#8221;<strong>Taller Oficial Honda<\/strong> de refer\u00e8ncia a Barcelona&#8221; use_theme_fonts=&#8221;yes&#8221;]<div class=\"wpb_text_column\"><div class=\"wpb_wrapper\"><p><span style=\"font-weight: 400;\">Confiar la cura de la teva moto al nostre Taller Oficial \u00e9s la millor decisi\u00f3. Comptem amb tres ubicacions estrat\u00e8giques a Barcelona (Pau Claris, Mallorca, Llull). <\/span><\/p>\n<\/div><\/div><div class=\"g-cols wpb_row via_flex valign_top type_default stacking_default\"><div class=\"vc_col-sm-6 wpb_column vc_column_container\"><div class=\"vc_column-inner\"><div class=\"wpb_wrapper\">[vc_custom_heading text=&#8221;Horari ampliat al Carrer Llull&#8221; font_container=&#8221;tag:h3|text_align:left&#8221; use_theme_fonts=&#8221;yes&#8221; css=&#8221;%7B%22default%22%3A%7B%22font-size%22%3A%221rem%22%7D%7D&#8221;]<div class=\"wpb_text_column\"><div class=\"wpb_wrapper\"><p><span style=\"font-weight: 400;\">El nostre taller oficial al Carrer Llull no tanca al migdia, oferint-te m\u00e9s flexibilitat.<\/span><\/p>\n<\/div><\/div><\/div><\/div><\/div><div class=\"vc_col-sm-6 wpb_column vc_column_container\"><div class=\"vc_column-inner\"><div class=\"wpb_wrapper\">[vc_custom_heading text=&#8221;Gamma Completa de Serveis de Taller&#8221; font_container=&#8221;tag:h3|text_align:left&#8221; use_theme_fonts=&#8221;yes&#8221; css=&#8221;%7B%22default%22%3A%7B%22font-size%22%3A%221rem%22%7D%7D&#8221;]<div class=\"wpb_text_column\"><div class=\"wpb_wrapper\"><p><span style=\"font-weight: 400;\">Oferim Revisi\u00f3 oficial Honda, Canvi d&#8217;Oli i Filtres, Revisi\u00f3 i Canvi de Pneum\u00e0tics, Ajust de Suspensions i Frens, i Diagn\u00f2stic Electr\u00f2nic.<\/span><\/p>\n<\/div><\/div><\/div><\/div><\/div><\/div><\/div><\/div><\/div><div class=\"vc_col-sm-6 wpb_column vc_column_container\"><div class=\"vc_column-inner\"><div class=\"wpb_wrapper\"><div class=\"w-slider style_none fit_cover nav_none has_ratio count_3\" style=\"--aspect-ratio: 16\/9;\"><div class=\"w-slider-h\"><div class=\"royalSlider\"><div class=\"rsContent\"><a class=\"rsImg\" data-rsw=\"1920\" data-rsh=\"1281\" href=\"https:\/\/barcelona.servihonda.es\/wp-content\/uploads\/2025\/11\/25.02.20_SERVIHONDA-BCN-23-scaled.jpg\"><span data-alt=\"mantenimiento motos honda barcelona\"><\/span><\/a><\/div><div class=\"rsContent\"><a class=\"rsImg\" data-rsw=\"1920\" data-rsh=\"1548\" href=\"https:\/\/barcelona.servihonda.es\/wp-content\/uploads\/2025\/11\/25.02.20_SERVIHONDA-BCN-21-2-scaled.jpg\"><span data-alt=\"mantenimiento motos honda barcelona\"><\/span><\/a><\/div><div class=\"rsContent\"><a class=\"rsImg\" data-rsw=\"1920\" data-rsh=\"1281\" href=\"https:\/\/barcelona.servihonda.es\/wp-content\/uploads\/2025\/11\/25.02.20_SERVIHONDA-BCN-16-1-scaled.jpg\"><span data-alt=\"mantenimiento motos honda barcelona\"><\/span><\/a><\/div><\/div><img decoding=\"async\" src=\"https:\/\/barcelona.servihonda.es\/wp-content\/uploads\/2025\/11\/25.02.20_SERVIHONDA-BCN-23-scaled.jpg\" width=\"1920\" height=\"1281\" alt=\"mantenimiento motos honda barcelona\" loading=\"lazy\"><\/div><div class=\"w-slider-json\" onclick='return {&quot;autoScaleSlider&quot;:false,&quot;addActiveClass&quot;:true,&quot;loop&quot;:true,&quot;fadeInLoadedSlide&quot;:false,&quot;slidesSpacing&quot;:0,&quot;imageScalePadding&quot;:0,&quot;numImagesToPreload&quot;:2,&quot;arrowsNav&quot;:true,&quot;arrowsNavAutoHide&quot;:false,&quot;transitionType&quot;:&quot;move&quot;,&quot;transitionSpeed&quot;:250,&quot;block&quot;:{&quot;moveEffect&quot;:&quot;none&quot;,&quot;speed&quot;:300},&quot;thumbs&quot;:{&quot;fitInViewport&quot;:false,&quot;firstMargin&quot;:false,&quot;spacing&quot;:4},&quot;controlNavigation&quot;:&quot;none&quot;}'><\/div><\/div><\/div><\/div><\/div><\/div><\/div><\/section><section class=\"l-section wpb_row height_medium color_alternate with_img\"><div class=\"l-section-img\" role=\"img\" aria-label=\"Imatge\" data-img-width=\"1920\" data-img-height=\"871\" style=\"background-image: url(https:\/\/barcelona.servihonda.es\/wp-content\/uploads\/2025\/09\/fondo-servihonda.jpg);\"><\/div><div class=\"l-section-h i-cf\"><div class=\"g-cols vc_row via_flex valign_top type_default stacking_default\"><div class=\"vc_col-sm-12 wpb_column vc_column_container\"><div class=\"vc_column-inner\"><div class=\"wpb_wrapper\"><div class=\"g-cols wpb_row via_flex valign_top type_default stacking_default\"><div class=\"vc_col-sm-6 wpb_column vc_column_container\"><div class=\"vc_column-inner\"><div class=\"wpb_wrapper\">[vc_custom_heading text=&#8221;<strong>Peces Originals<\/strong> i Cita Pr\u00e8via&#8221; font_container=&#8221;tag:h3|text_align:left&#8221; use_theme_fonts=&#8221;yes&#8221; css=&#8221;%7B%22default%22%3A%7B%22font-size%22%3A%221rem%22%7D%7D&#8221;]<div class=\"wpb_text_column\"><div class=\"wpb_wrapper\"><p><span style=\"font-weight: 400;\">Des d&#8217;una revisi\u00f3 peri\u00f2dica fins a les reparacions m\u00e9s espec\u00edfiques, el nostre equip est\u00e0 preparat per oferir-vos un servei de la m\u00e9s alta qualitat.<\/span><\/p>\n<\/div><\/div><\/div><\/div><\/div><div class=\"vc_col-sm-6 wpb_column vc_column_container\"><div class=\"vc_column-inner\"><div class=\"wpb_wrapper\">[vc_custom_heading text=&#8221;\u00das Exclusiu de Recanvis Originals&#8221; font_container=&#8221;tag:h3|text_align:left&#8221; use_theme_fonts=&#8221;yes&#8221; css=&#8221;%7B%22default%22%3A%7B%22font-size%22%3A%221rem%22%7D%7D&#8221;]<div class=\"wpb_text_column\"><div class=\"wpb_wrapper\"><p><span style=\"font-weight: 400;\">Utilitzem exclusivament<\/span> <b>Recanvis Originals Honda<\/b> <span style=\"font-weight: 400;\">per garantir el funcionament \u00f2ptim. Per sol\u00b7licitar cita, contacta&#8217;ns a trav\u00e9s del n\u00famero de tel\u00e8fon<\/span> <a href=\"tel:936%2046%2006%2000\" target=\"_blank\" rel=\"noopener\"><b>936 46 06 00<\/b><\/a> <span style=\"font-weight: 400;\">o per WhatsApp<\/span> <a href=\"tel:661%20504%20343\" target=\"_blank\" rel=\"noopener\"><b>661 504 343<\/b><\/a> <span style=\"font-weight: 400;\">.<\/span><\/p>\n<\/div><\/div><\/div><\/div><\/div><\/div><\/div><\/div><\/div><\/div><\/div><\/section><section class=\"l-section wpb_row height_medium width_custom\" style=\"--site-content-width:1280px;\"><div class=\"l-section-h i-cf\"><div class=\"g-cols vc_row via_flex valign_top type_default stacking_default\"><div class=\"vc_col-sm-12 wpb_column vc_column_container\"><div class=\"vc_column-inner\"><div class=\"wpb_wrapper\">[vc_custom_heading text=&#8221;SOL\u00b7LICITUD DE <strong>SERVEIS POSTVENDA<\/strong>&#8221; font_container=&#8221;tag:h2|text_align:center&#8221; use_theme_fonts=&#8221;yes&#8221;]\n<div class=\"wpcf7 no-js\" id=\"wpcf7-f5867-o1\" lang=\"ca\" dir=\"ltr\" data-wpcf7-id=\"5867\">\n<div class=\"screen-reader-response\"><p role=\"status\" aria-live=\"polite\" aria-atomic=\"true\"><\/p> <ul><\/ul><\/div>\n<form action=\"\/ca\/wp-json\/wp\/v2\/pages\/4594#wpcf7-f5867-o1\" method=\"post\" class=\"wpcf7-form init wpcf7-acceptance-as-validation\" aria-label=\"Formulari de contacte\" novalidate=\"novalidate\" data-status=\"init\">\n<fieldset class=\"hidden-fields-container\"><input type=\"hidden\" name=\"_wpcf7\" value=\"5867\" \/><input type=\"hidden\" name=\"_wpcf7_version\" value=\"6.1.6\" \/><input type=\"hidden\" name=\"_wpcf7_locale\" value=\"ca\" \/><input type=\"hidden\" name=\"_wpcf7_unit_tag\" value=\"wpcf7-f5867-o1\" \/><input type=\"hidden\" name=\"_wpcf7_container_post\" value=\"0\" \/><input type=\"hidden\" name=\"_wpcf7_posted_data_hash\" value=\"\" \/><input type=\"hidden\" name=\"_wpcf7_recaptcha_response\" value=\"\" \/>\n<\/fieldset>\n<div class=\"cf-container\">\n<div class=\"cf-col-6\"><label> Seleccioneu un concessionari<span class=\"wpcf7-form-control-wrap\" data-name=\"destinatario\"><select class=\"wpcf7-form-control wpcf7-select wpcf7-validates-as-required\" aria-required=\"true\" aria-invalid=\"false\" name=\"destinatario\"><option value=\"Servihonda C\/ Llull\">Servihonda C\/ Llull<\/option><option value=\"Servihonda C\/Pau Claris\">Servihonda C\/Pau Claris<\/option><option value=\"Servihonda C\/Mallorca\">Servihonda C\/Mallorca<\/option><\/select><\/span> <\/label><\/div>\n\n<div class=\"cf-col-6\"><label> Nom*\n<span class=\"wpcf7-form-control-wrap\" data-name=\"your-name\"><input size=\"40\" maxlength=\"400\" class=\"wpcf7-form-control wpcf7-text wpcf7-validates-as-required\" aria-required=\"true\" aria-invalid=\"false\" value=\"\" type=\"text\" name=\"your-name\" \/><\/span> <\/label><\/div>\n\n<div class=\"cf-col-6\"><label> Email*\n    <span class=\"wpcf7-form-control-wrap\" data-name=\"your-email\"><input size=\"40\" maxlength=\"400\" class=\"wpcf7-form-control wpcf7-email wpcf7-validates-as-required wpcf7-text wpcf7-validates-as-email\" aria-required=\"true\" aria-invalid=\"false\" value=\"\" type=\"email\" name=\"your-email\" \/><\/span> <\/label><\/div>\n\n<div class=\"cf-col-6\"><label> Tel\u00e8fon*\n<span class=\"wpcf7-form-control-wrap\" data-name=\"tel-931\"><input size=\"40\" maxlength=\"400\" class=\"wpcf7-form-control wpcf7-tel wpcf7-validates-as-required wpcf7-text wpcf7-validates-as-tel\" aria-required=\"true\" aria-invalid=\"false\" value=\"\" type=\"tel\" name=\"tel-931\" \/><\/span><\/label><\/div>\n\n<div class=\"cf-col-12\"><label> Assumpte*\n    <span class=\"wpcf7-form-control-wrap\" data-name=\"your-subject\"><input size=\"40\" maxlength=\"400\" class=\"wpcf7-form-control wpcf7-text wpcf7-validates-as-required\" aria-required=\"true\" aria-invalid=\"false\" value=\"\" type=\"text\" name=\"your-subject\" \/><\/span> <\/label><\/div>\n\n<div class=\"cf-col-12\"><label> Missatge (requerit)\n    <span class=\"wpcf7-form-control-wrap\" data-name=\"your-message\"><textarea cols=\"40\" rows=\"10\" maxlength=\"2000\" class=\"wpcf7-form-control wpcf7-textarea wpcf7-validates-as-required\" aria-required=\"true\" aria-invalid=\"false\" name=\"your-message\"><\/textarea><\/span> <\/label><\/div>\n\n<div class=\"cf-col-12 privacy-policy\"><label for=\"legal\"><span class=\"wpcf7-form-control-wrap\" data-name=\"legal\"><span class=\"wpcf7-form-control wpcf7-acceptance\"><span class=\"wpcf7-list-item\"><label><input type=\"checkbox\" name=\"legal\" value=\"1\" id=\"legal\" aria-invalid=\"false\" \/><span class=\"wpcf7-list-item-label\">He llegit i accepto la <a href=\"https:\/\/barcelona.servihonda.es\/ca\/politica-de-privadesa\/\">Pol\u00edtica de Privadesa<\/a> i l' <a href=\"https:\/\/barcelona.servihonda.es\/ca\/avis-legal\/\">Av\u00eds Legal<\/a>.<\/span><\/label><\/span><\/span><\/span><\/label><\/div>\n\n<input class=\"wpcf7-form-control wpcf7-submit has-spinner\" type=\"submit\" value=\"Enviar\" \/>\n<\/div><div class=\"wpcf7-response-output\" aria-hidden=\"true\"><\/div>\n<\/form>\n<\/div>\n<\/div><\/div><\/div><\/div><\/div><\/section>\n","protected":false},"excerpt":{"rendered":"[vc_custom_heading text=\"Serveis postvenda Honda a Barcelona: Manteniment i reparacions d&apos;excel\u00b7l\u00e8ncia\" font_container=\"tag:h1|text_align:left\" use_theme_fonts=\"yes\" css=\"%7B%22default%22%3A%7B%22color%22%3A%22%23fff%22%2C%22max-width%22%3A%221000px%22%7D%7D\"]Entenem que la vostra Honda \u00e9s una font d&#8217;experi\u00e8ncies i emocions. El nostre servei postvenda \u00e9s un pilar fonamental per garantir que cada quil\u00f2metre que recorris sigui segur i fiable, amb un tracte proper, professional i totalment personalitzat. [vc_custom_heading text=\"Taller Oficial Honda de...","protected":false},"author":1,"featured_media":0,"parent":0,"menu_order":0,"comment_status":"closed","ping_status":"closed","template":"","meta":{"_acf_changed":false,"footnotes":""},"class_list":["post-4594","page","type-page","status-publish","hentry"],"acf":[],"yoast_head":"<!-- This site is optimized with the Yoast SEO plugin v27.6 - https:\/\/yoast.com\/product\/yoast-seo-wordpress\/ -->\n<title>Manteniment de motos Honda a Barcelona | Reparacions motos<\/title>\n<meta name=\"description\" content=\"Oferim serveis postvenda com el manteniment de motos Honda a Barcelona. Si busques reparacions motos Honda, confia en nosaltres.\" \/>\n<meta name=\"robots\" content=\"index, follow, max-snippet:-1, max-image-preview:large, max-video-preview:-1\" \/>\n<link rel=\"canonical\" href=\"https:\/\/barcelona.servihonda.es\/ca\/serveis-postvenda\/\" \/>\n<meta property=\"og:locale\" content=\"ca_ES\" \/>\n<meta property=\"og:type\" content=\"article\" \/>\n<meta property=\"og:title\" content=\"Manteniment de motos Honda a Barcelona | Reparacions motos\" \/>\n<meta property=\"og:description\" content=\"Oferim serveis postvenda com el manteniment de motos Honda a Barcelona. Si busques reparacions motos Honda, confia en nosaltres.\" \/>\n<meta property=\"og:url\" content=\"https:\/\/barcelona.servihonda.es\/ca\/serveis-postvenda\/\" \/>\n<meta property=\"og:site_name\" content=\"Servihonda Barcelona\" \/>\n<meta property=\"article:modified_time\" content=\"2025-12-16T16:56:51+00:00\" \/>\n<meta name=\"twitter:card\" content=\"summary_large_image\" \/>\n<meta name=\"twitter:label1\" content=\"Temps estimat de lectura\" \/>\n\t<meta name=\"twitter:data1\" content=\"3 minuts\" \/>\n<script type=\"application\/ld+json\" class=\"yoast-schema-graph\">{\"@context\":\"https:\\\/\\\/schema.org\",\"@graph\":[{\"@type\":\"WebPage\",\"@id\":\"https:\\\/\\\/barcelona.servihonda.es\\\/ca\\\/serveis-postvenda\\\/\",\"url\":\"https:\\\/\\\/barcelona.servihonda.es\\\/ca\\\/serveis-postvenda\\\/\",\"name\":\"Manteniment de motos Honda a Barcelona | Reparacions motos\",\"isPartOf\":{\"@id\":\"https:\\\/\\\/barcelona.servihonda.es\\\/ca\\\/#website\"},\"datePublished\":\"2025-10-07T21:50:04+00:00\",\"dateModified\":\"2025-12-16T16:56:51+00:00\",\"description\":\"Oferim serveis postvenda com el manteniment de motos Honda a Barcelona. Si busques reparacions motos Honda, confia en nosaltres.\",\"breadcrumb\":{\"@id\":\"https:\\\/\\\/barcelona.servihonda.es\\\/ca\\\/serveis-postvenda\\\/#breadcrumb\"},\"inLanguage\":\"ca\",\"potentialAction\":[{\"@type\":\"ReadAction\",\"target\":[\"https:\\\/\\\/barcelona.servihonda.es\\\/ca\\\/serveis-postvenda\\\/\"]}]},{\"@type\":\"BreadcrumbList\",\"@id\":\"https:\\\/\\\/barcelona.servihonda.es\\\/ca\\\/serveis-postvenda\\\/#breadcrumb\",\"itemListElement\":[{\"@type\":\"ListItem\",\"position\":1,\"name\":\"Portada\",\"item\":\"https:\\\/\\\/barcelona.servihonda.es\\\/ca\\\/\"},{\"@type\":\"ListItem\",\"position\":2,\"name\":\"Serveis postvenda\"}]},{\"@type\":\"WebSite\",\"@id\":\"https:\\\/\\\/barcelona.servihonda.es\\\/ca\\\/#website\",\"url\":\"https:\\\/\\\/barcelona.servihonda.es\\\/ca\\\/\",\"name\":\"Servihonda Barcelona\",\"description\":\"\",\"publisher\":{\"@id\":\"https:\\\/\\\/barcelona.servihonda.es\\\/ca\\\/#organization\"},\"potentialAction\":[{\"@type\":\"SearchAction\",\"target\":{\"@type\":\"EntryPoint\",\"urlTemplate\":\"https:\\\/\\\/barcelona.servihonda.es\\\/ca\\\/?s={search_term_string}\"},\"query-input\":{\"@type\":\"PropertyValueSpecification\",\"valueRequired\":true,\"valueName\":\"search_term_string\"}}],\"inLanguage\":\"ca\"},{\"@type\":\"Organization\",\"@id\":\"https:\\\/\\\/barcelona.servihonda.es\\\/ca\\\/#organization\",\"name\":\"Servihonda Barcelona\",\"url\":\"https:\\\/\\\/barcelona.servihonda.es\\\/ca\\\/\",\"logo\":{\"@type\":\"ImageObject\",\"inLanguage\":\"ca\",\"@id\":\"https:\\\/\\\/barcelona.servihonda.es\\\/ca\\\/#\\\/schema\\\/logo\\\/image\\\/\",\"url\":\"https:\\\/\\\/barcelona.servihonda.es\\\/wp-content\\\/uploads\\\/2025\\\/09\\\/logo-servihonda.png\",\"contentUrl\":\"https:\\\/\\\/barcelona.servihonda.es\\\/wp-content\\\/uploads\\\/2025\\\/09\\\/logo-servihonda.png\",\"width\":253,\"height\":72,\"caption\":\"Servihonda Barcelona\"},\"image\":{\"@id\":\"https:\\\/\\\/barcelona.servihonda.es\\\/ca\\\/#\\\/schema\\\/logo\\\/image\\\/\"}}]}<\/script>\n<!-- \/ Yoast SEO plugin. -->","yoast_head_json":{"title":"Manteniment de motos Honda a Barcelona | Reparacions motos","description":"Oferim serveis postvenda com el manteniment de motos Honda a Barcelona. Si busques reparacions motos Honda, confia en nosaltres.","robots":{"index":"index","follow":"follow","max-snippet":"max-snippet:-1","max-image-preview":"max-image-preview:large","max-video-preview":"max-video-preview:-1"},"canonical":"https:\/\/barcelona.servihonda.es\/ca\/serveis-postvenda\/","og_locale":"ca_ES","og_type":"article","og_title":"Manteniment de motos Honda a Barcelona | Reparacions motos","og_description":"Oferim serveis postvenda com el manteniment de motos Honda a Barcelona. Si busques reparacions motos Honda, confia en nosaltres.","og_url":"https:\/\/barcelona.servihonda.es\/ca\/serveis-postvenda\/","og_site_name":"Servihonda Barcelona","article_modified_time":"2025-12-16T16:56:51+00:00","twitter_card":"summary_large_image","twitter_misc":{"Temps estimat de lectura":"3 minuts"},"schema":{"@context":"https:\/\/schema.org","@graph":[{"@type":"WebPage","@id":"https:\/\/barcelona.servihonda.es\/ca\/serveis-postvenda\/","url":"https:\/\/barcelona.servihonda.es\/ca\/serveis-postvenda\/","name":"Manteniment de motos Honda a Barcelona | Reparacions motos","isPartOf":{"@id":"https:\/\/barcelona.servihonda.es\/ca\/#website"},"datePublished":"2025-10-07T21:50:04+00:00","dateModified":"2025-12-16T16:56:51+00:00","description":"Oferim serveis postvenda com el manteniment de motos Honda a Barcelona. Si busques reparacions motos Honda, confia en nosaltres.","breadcrumb":{"@id":"https:\/\/barcelona.servihonda.es\/ca\/serveis-postvenda\/#breadcrumb"},"inLanguage":"ca","potentialAction":[{"@type":"ReadAction","target":["https:\/\/barcelona.servihonda.es\/ca\/serveis-postvenda\/"]}]},{"@type":"BreadcrumbList","@id":"https:\/\/barcelona.servihonda.es\/ca\/serveis-postvenda\/#breadcrumb","itemListElement":[{"@type":"ListItem","position":1,"name":"Portada","item":"https:\/\/barcelona.servihonda.es\/ca\/"},{"@type":"ListItem","position":2,"name":"Serveis postvenda"}]},{"@type":"WebSite","@id":"https:\/\/barcelona.servihonda.es\/ca\/#website","url":"https:\/\/barcelona.servihonda.es\/ca\/","name":"Servihonda Barcelona","description":"","publisher":{"@id":"https:\/\/barcelona.servihonda.es\/ca\/#organization"},"potentialAction":[{"@type":"SearchAction","target":{"@type":"EntryPoint","urlTemplate":"https:\/\/barcelona.servihonda.es\/ca\/?s={search_term_string}"},"query-input":{"@type":"PropertyValueSpecification","valueRequired":true,"valueName":"search_term_string"}}],"inLanguage":"ca"},{"@type":"Organization","@id":"https:\/\/barcelona.servihonda.es\/ca\/#organization","name":"Servihonda Barcelona","url":"https:\/\/barcelona.servihonda.es\/ca\/","logo":{"@type":"ImageObject","inLanguage":"ca","@id":"https:\/\/barcelona.servihonda.es\/ca\/#\/schema\/logo\/image\/","url":"https:\/\/barcelona.servihonda.es\/wp-content\/uploads\/2025\/09\/logo-servihonda.png","contentUrl":"https:\/\/barcelona.servihonda.es\/wp-content\/uploads\/2025\/09\/logo-servihonda.png","width":253,"height":72,"caption":"Servihonda Barcelona"},"image":{"@id":"https:\/\/barcelona.servihonda.es\/ca\/#\/schema\/logo\/image\/"}}]}},"_links":{"self":[{"href":"https:\/\/barcelona.servihonda.es\/ca\/wp-json\/wp\/v2\/pages\/4594","targetHints":{"allow":["GET"]}}],"collection":[{"href":"https:\/\/barcelona.servihonda.es\/ca\/wp-json\/wp\/v2\/pages"}],"about":[{"href":"https:\/\/barcelona.servihonda.es\/ca\/wp-json\/wp\/v2\/types\/page"}],"author":[{"embeddable":true,"href":"https:\/\/barcelona.servihonda.es\/ca\/wp-json\/wp\/v2\/users\/1"}],"replies":[{"embeddable":true,"href":"https:\/\/barcelona.servihonda.es\/ca\/wp-json\/wp\/v2\/comments?post=4594"}],"version-history":[{"count":6,"href":"https:\/\/barcelona.servihonda.es\/ca\/wp-json\/wp\/v2\/pages\/4594\/revisions"}],"predecessor-version":[{"id":4609,"href":"https:\/\/barcelona.servihonda.es\/ca\/wp-json\/wp\/v2\/pages\/4594\/revisions\/4609"}],"wp:attachment":[{"href":"https:\/\/barcelona.servihonda.es\/ca\/wp-json\/wp\/v2\/media?parent=4594"}],"curies":[{"name":"wp","href":"https:\/\/api.w.org\/{rel}","templated":true}]}}