{"id":4610,"date":"2025-10-02T14:50:58","date_gmt":"2025-10-02T12:50:58","guid":{"rendered":"https:\/\/barcelona.servihonda.es\/recanvis-honda\/"},"modified":"2025-12-16T18:57:00","modified_gmt":"2025-12-16T16:57:00","slug":"recanvis-honda","status":"publish","type":"page","link":"https:\/\/barcelona.servihonda.es\/ca\/recanvis-honda\/","title":{"rendered":"Recanvis Honda"},"content":{"rendered":"<section class=\"l-section wpb_row us_custom_19737bc8 height_medium\"><div class=\"l-section-h i-cf\"><div class=\"g-cols vc_row via_flex valign_top type_default stacking_default\"><div class=\"vc_col-sm-12 wpb_column vc_column_container\"><div class=\"vc_column-inner\"><div class=\"wpb_wrapper\">[vc_custom_heading text=&#8221;<strong>Recanvis Oficials<\/strong> Honda a Barcelona&#8221; font_container=&#8221;tag:h1|text_align:left&#8221; use_theme_fonts=&#8221;yes&#8221; css=&#8221;%7B%22default%22%3A%7B%22max-width%22%3A%221200px%22%2C%22margin-bottom%22%3A%222rem%22%7D%7D&#8221;]<\/div><\/div><\/div><\/div><\/div><\/section><section class=\"l-section wpb_row us_custom_f2b6838a height_medium\"><div class=\"l-section-h i-cf\"><div class=\"g-cols vc_row via_flex valign_bottom type_default stacking_default\"><div class=\"vc_col-sm-6 wpb_column vc_column_container\"><div class=\"vc_column-inner\"><div class=\"wpb_wrapper\"><div class=\"wpb_text_column\"><div class=\"wpb_wrapper\"><h2>Garantia i Qualitat de la Pe\u00e7a Original Honda<\/h2>\n<p>Som el teu prove\u00efdor oficial de recanvis. En triar recanvis de motos Honda a Barcelona d&#8217;origen, t&#8217;assegures que la teva moto segueixi sent 100% Honda.<\/p>\n<\/div><\/div><div class=\"wpb_text_column\"><div class=\"wpb_wrapper\"><h3><strong>Components Essencials per al teu Moto<\/strong><\/h3>\n<p><span style=\"font-weight: 400;\">Disposem d\u00b4ampli estoc de peces originals Honda per a motor, transmissi\u00f3, frens, suspensi\u00f3, carrosseria i cablejat el\u00e8ctric.<\/span><\/p>\n<\/div><\/div><div class=\"g-cols wpb_row via_flex valign_top type_default stacking_default\"><div class=\"vc_col-sm-6 wpb_column vc_column_container\"><div class=\"vc_column-inner\"><div class=\"wpb_wrapper\">[vc_custom_heading text=&#8221;Assessorament Personalitzat per al teu Recanvi&#8221; font_container=&#8221;tag:h3|text_align:left&#8221; use_theme_fonts=&#8221;yes&#8221; css=&#8221;%7B%22default%22%3A%7B%22font-size%22%3A%221rem%22%7D%7D&#8221;]<div class=\"wpb_text_column\"><div class=\"wpb_wrapper\"><p>El nostre equip d&#8217;experts en recanvis est\u00e0 a la vostra disposici\u00f3 per oferir-vos un assessorament personalitzat.<\/p>\n<\/div><\/div><\/div><\/div><\/div><div class=\"vc_col-sm-6 wpb_column vc_column_container\"><div class=\"vc_column-inner\"><div class=\"wpb_wrapper\">[vc_custom_heading text=&#8221;Com sol\u00b7licitar un recanvi&#8221; font_container=&#8221;tag:h3|text_align:left&#8221; use_theme_fonts=&#8221;yes&#8221; css=&#8221;%7B%22default%22%3A%7B%22font-size%22%3A%221rem%22%7D%7D&#8221;]<div class=\"wpb_text_column\"><div class=\"wpb_wrapper\"><p>Per sol\u00b7licitar recanvis (com manetes, embragatges o miralls), proporciona el recanvi exacte, el model i l&#8217;any del teu vehicle. Oferim assessorament personalitzat per a la identificaci\u00f3 de la pe\u00e7a. Per sol\u00b7licitar recanvi o consultar disponibilitat, truca&#8217;ns al <a href=\"tel:+34936460600\">936 46 06 00<\/a> .<\/p>\n<\/div><\/div><\/div><\/div><\/div><\/div>\n<div class=\"wpcf7 no-js\" id=\"wpcf7-f5876-o1\" lang=\"ca\" dir=\"ltr\" data-wpcf7-id=\"5876\">\n<div class=\"screen-reader-response\"><p role=\"status\" aria-live=\"polite\" aria-atomic=\"true\"><\/p> <ul><\/ul><\/div>\n<form action=\"\/ca\/wp-json\/wp\/v2\/pages\/4610#wpcf7-f5876-o1\" method=\"post\" class=\"wpcf7-form init wpcf7-acceptance-as-validation\" aria-label=\"Formulari de contacte\" novalidate=\"novalidate\" data-status=\"init\">\n<fieldset class=\"hidden-fields-container\"><input type=\"hidden\" name=\"_wpcf7\" value=\"5876\" \/><input type=\"hidden\" name=\"_wpcf7_version\" value=\"6.1.6\" \/><input type=\"hidden\" name=\"_wpcf7_locale\" value=\"ca\" \/><input type=\"hidden\" name=\"_wpcf7_unit_tag\" value=\"wpcf7-f5876-o1\" \/><input type=\"hidden\" name=\"_wpcf7_container_post\" value=\"0\" \/><input type=\"hidden\" name=\"_wpcf7_posted_data_hash\" value=\"\" \/><input type=\"hidden\" name=\"_wpcf7_recaptcha_response\" value=\"\" \/>\n<\/fieldset>\n<div class=\"cf-container\">\n<div class=\"cf-col-6\"><label> Seleccioneu un concessionari<span class=\"wpcf7-form-control-wrap\" data-name=\"destinatario\"><select class=\"wpcf7-form-control wpcf7-select wpcf7-validates-as-required\" aria-required=\"true\" aria-invalid=\"false\" name=\"destinatario\"><option value=\"Servihonda C\/ Llull\">Servihonda C\/ Llull<\/option><option value=\"Servihonda C\/Pau Claris\">Servihonda C\/Pau Claris<\/option><option value=\"Servihonda C\/ Mallorca\">Servihonda C\/ Mallorca<\/option><\/select><\/span> <\/label><\/div>\n\n<div class=\"cf-col-6\"><label> Nom*\n<span class=\"wpcf7-form-control-wrap\" data-name=\"your-name\"><input size=\"40\" maxlength=\"400\" class=\"wpcf7-form-control wpcf7-text wpcf7-validates-as-required\" aria-required=\"true\" aria-invalid=\"false\" value=\"\" type=\"text\" name=\"your-name\" \/><\/span> <\/label><\/div>\n\n<div class=\"cf-col-6\"><label> Email*\n    <span class=\"wpcf7-form-control-wrap\" data-name=\"your-email\"><input size=\"40\" maxlength=\"400\" class=\"wpcf7-form-control wpcf7-email wpcf7-validates-as-required wpcf7-text wpcf7-validates-as-email\" aria-required=\"true\" aria-invalid=\"false\" value=\"\" type=\"email\" name=\"your-email\" \/><\/span> <\/label><\/div>\n\n<div class=\"cf-col-6\"><label> Tel\u00e8fon*\n<span class=\"wpcf7-form-control-wrap\" data-name=\"tel-931\"><input size=\"40\" maxlength=\"400\" class=\"wpcf7-form-control wpcf7-tel wpcf7-validates-as-required wpcf7-text wpcf7-validates-as-tel\" aria-required=\"true\" aria-invalid=\"false\" value=\"\" type=\"tel\" name=\"tel-931\" \/><\/span><\/label><\/div>\n\n<div class=\"cf-col-12\"><label> Assumpte*\n    <span class=\"wpcf7-form-control-wrap\" data-name=\"your-subject\"><input size=\"40\" maxlength=\"400\" class=\"wpcf7-form-control wpcf7-text wpcf7-validates-as-required\" aria-required=\"true\" aria-invalid=\"false\" value=\"\" type=\"text\" name=\"your-subject\" \/><\/span> <\/label><\/div>\n\n<div class=\"cf-col-12\"><label> Missatge (requerit)\n    <span class=\"wpcf7-form-control-wrap\" data-name=\"your-message\"><textarea cols=\"40\" rows=\"10\" maxlength=\"2000\" class=\"wpcf7-form-control wpcf7-textarea wpcf7-validates-as-required\" aria-required=\"true\" aria-invalid=\"false\" name=\"your-message\"><\/textarea><\/span> <\/label><\/div>\n\n<div class=\"cf-col-12 privacy-policy\"><label for=\"legal\"><span class=\"wpcf7-form-control-wrap\" data-name=\"legal\"><span class=\"wpcf7-form-control wpcf7-acceptance\"><span class=\"wpcf7-list-item\"><label><input type=\"checkbox\" name=\"legal\" value=\"1\" id=\"legal\" aria-invalid=\"false\" \/><span class=\"wpcf7-list-item-label\">He llegit i accepto la <a href=\"https:\/\/barcelona.servihonda.es\/ca\/politica-de-privadesa\/\">Pol\u00edtica de Privadesa<\/a> i l' <a href=\"https:\/\/barcelona.servihonda.es\/ca\/avis-legal\/\">Av\u00eds Legal<\/a>.<\/span><\/label><\/span><\/span><\/span><\/label><\/div>\n\n<input class=\"wpcf7-form-control wpcf7-submit has-spinner\" type=\"submit\" value=\"Enviar\" \/>\n<\/div><div class=\"wpcf7-response-output\" aria-hidden=\"true\"><\/div>\n<\/form>\n<\/div>\n<\/div><\/div><\/div><div class=\"vc_col-sm-6 wpb_column vc_column_container\"><div class=\"vc_column-inner\"><div class=\"wpb_wrapper\"><div class=\"w-image align_none\"><div class=\"w-image-h\"><img decoding=\"async\" width=\"1024\" height=\"768\" src=\"https:\/\/barcelona.servihonda.es\/wp-content\/uploads\/2025\/11\/Recanvis-CL-Llull-Servihonda-BCN-1024x768.jpeg\" class=\"attachment-large size-large\" alt=\"recambios servihonda barcelona\" loading=\"lazy\" srcset=\"https:\/\/barcelona.servihonda.es\/wp-content\/uploads\/2025\/11\/Recanvis-CL-Llull-Servihonda-BCN-1024x768.jpeg 1024w, https:\/\/barcelona.servihonda.es\/wp-content\/uploads\/2025\/11\/Recanvis-CL-Llull-Servihonda-BCN-300x225.jpeg 300w, https:\/\/barcelona.servihonda.es\/wp-content\/uploads\/2025\/11\/Recanvis-CL-Llull-Servihonda-BCN-scaled.jpeg 1920w\" sizes=\"auto, (max-width: 1024px) 100vw, 1024px\" \/><\/div><\/div><\/div><\/div><\/div><\/div><\/div><\/section><section class=\"l-section wpb_row height_medium\"><div class=\"l-section-h i-cf\"><div class=\"g-cols vc_row via_flex valign_top type_default stacking_default\"><div class=\"vc_col-sm-12 wpb_column vc_column_container\"><div class=\"vc_column-inner\"><div class=\"wpb_wrapper\">[vc_custom_heading text=&#8221;PROMOCIONS <strong>TALLER SERVIHONDA<\/strong>&#8221; font_container=&#8221;tag:h2|text_align:center&#8221; use_theme_fonts=&#8221;yes&#8221; css=&#8221;%7B%22default%22%3A%7B%22margin-bottom%22%3A%223rem%22%7D%7D&#8221;]<div class=\"w-grid us_post_list type_grid layout_215 cols_2 pagination_load_on_btn preload_style_spinner\" id=\"us_post_list_e256\" style=\"--columns:2;--gap:1.5rem;\"><style>@media (max-width:650px){#us_post_list_e256{--columns:1!important}}.layout_215 .w-grid-item-h{}.layout_215 .usg_vwrapper_1{width:377px!important;position:relative!important;overflow:hidden!important}.layout_215 .usg_post_image_1{height:200px!important;margin-bottom:0!important}.layout_215 .usg_post_date_1{font-size:0.8rem!important;border-radius:30px 0px 0px 0px!important;position:absolute!important;bottom:0!important;right:0!important;background:#D9D9D9!important;padding:0.5rem 1rem 0.5rem 1rem!important}.layout_215 .usg_vwrapper_2{max-width:400px!important}.layout_215 .usg_post_title_1{color:#000!important;font-size:1rem!important;font-family:var(--font-family)!important;font-weight:600!important;text-transform:none!important}.layout_215 .usg_text_1{color:var(--color-content-primary)!important;font-size:0.8rem!important;font-weight:600!important}.layout_215 .usg_post_content_1{font-size:0.8rem!important;font-weight:300!important}<\/style><div class=\"w-grid-list\">\t<article class=\"w-grid-item size_1x1 post-5063 post type-post status-publish format-standard has-post-thumbnail hentry category-blog category-promocions\" data-id=\"5063\">\r\n\t\t<div class=\"w-grid-item-h\">\r\n\t\t\t\t\t\t<div class=\"w-hwrapper usg_hwrapper_1 wrapper-promotion align_none valign_middle\"><div class=\"w-vwrapper usg_vwrapper_1 align_none valign_top\"><div class=\"w-post-elm post_image usg_post_image_1 has_height has_ratio\"><a href=\"https:\/\/barcelona.servihonda.es\/ca\/presentacio-scooters-electriques-servihonda-barcelona\/\" aria-label=\"PRESENTACI\u00d3 SCOOTERS EL\u00c8CTRIQUES SERVIHONDA BARCELONA\"><img loading=\"lazy\" decoding=\"async\" width=\"1080\" height=\"1080\" src=\"https:\/\/barcelona.servihonda.es\/wp-content\/uploads\/2025\/11\/1080x1080_ELECTRICAS_SERVIHONDA_BARCELONA.jpg\" class=\"attachment-full size-full wp-post-image\" alt=\"\" \/><\/a><div style=\"padding-bottom:56.25%\"><\/div><\/div><time class=\"w-post-elm post_date usg_post_date_1 entry-date published\" datetime=\"2025-10-17T09:02:34+02:00\">10\/17\/2025<\/time><\/div><div class=\"w-vwrapper usg_vwrapper_2 wrapper-promotion-text align_none valign_top\"><h3 class=\"w-post-elm post_title usg_post_title_1 has_text_color entry-title color_link_inherit\"><a href=\"https:\/\/barcelona.servihonda.es\/ca\/presentacio-scooters-electriques-servihonda-barcelona\/\">PRESENTACI\u00d3 SCOOTERS EL\u00c8CTRIQUES SERVIHONDA BARCELONA<\/a><\/h3><div class=\"w-post-elm post_content usg_post_content_1\">Noves Scooter el\u00e8ctriques a Servihonda Barcelona Descobreix la mobilitat del futur La nova era el\u00e8ctrica t?espera a Servihonda Barcelona. Del&hellip;<\/div><div class=\"w-text usg_text_1 has_text_color\"><a href=\"https:\/\/barcelona.servihonda.es\/ca\/presentacio-scooters-electriques-servihonda-barcelona\/\" class=\"w-text-h\"><span class=\"w-text-value\">Leer mas +<\/span><\/a><\/div><\/div><\/div>\t\t<\/div>\r\n\t\t\t<\/article>\r\n<\/div><div class=\"g-loadmore hidden\"><div class=\"g-preloader type_1\"><div><\/div><\/div><button class=\"w-btn us-btn-style_1\"><span class=\"w-btn-label\">Load More<\/span><\/button><\/div><div class=\"w-grid-list-json hidden\" onclick='return {&quot;max_num_pages&quot;:1,&quot;paginationBase&quot;:&quot;page&quot;,&quot;pagination&quot;:&quot;load_on_btn&quot;,&quot;paged&quot;:1,&quot;ajaxData&quot;:{&quot;action&quot;:&quot;us_ajax_post_list&quot;,&quot;meta_type&quot;:&quot;post&quot;,&quot;object_id&quot;:0,&quot;template_vars&quot;:{&quot;shortcode_base&quot;:&quot;us_post_list&quot;,&quot;paged&quot;:1,&quot;max_num_pages&quot;:1,&quot;no_results&quot;:false,&quot;us_post_content_design_css&quot;:[],&quot;found_posts&quot;:1,&quot;items_count&quot;:1,&quot;source&quot;:&quot;child_posts_of_selected&quot;,&quot;custom_field_name&quot;:&quot;&quot;,&quot;ids&quot;:&quot;&quot;,&quot;post_type&quot;:&quot;post&quot;,&quot;attachment_ids&quot;:null,&quot;include_post_thumbnail&quot;:0,&quot;post_author&quot;:&quot;any&quot;,&quot;post_author_ids&quot;:&quot;&quot;,&quot;apply_url_params&quot;:0,&quot;exclude_children&quot;:0,&quot;exclude_current_post&quot;:1,&quot;exclude_prev_posts&quot;:0,&quot;enable_items_offset&quot;:0,&quot;items_offset&quot;:&quot;1&quot;,&quot;tax_query_relation&quot;:&quot;AND&quot;,&quot;tax_query&quot;:&quot;%5B%7B%22operator%22%3A%22IN%22%2C%22taxonomy%22%3A%22category%22%2C%22terms%22%3A%22386%22%2C%22include_children%22%3A%220%22%7D%5D&quot;,&quot;meta_query_relation&quot;:&quot;none&quot;,&quot;meta_query&quot;:[{&quot;key&quot;:&quot;custom_field_name&quot;,&quot;compare&quot;:&quot;=&quot;,&quot;value&quot;:&quot;&quot;}],&quot;orderby&quot;:&quot;date&quot;,&quot;orderby_custom_field&quot;:&quot;&quot;,&quot;orderby_custom_type&quot;:0,&quot;order_invert&quot;:&quot;1&quot;,&quot;show_all&quot;:0,&quot;quantity&quot;:&quot;10&quot;,&quot;posts_per_archive_page&quot;:0,&quot;no_items_action&quot;:&quot;message&quot;,&quot;no_items_message&quot;:&quot;No s&#039;ha trobat cap resultat.&quot;,&quot;no_items_page_block&quot;:&quot;&quot;,&quot;pagination&quot;:&quot;load_on_btn&quot;,&quot;pagination_style&quot;:&quot;&quot;,&quot;pagination_btn_text&quot;:&quot;Load More&quot;,&quot;pagination_btn_size&quot;:&quot;&quot;,&quot;pagination_btn_style&quot;:&quot;1&quot;,&quot;pagination_btn_fullwidth&quot;:0,&quot;items_layout&quot;:&quot;215&quot;,&quot;type&quot;:&quot;grid&quot;,&quot;items_valign&quot;:0,&quot;ignore_items_size&quot;:0,&quot;columns&quot;:&quot;2&quot;,&quot;items_gap&quot;:&quot;1.5rem&quot;,&quot;load_animation&quot;:&quot;none&quot;,&quot;items_preload_style&quot;:&quot;spinner&quot;,&quot;img_size&quot;:&quot;default&quot;,&quot;title_size&quot;:&quot;&quot;,&quot;items_ratio&quot;:&quot;default&quot;,&quot;items_ratio_width&quot;:&quot;21&quot;,&quot;items_ratio_height&quot;:&quot;9&quot;,&quot;overriding_link&quot;:&quot;%7B%22url%22%3A%22%22%7D&quot;,&quot;popup_page_template&quot;:&quot;0&quot;,&quot;popup_width&quot;:&quot;&quot;,&quot;popup_arrows&quot;:1,&quot;breakpoint_1_width&quot;:&quot;1281px&quot;,&quot;breakpoint_1_cols&quot;:&quot;default&quot;,&quot;breakpoint_1_quantity&quot;:&quot;&quot;,&quot;breakpoint_1_gap&quot;:&quot;&quot;,&quot;breakpoint_2_width&quot;:&quot;992px&quot;,&quot;breakpoint_2_cols&quot;:&quot;2&quot;,&quot;breakpoint_2_quantity&quot;:&quot;&quot;,&quot;breakpoint_2_gap&quot;:&quot;&quot;,&quot;breakpoint_3_width&quot;:&quot;651px&quot;,&quot;breakpoint_3_cols&quot;:&quot;1&quot;,&quot;breakpoint_3_quantity&quot;:&quot;&quot;,&quot;breakpoint_3_gap&quot;:&quot;&quot;,&quot;conditions_operator&quot;:&quot;always&quot;,&quot;conditions&quot;:[],&quot;css&quot;:null,&quot;el_class&quot;:&quot;&quot;,&quot;el_id&quot;:&quot;&quot;,&quot;enable_custom_html_atts&quot;:0,&quot;custom_html_atts&quot;:null,&quot;hide_on_states&quot;:&quot;&quot;,&quot;hide_for_sticky&quot;:0,&quot;hide_for_not_sticky&quot;:0,&quot;hide_below&quot;:&quot;0px&quot;,&quot;hide_above&quot;:&quot;0px&quot;,&quot;classes&quot;:&quot;&quot;}},&quot;facetedFilter&quot;:[]}'><\/div><\/div><\/div><\/div><\/div><\/div><\/div><\/section>\n","protected":false},"excerpt":{"rendered":"Noves Scooter el\u00e8ctriques a Servihonda Barcelona Descobreix la mobilitat del futur La nova era el\u00e8ctrica t?espera a Servihonda Barcelona. Del 20 al 24 d&#8217;octubre, demana la teva prova de conducci\u00f3 dels scooters el\u00e8ctrics CUVe: i EM1e: A punt per experimentar el futur de la conducci\u00f3 urbana? Demana la teva cita a Servihonda, el concessionari l\u00edder...","protected":false},"author":1,"featured_media":0,"parent":0,"menu_order":0,"comment_status":"closed","ping_status":"closed","template":"","meta":{"_acf_changed":false,"footnotes":""},"class_list":["post-4610","page","type-page","status-publish","hentry"],"acf":[],"yoast_head":"<!-- This site is optimized with the Yoast SEO plugin v27.6 - https:\/\/yoast.com\/product\/yoast-seo-wordpress\/ -->\n<title>Recanvis motos Honda Barcelona | Servihonda Barcelona<\/title>\n<meta name=\"description\" content=\"Descobreix el nostre servei de recanvis motos Honda a Barcelona, \u200b\u200bon trobar\u00e0s qualsevol pe\u00e7a original que necessitis per a la teva moto.\" \/>\n<meta name=\"robots\" content=\"index, follow, max-snippet:-1, max-image-preview:large, max-video-preview:-1\" \/>\n<link rel=\"canonical\" href=\"https:\/\/barcelona.servihonda.es\/ca\/recanvis-honda\/\" \/>\n<meta property=\"og:locale\" content=\"ca_ES\" \/>\n<meta property=\"og:type\" content=\"article\" \/>\n<meta property=\"og:title\" content=\"Recanvis motos Honda Barcelona | Servihonda Barcelona\" \/>\n<meta property=\"og:description\" content=\"Descobreix el nostre servei de recanvis motos Honda a Barcelona, \u200b\u200bon trobar\u00e0s qualsevol pe\u00e7a original que necessitis per a la teva moto.\" \/>\n<meta property=\"og:url\" content=\"https:\/\/barcelona.servihonda.es\/ca\/recanvis-honda\/\" \/>\n<meta property=\"og:site_name\" content=\"Servihonda Barcelona\" \/>\n<meta property=\"article:modified_time\" content=\"2025-12-16T16:57:00+00:00\" \/>\n<meta name=\"twitter:card\" content=\"summary_large_image\" \/>\n<meta name=\"twitter:label1\" content=\"Temps estimat de lectura\" \/>\n\t<meta name=\"twitter:data1\" content=\"2 minuts\" \/>\n<script type=\"application\/ld+json\" class=\"yoast-schema-graph\">{\"@context\":\"https:\\\/\\\/schema.org\",\"@graph\":[{\"@type\":\"WebPage\",\"@id\":\"https:\\\/\\\/barcelona.servihonda.es\\\/ca\\\/recanvis-honda\\\/\",\"url\":\"https:\\\/\\\/barcelona.servihonda.es\\\/ca\\\/recanvis-honda\\\/\",\"name\":\"Recanvis motos Honda Barcelona | Servihonda Barcelona\",\"isPartOf\":{\"@id\":\"https:\\\/\\\/barcelona.servihonda.es\\\/ca\\\/#website\"},\"datePublished\":\"2025-10-02T12:50:58+00:00\",\"dateModified\":\"2025-12-16T16:57:00+00:00\",\"description\":\"Descobreix el nostre servei de recanvis motos Honda a Barcelona, \u200b\u200bon trobar\u00e0s qualsevol pe\u00e7a original que necessitis per a la teva moto.\",\"breadcrumb\":{\"@id\":\"https:\\\/\\\/barcelona.servihonda.es\\\/ca\\\/recanvis-honda\\\/#breadcrumb\"},\"inLanguage\":\"ca\",\"potentialAction\":[{\"@type\":\"ReadAction\",\"target\":[\"https:\\\/\\\/barcelona.servihonda.es\\\/ca\\\/recanvis-honda\\\/\"]}]},{\"@type\":\"BreadcrumbList\",\"@id\":\"https:\\\/\\\/barcelona.servihonda.es\\\/ca\\\/recanvis-honda\\\/#breadcrumb\",\"itemListElement\":[{\"@type\":\"ListItem\",\"position\":1,\"name\":\"Portada\",\"item\":\"https:\\\/\\\/barcelona.servihonda.es\\\/ca\\\/\"},{\"@type\":\"ListItem\",\"position\":2,\"name\":\"Recanvis Honda\"}]},{\"@type\":\"WebSite\",\"@id\":\"https:\\\/\\\/barcelona.servihonda.es\\\/ca\\\/#website\",\"url\":\"https:\\\/\\\/barcelona.servihonda.es\\\/ca\\\/\",\"name\":\"Servihonda Barcelona\",\"description\":\"\",\"publisher\":{\"@id\":\"https:\\\/\\\/barcelona.servihonda.es\\\/ca\\\/#organization\"},\"potentialAction\":[{\"@type\":\"SearchAction\",\"target\":{\"@type\":\"EntryPoint\",\"urlTemplate\":\"https:\\\/\\\/barcelona.servihonda.es\\\/ca\\\/?s={search_term_string}\"},\"query-input\":{\"@type\":\"PropertyValueSpecification\",\"valueRequired\":true,\"valueName\":\"search_term_string\"}}],\"inLanguage\":\"ca\"},{\"@type\":\"Organization\",\"@id\":\"https:\\\/\\\/barcelona.servihonda.es\\\/ca\\\/#organization\",\"name\":\"Servihonda Barcelona\",\"url\":\"https:\\\/\\\/barcelona.servihonda.es\\\/ca\\\/\",\"logo\":{\"@type\":\"ImageObject\",\"inLanguage\":\"ca\",\"@id\":\"https:\\\/\\\/barcelona.servihonda.es\\\/ca\\\/#\\\/schema\\\/logo\\\/image\\\/\",\"url\":\"https:\\\/\\\/barcelona.servihonda.es\\\/wp-content\\\/uploads\\\/2025\\\/09\\\/logo-servihonda.png\",\"contentUrl\":\"https:\\\/\\\/barcelona.servihonda.es\\\/wp-content\\\/uploads\\\/2025\\\/09\\\/logo-servihonda.png\",\"width\":253,\"height\":72,\"caption\":\"Servihonda Barcelona\"},\"image\":{\"@id\":\"https:\\\/\\\/barcelona.servihonda.es\\\/ca\\\/#\\\/schema\\\/logo\\\/image\\\/\"}}]}<\/script>\n<!-- \/ Yoast SEO plugin. -->","yoast_head_json":{"title":"Recanvis motos Honda Barcelona | Servihonda Barcelona","description":"Descobreix el nostre servei de recanvis motos Honda a Barcelona, \u200b\u200bon trobar\u00e0s qualsevol pe\u00e7a original que necessitis per a la teva moto.","robots":{"index":"index","follow":"follow","max-snippet":"max-snippet:-1","max-image-preview":"max-image-preview:large","max-video-preview":"max-video-preview:-1"},"canonical":"https:\/\/barcelona.servihonda.es\/ca\/recanvis-honda\/","og_locale":"ca_ES","og_type":"article","og_title":"Recanvis motos Honda Barcelona | Servihonda Barcelona","og_description":"Descobreix el nostre servei de recanvis motos Honda a Barcelona, \u200b\u200bon trobar\u00e0s qualsevol pe\u00e7a original que necessitis per a la teva moto.","og_url":"https:\/\/barcelona.servihonda.es\/ca\/recanvis-honda\/","og_site_name":"Servihonda Barcelona","article_modified_time":"2025-12-16T16:57:00+00:00","twitter_card":"summary_large_image","twitter_misc":{"Temps estimat de lectura":"2 minuts"},"schema":{"@context":"https:\/\/schema.org","@graph":[{"@type":"WebPage","@id":"https:\/\/barcelona.servihonda.es\/ca\/recanvis-honda\/","url":"https:\/\/barcelona.servihonda.es\/ca\/recanvis-honda\/","name":"Recanvis motos Honda Barcelona | Servihonda Barcelona","isPartOf":{"@id":"https:\/\/barcelona.servihonda.es\/ca\/#website"},"datePublished":"2025-10-02T12:50:58+00:00","dateModified":"2025-12-16T16:57:00+00:00","description":"Descobreix el nostre servei de recanvis motos Honda a Barcelona, \u200b\u200bon trobar\u00e0s qualsevol pe\u00e7a original que necessitis per a la teva moto.","breadcrumb":{"@id":"https:\/\/barcelona.servihonda.es\/ca\/recanvis-honda\/#breadcrumb"},"inLanguage":"ca","potentialAction":[{"@type":"ReadAction","target":["https:\/\/barcelona.servihonda.es\/ca\/recanvis-honda\/"]}]},{"@type":"BreadcrumbList","@id":"https:\/\/barcelona.servihonda.es\/ca\/recanvis-honda\/#breadcrumb","itemListElement":[{"@type":"ListItem","position":1,"name":"Portada","item":"https:\/\/barcelona.servihonda.es\/ca\/"},{"@type":"ListItem","position":2,"name":"Recanvis Honda"}]},{"@type":"WebSite","@id":"https:\/\/barcelona.servihonda.es\/ca\/#website","url":"https:\/\/barcelona.servihonda.es\/ca\/","name":"Servihonda Barcelona","description":"","publisher":{"@id":"https:\/\/barcelona.servihonda.es\/ca\/#organization"},"potentialAction":[{"@type":"SearchAction","target":{"@type":"EntryPoint","urlTemplate":"https:\/\/barcelona.servihonda.es\/ca\/?s={search_term_string}"},"query-input":{"@type":"PropertyValueSpecification","valueRequired":true,"valueName":"search_term_string"}}],"inLanguage":"ca"},{"@type":"Organization","@id":"https:\/\/barcelona.servihonda.es\/ca\/#organization","name":"Servihonda Barcelona","url":"https:\/\/barcelona.servihonda.es\/ca\/","logo":{"@type":"ImageObject","inLanguage":"ca","@id":"https:\/\/barcelona.servihonda.es\/ca\/#\/schema\/logo\/image\/","url":"https:\/\/barcelona.servihonda.es\/wp-content\/uploads\/2025\/09\/logo-servihonda.png","contentUrl":"https:\/\/barcelona.servihonda.es\/wp-content\/uploads\/2025\/09\/logo-servihonda.png","width":253,"height":72,"caption":"Servihonda Barcelona"},"image":{"@id":"https:\/\/barcelona.servihonda.es\/ca\/#\/schema\/logo\/image\/"}}]}},"_links":{"self":[{"href":"https:\/\/barcelona.servihonda.es\/ca\/wp-json\/wp\/v2\/pages\/4610","targetHints":{"allow":["GET"]}}],"collection":[{"href":"https:\/\/barcelona.servihonda.es\/ca\/wp-json\/wp\/v2\/pages"}],"about":[{"href":"https:\/\/barcelona.servihonda.es\/ca\/wp-json\/wp\/v2\/types\/page"}],"author":[{"embeddable":true,"href":"https:\/\/barcelona.servihonda.es\/ca\/wp-json\/wp\/v2\/users\/1"}],"replies":[{"embeddable":true,"href":"https:\/\/barcelona.servihonda.es\/ca\/wp-json\/wp\/v2\/comments?post=4610"}],"version-history":[{"count":1,"href":"https:\/\/barcelona.servihonda.es\/ca\/wp-json\/wp\/v2\/pages\/4610\/revisions"}],"predecessor-version":[{"id":4615,"href":"https:\/\/barcelona.servihonda.es\/ca\/wp-json\/wp\/v2\/pages\/4610\/revisions\/4615"}],"wp:attachment":[{"href":"https:\/\/barcelona.servihonda.es\/ca\/wp-json\/wp\/v2\/media?parent=4610"}],"curies":[{"name":"wp","href":"https:\/\/api.w.org\/{rel}","templated":true}]}}