{"id":4656,"date":"2025-09-23T11:43:29","date_gmt":"2025-09-23T09:43:29","guid":{"rendered":"https:\/\/barcelona.servihonda.es\/concessionaris\/"},"modified":"2025-12-16T18:58:23","modified_gmt":"2025-12-16T16:58:23","slug":"concessionaris","status":"publish","type":"page","link":"https:\/\/barcelona.servihonda.es\/ca\/concessionaris\/","title":{"rendered":"Concessionaris"},"content":{"rendered":"<section class=\"l-section wpb_row section-header height_medium with_img\"><div class=\"l-section-img\" role=\"img\" aria-label=\"concessionari fonda motos barcelona\" data-img-width=\"1920\" data-img-height=\"737\" style=\"background-image: url(https:\/\/barcelona.servihonda.es\/wp-content\/uploads\/2025\/11\/SERVIHONDA-BARCELONA-boutique-scaled-1-scaled.jpg);\"><\/div><div class=\"l-section-overlay\" style=\"background:rgba(0,0,0,0.51)\"><\/div><div class=\"l-section-h i-cf\"><div class=\"g-cols vc_row via_flex valign_top type_default stacking_default\"><div class=\"vc_col-sm-12 wpb_column vc_column_container\"><div class=\"vc_column-inner\"><div class=\"wpb_wrapper\"><div class=\"w-vwrapper us_custom_de304e0b align_none valign_top\">[vc_custom_heading text=&#8221;Servihonda Barcelona <strong>Botiga del motorista<\/strong>&#8221; font_container=&#8221;tag:h1|text_align:left&#8221; use_theme_fonts=&#8221;yes&#8221; css=&#8221;%7B%22default%22%3A%7B%22color%22%3A%22%23fff%22%2C%22max-width%22%3A%221000px%22%7D%7D&#8221;]<div class=\"wpb_text_column us_custom_eb8f9415 has_text_color\"><div class=\"wpb_wrapper\"><p>A <a href=\"https:\/\/barcelona.servihonda.es\/\" target=\"_blank\" rel=\"noopener\">SERVIHONDA Barcelona<\/a> tenim tot l&#8217;equipament que necessites per a tu i la teva moto. Troba cascos, jaquetes, pantalons, micos i tot el que necessites a les nostres botigues.<\/p>\n<\/div><\/div><div class=\"w-btn-wrapper align_none\"><a class=\"w-btn us-btn-style_2\" href=\"#concesionarios\"><span class=\"w-btn-label\">Veure concessionaris<\/span><\/a><\/div><\/div><\/div><\/div><\/div><\/div><\/div><\/section><section class=\"l-section wpb_row height_medium width_custom\" style=\"--site-content-width:1280px;\" id=\"concesionarios\"><div class=\"l-section-h i-cf\"><div class=\"g-cols vc_row via_flex valign_top type_default stacking_default\"><div class=\"vc_col-sm-12 wpb_column vc_column_container\"><div class=\"vc_column-inner\"><div class=\"wpb_wrapper\">[vc_custom_heading text=&#8221;Servihonda Barcelona: <strong>concessionaris motos<\/strong> Honda a Barcelona&#8221; font_container=&#8221;tag:h2|text_align:center&#8221; use_theme_fonts=&#8221;yes&#8221;]<div class=\"wpb_text_column us_custom_4f24afa8\"><div class=\"wpb_wrapper\"><p style=\"text-align: center;\">SERVIHONDA Barcelona \u00e9s el concessionari Honda motos que estaves buscant. Un concessionari on treballem amb passi\u00f3, cercant oferir el millor servei i aconseguir que els nostres clients se sentin a casa. <\/p>\n<p style=\"text-align: center;\">La teva nova Honda, accessoris i la millor cura per a la teva moto t&#8217;esperen a les nostres instal\u00b7lacions. T&#8217;esperem a SERVIHONDA. <\/p>\n<\/div><\/div><div class=\"w-grid us_post_list type_grid layout_205 cols_3 preload_style_spinner\" id=\"us_post_list_sefc\" style=\"--columns:3;--gap:0.7rem;\"><style>@media (max-width:991px){#us_post_list_sefc{--columns:2!important}}@media (max-width:650px){#us_post_list_sefc{--columns:1!important}}.layout_205 .w-grid-item-h{}.layout_205 .usg_vwrapper_1{transition-duration:0.3s;transform-origin:50% 50%;transform:scale(1) translate(0%,0%)}.layout_205 .w-grid-item-h:focus-within .usg_vwrapper_1,.layout_205 .w-grid-item-h:hover .usg_vwrapper_1{transform:scale(1) translate(0%,0%);opacity:1;border-color:var(--color-content-primary)!important}.layout_205 .usg_post_title_1{transition-duration:0.3s;transform-origin:50% 50%;transform:scale(1) translate(0%,0%)}.layout_205 .w-grid-item-h:focus-within .usg_post_title_1,.layout_205 .w-grid-item-h:hover .usg_post_title_1{transform:scale(1) translate(0%,0%);opacity:1}.layout_205 .usg_vwrapper_1{padding:1rem!important;border:2px solid #C5C5C5!important}.layout_205 .usg_post_custom_field_1{width:100%!important}.layout_205 .usg_post_custom_field_2{font-size:0.8rem!important;font-weight:300!important}.layout_205 .usg_vwrapper_2{margin-bottom:1.5rem!important}<\/style><div class=\"w-grid-list\">\t<article class=\"w-grid-item size_1x1 post-4787 concesionario type-concesionario status-publish has-post-thumbnail hentry\" data-id=\"4787\">\r\n\t\t<div class=\"w-grid-item-h\">\r\n\t\t\t\t\t\t<div class=\"w-vwrapper usg_vwrapper_1 wrapper-gamas align_none valign_justify has-link\"><div class=\"w-vwrapper usg_vwrapper_2 align_none valign_top\" style=\"--vwrapper-gap:0.4rem\"><h3 class=\"w-post-elm post_title usg_post_title_1 entry-title color_link_inherit\"><a href=\"https:\/\/barcelona.servihonda.es\/ca\/concesionario\/servihonda-mallorca\/\">Servihonda <strong>Mallorca<\/strong><\/a><\/h3><div class=\"w-post-elm post_custom_field usg_post_custom_field_2 type_text direccion\"><span class=\"w-post-elm-value\">Carrer Mallorca, 660, 08027 Barcelona<\/span><\/div><\/div><div class=\"w-post-elm post_custom_field usg_post_custom_field_1 mapa-home type_text mapa color_link_inherit\"><p><a style=\"display: block; width: 100%; max-width: 600px;\" href=\"https:\/\/maps.app.goo.gl\/hRqDWRVuomCFNAtL8\" target=\"_blank\" rel=\"noopener\"><br \/>\n<iframe loading=\"lazy\" style=\"border: 0;\" src=\"https:\/\/www.google.com\/maps\/embed?pb=!1m18!1m12!1m3!1d5322.001450221743!2d2.186946077542436!3d41.41394117129649!2m3!1f0!2f0!3f0!3m2!1i1024!2i768!4f13.1!3m3!1m2!1s0x12a4a32ec95a2515%3A0x9ed6283d8068229a!2sSERVIHONDA%20Barcelona%20(C%2FMallorca)!5e1!3m2!1ses!2ses!4v1763390236574!5m2!1ses!2ses\" width=\"100%\" height=\"200\" allowfullscreen=\"allowfullscreen\"><span data-mce-type=\"bookmark\" style=\"display: inline-block; width: 0px; overflow: hidden; line-height: 0;\" class=\"mce_SELRES_start\"><\/span><\/iframe><\/a><\/p>\n<\/div><a href=\"https:\/\/barcelona.servihonda.es\/ca\/concesionario\/servihonda-mallorca\/\" class=\"w-vwrapper-link smooth-scroll\" aria-label=\"Enlla\u00e7\"><\/a><\/div>\t\t<\/div>\r\n\t\t\t<\/article>\r\n\t<article class=\"w-grid-item size_1x1 post-4838 concesionario type-concesionario status-publish has-post-thumbnail hentry\" data-id=\"4838\">\r\n\t\t<div class=\"w-grid-item-h\">\r\n\t\t\t\t\t\t<div class=\"w-vwrapper usg_vwrapper_1 wrapper-gamas align_none valign_justify has-link\"><div class=\"w-vwrapper usg_vwrapper_2 align_none valign_top\" style=\"--vwrapper-gap:0.4rem\"><h3 class=\"w-post-elm post_title usg_post_title_1 entry-title color_link_inherit\"><a href=\"https:\/\/barcelona.servihonda.es\/ca\/concesionario\/servihonda-pau-claris\/\">Servihonda <strong>Pau Claris<\/strong><\/a><\/h3><div class=\"w-post-elm post_custom_field usg_post_custom_field_2 type_text direccion\"><span class=\"w-post-elm-value\">Carrer de Pau Claris 155, 08009 Barcelona<\/span><\/div><\/div><div class=\"w-post-elm post_custom_field usg_post_custom_field_1 mapa-home type_text mapa color_link_inherit\"><p><a style=\"display: block; width: 100%; max-width: 600px;\" href=\"https:\/\/maps.app.goo.gl\/1on99wycdFYHD8pi6\" target=\"_blank\" rel=\"noopener\"><br \/>\n<iframe loading=\"lazy\" style=\"border: 0;\" src=\"https:\/\/www.google.com\/maps\/embed?pb=!1m18!1m12!1m3!1d5323.590066337024!2d2.1617709775418987!3d41.39454767129905!2m3!1f0!2f0!3f0!3m2!1i1024!2i768!4f13.1!3m3!1m2!1s0x12a4a32ecc56383b%3A0xa05d47d857bbf399!2sSERVIHONDA!5e1!3m2!1ses!2ses!4v1763390519046!5m2!1ses!2ses\" width=\"100%\" height=\"200\" allowfullscreen=\"allowfullscreen\"><\/iframe><br \/>\n<\/a><\/p>\n<\/div><a href=\"https:\/\/barcelona.servihonda.es\/ca\/concesionario\/servihonda-pau-claris\/\" class=\"w-vwrapper-link smooth-scroll\" aria-label=\"Enlla\u00e7\"><\/a><\/div>\t\t<\/div>\r\n\t\t\t<\/article>\r\n\t<article class=\"w-grid-item size_1x1 post-4800 concesionario type-concesionario status-publish has-post-thumbnail hentry\" data-id=\"4800\">\r\n\t\t<div class=\"w-grid-item-h\">\r\n\t\t\t\t\t\t<div class=\"w-vwrapper usg_vwrapper_1 wrapper-gamas align_none valign_justify has-link\"><div class=\"w-vwrapper usg_vwrapper_2 align_none valign_top\" style=\"--vwrapper-gap:0.4rem\"><h3 class=\"w-post-elm post_title usg_post_title_1 entry-title color_link_inherit\"><a href=\"https:\/\/barcelona.servihonda.es\/ca\/concesionario\/servihonda-llull\/\">Servihonda <strong>Llull<\/strong><\/a><\/h3><div class=\"w-post-elm post_custom_field usg_post_custom_field_2 type_text direccion\"><span class=\"w-post-elm-value\">C\/ Llull 47-49, 08005, Barcelona<\/span><\/div><\/div><div class=\"w-post-elm post_custom_field usg_post_custom_field_1 mapa-home type_text mapa color_link_inherit\"><p><a style=\"display: block; width: 100%; max-width: 600px;\" href=\"https:\/\/maps.app.goo.gl\/YJEXbQxh2KxphJw86\" target=\"_blank\" rel=\"noopener\"><br \/>\n<iframe loading=\"lazy\" style=\"border: 0; pointer-events: none;\" src=\"https:\/\/www.google.com\/maps\/embed?pb=!1m18!1m12!1m3!1d1496.549486970986!2d2.1913234695981925!3d41.393656904282075!2m3!1f0!2f0!3f0!3m2!1i1024!2i768!4f13.1!3m3!1m2!1s0x12a4a36d68a56083%3A0x7355dcfcd1dcf1d8!2sServihonda%20Barcelona%20Llull!5e0!3m2!1ses!2ses!4v1763026345710!5m2!1ses!2ses\" width=\"100%\" height=\"200\" allowfullscreen=\"allowfullscreen\"><br \/>\n<\/iframe><br \/>\n<\/a><\/p>\n<\/div><a href=\"https:\/\/barcelona.servihonda.es\/ca\/concesionario\/servihonda-llull\/\" class=\"w-vwrapper-link smooth-scroll\" aria-label=\"Enlla\u00e7\"><\/a><\/div>\t\t<\/div>\r\n\t\t\t<\/article>\r\n<\/div><div class=\"g-loadmore hidden\"><div class=\"g-preloader type_1\"><div><\/div><\/div><\/div><div class=\"w-grid-list-json hidden\" onclick='return {&quot;max_num_pages&quot;:0,&quot;paginationBase&quot;:&quot;page&quot;,&quot;pagination&quot;:&quot;none&quot;,&quot;paged&quot;:1,&quot;ajaxData&quot;:{&quot;action&quot;:&quot;us_ajax_post_list&quot;,&quot;meta_type&quot;:&quot;post&quot;,&quot;object_id&quot;:0,&quot;template_vars&quot;:{&quot;shortcode_base&quot;:&quot;us_post_list&quot;,&quot;paged&quot;:1,&quot;max_num_pages&quot;:0,&quot;no_results&quot;:false,&quot;us_post_content_design_css&quot;:[],&quot;found_posts&quot;:0,&quot;items_count&quot;:3,&quot;source&quot;:&quot;all&quot;,&quot;custom_field_name&quot;:&quot;&quot;,&quot;ids&quot;:&quot;&quot;,&quot;post_type&quot;:&quot;concesionario&quot;,&quot;attachment_ids&quot;:null,&quot;include_post_thumbnail&quot;:0,&quot;post_author&quot;:&quot;any&quot;,&quot;post_author_ids&quot;:&quot;&quot;,&quot;apply_url_params&quot;:0,&quot;exclude_children&quot;:0,&quot;exclude_current_post&quot;:1,&quot;exclude_prev_posts&quot;:0,&quot;enable_items_offset&quot;:0,&quot;items_offset&quot;:&quot;1&quot;,&quot;tax_query_relation&quot;:&quot;none&quot;,&quot;tax_query&quot;:[{&quot;operator&quot;:&quot;IN&quot;,&quot;taxonomy&quot;:&quot;category&quot;,&quot;terms&quot;:&quot;&quot;,&quot;include_children&quot;:0}],&quot;meta_query_relation&quot;:&quot;none&quot;,&quot;meta_query&quot;:[{&quot;key&quot;:&quot;custom_field_name&quot;,&quot;compare&quot;:&quot;=&quot;,&quot;value&quot;:&quot;&quot;}],&quot;orderby&quot;:&quot;date&quot;,&quot;orderby_custom_field&quot;:&quot;&quot;,&quot;orderby_custom_type&quot;:0,&quot;order_invert&quot;:&quot;1&quot;,&quot;show_all&quot;:0,&quot;quantity&quot;:&quot;3&quot;,&quot;posts_per_archive_page&quot;:0,&quot;no_items_action&quot;:&quot;message&quot;,&quot;no_items_message&quot;:&quot;No s&#039;ha trobat cap resultat.&quot;,&quot;no_items_page_block&quot;:&quot;&quot;,&quot;pagination&quot;:&quot;none&quot;,&quot;pagination_style&quot;:&quot;&quot;,&quot;pagination_btn_text&quot;:&quot;Load More&quot;,&quot;pagination_btn_size&quot;:&quot;&quot;,&quot;pagination_btn_style&quot;:&quot;1&quot;,&quot;pagination_btn_fullwidth&quot;:0,&quot;items_layout&quot;:&quot;205&quot;,&quot;type&quot;:&quot;grid&quot;,&quot;items_valign&quot;:0,&quot;ignore_items_size&quot;:0,&quot;columns&quot;:&quot;3&quot;,&quot;items_gap&quot;:&quot;0.7rem&quot;,&quot;load_animation&quot;:&quot;none&quot;,&quot;items_preload_style&quot;:&quot;spinner&quot;,&quot;img_size&quot;:&quot;default&quot;,&quot;title_size&quot;:&quot;&quot;,&quot;items_ratio&quot;:&quot;default&quot;,&quot;items_ratio_width&quot;:&quot;21&quot;,&quot;items_ratio_height&quot;:&quot;9&quot;,&quot;overriding_link&quot;:&quot;%7B%22url%22%3A%22%22%7D&quot;,&quot;popup_page_template&quot;:&quot;0&quot;,&quot;popup_width&quot;:&quot;&quot;,&quot;popup_arrows&quot;:1,&quot;breakpoint_1_width&quot;:&quot;1281px&quot;,&quot;breakpoint_1_cols&quot;:&quot;default&quot;,&quot;breakpoint_1_quantity&quot;:&quot;&quot;,&quot;breakpoint_1_gap&quot;:&quot;&quot;,&quot;breakpoint_2_width&quot;:&quot;992px&quot;,&quot;breakpoint_2_cols&quot;:&quot;2&quot;,&quot;breakpoint_2_quantity&quot;:&quot;&quot;,&quot;breakpoint_2_gap&quot;:&quot;&quot;,&quot;breakpoint_3_width&quot;:&quot;651px&quot;,&quot;breakpoint_3_cols&quot;:&quot;1&quot;,&quot;breakpoint_3_quantity&quot;:&quot;&quot;,&quot;breakpoint_3_gap&quot;:&quot;&quot;,&quot;conditions_operator&quot;:&quot;always&quot;,&quot;conditions&quot;:[],&quot;css&quot;:null,&quot;el_class&quot;:&quot;&quot;,&quot;el_id&quot;:&quot;&quot;,&quot;enable_custom_html_atts&quot;:0,&quot;custom_html_atts&quot;:null,&quot;hide_on_states&quot;:&quot;&quot;,&quot;hide_for_sticky&quot;:0,&quot;hide_for_not_sticky&quot;:0,&quot;hide_below&quot;:&quot;0px&quot;,&quot;hide_above&quot;:&quot;0px&quot;,&quot;classes&quot;:&quot;&quot;}},&quot;facetedFilter&quot;:[]}'><\/div><\/div><\/div><\/div><\/div><\/div><\/div><\/section>\n","protected":false},"excerpt":{"rendered":"[vc_custom_heading text=\"SERVIHONDA BARCELONA LLULL\" use_theme_fonts=\"yes\"]Situat al Carrer Llull, 47-49 08005 Barcelona, \u200b\u200bSERVIHONDA Barcelona \u00e9s el concessionari Honda de motos que buscaves. Centraleta936 460 600 WhatsApp+34 661 504 343 Atenci\u00f3 al clientinfo@servihondabcn.com Direcci\u00f3Carrer Llull, 47-49 08005 Barcelona Tancament de festius el 2025 : 1 de gener, 6 de gener, 29 de mar\u00e7, 1 d&#8217;abril, 1 de...","protected":false},"author":1,"featured_media":0,"parent":0,"menu_order":0,"comment_status":"closed","ping_status":"closed","template":"","meta":{"_acf_changed":false,"footnotes":""},"class_list":["post-4656","page","type-page","status-publish","hentry"],"acf":[],"yoast_head":"<!-- This site is optimized with the Yoast SEO plugin v27.6 - https:\/\/yoast.com\/product\/yoast-seo-wordpress\/ -->\n<title>Concessionaris Motos Honda Barcelona | Servihonda Barcelona<\/title>\n<meta name=\"description\" content=\"Fes realitat els teus somnis acudint als nostres concessionaris Motos Honda a Barcelona amb facilitats de pagament i un servei de gran qualitat.\" \/>\n<meta name=\"robots\" content=\"index, follow, max-snippet:-1, max-image-preview:large, max-video-preview:-1\" \/>\n<link rel=\"canonical\" href=\"https:\/\/barcelona.servihonda.es\/ca\/concessionaris\/\" \/>\n<meta property=\"og:locale\" content=\"ca_ES\" \/>\n<meta property=\"og:type\" content=\"article\" \/>\n<meta property=\"og:title\" content=\"Concessionaris Motos Honda Barcelona | Servihonda Barcelona\" \/>\n<meta property=\"og:description\" content=\"Fes realitat els teus somnis acudint als nostres concessionaris Motos Honda a Barcelona amb facilitats de pagament i un servei de gran qualitat.\" \/>\n<meta property=\"og:url\" content=\"https:\/\/barcelona.servihonda.es\/ca\/concessionaris\/\" \/>\n<meta property=\"og:site_name\" content=\"Servihonda Barcelona\" \/>\n<meta property=\"article:modified_time\" content=\"2025-12-16T16:58:23+00:00\" \/>\n<meta name=\"twitter:card\" content=\"summary_large_image\" \/>\n<meta name=\"twitter:label1\" content=\"Temps estimat de lectura\" \/>\n\t<meta name=\"twitter:data1\" content=\"2 minuts\" \/>\n<script type=\"application\/ld+json\" class=\"yoast-schema-graph\">{\"@context\":\"https:\\\/\\\/schema.org\",\"@graph\":[{\"@type\":\"WebPage\",\"@id\":\"https:\\\/\\\/barcelona.servihonda.es\\\/ca\\\/concessionaris\\\/\",\"url\":\"https:\\\/\\\/barcelona.servihonda.es\\\/ca\\\/concessionaris\\\/\",\"name\":\"Concessionaris Motos Honda Barcelona | Servihonda Barcelona\",\"isPartOf\":{\"@id\":\"https:\\\/\\\/barcelona.servihonda.es\\\/ca\\\/#website\"},\"datePublished\":\"2025-09-23T09:43:29+00:00\",\"dateModified\":\"2025-12-16T16:58:23+00:00\",\"description\":\"Fes realitat els teus somnis acudint als nostres concessionaris Motos Honda a Barcelona amb facilitats de pagament i un servei de gran qualitat.\",\"breadcrumb\":{\"@id\":\"https:\\\/\\\/barcelona.servihonda.es\\\/ca\\\/concessionaris\\\/#breadcrumb\"},\"inLanguage\":\"ca\",\"potentialAction\":[{\"@type\":\"ReadAction\",\"target\":[\"https:\\\/\\\/barcelona.servihonda.es\\\/ca\\\/concessionaris\\\/\"]}]},{\"@type\":\"BreadcrumbList\",\"@id\":\"https:\\\/\\\/barcelona.servihonda.es\\\/ca\\\/concessionaris\\\/#breadcrumb\",\"itemListElement\":[{\"@type\":\"ListItem\",\"position\":1,\"name\":\"Portada\",\"item\":\"https:\\\/\\\/barcelona.servihonda.es\\\/ca\\\/\"},{\"@type\":\"ListItem\",\"position\":2,\"name\":\"Concessionaris\"}]},{\"@type\":\"WebSite\",\"@id\":\"https:\\\/\\\/barcelona.servihonda.es\\\/ca\\\/#website\",\"url\":\"https:\\\/\\\/barcelona.servihonda.es\\\/ca\\\/\",\"name\":\"Servihonda Barcelona\",\"description\":\"\",\"publisher\":{\"@id\":\"https:\\\/\\\/barcelona.servihonda.es\\\/ca\\\/#organization\"},\"potentialAction\":[{\"@type\":\"SearchAction\",\"target\":{\"@type\":\"EntryPoint\",\"urlTemplate\":\"https:\\\/\\\/barcelona.servihonda.es\\\/ca\\\/?s={search_term_string}\"},\"query-input\":{\"@type\":\"PropertyValueSpecification\",\"valueRequired\":true,\"valueName\":\"search_term_string\"}}],\"inLanguage\":\"ca\"},{\"@type\":\"Organization\",\"@id\":\"https:\\\/\\\/barcelona.servihonda.es\\\/ca\\\/#organization\",\"name\":\"Servihonda Barcelona\",\"url\":\"https:\\\/\\\/barcelona.servihonda.es\\\/ca\\\/\",\"logo\":{\"@type\":\"ImageObject\",\"inLanguage\":\"ca\",\"@id\":\"https:\\\/\\\/barcelona.servihonda.es\\\/ca\\\/#\\\/schema\\\/logo\\\/image\\\/\",\"url\":\"https:\\\/\\\/barcelona.servihonda.es\\\/wp-content\\\/uploads\\\/2025\\\/09\\\/logo-servihonda.png\",\"contentUrl\":\"https:\\\/\\\/barcelona.servihonda.es\\\/wp-content\\\/uploads\\\/2025\\\/09\\\/logo-servihonda.png\",\"width\":253,\"height\":72,\"caption\":\"Servihonda Barcelona\"},\"image\":{\"@id\":\"https:\\\/\\\/barcelona.servihonda.es\\\/ca\\\/#\\\/schema\\\/logo\\\/image\\\/\"}}]}<\/script>\n<!-- \/ Yoast SEO plugin. -->","yoast_head_json":{"title":"Concessionaris Motos Honda Barcelona | Servihonda Barcelona","description":"Fes realitat els teus somnis acudint als nostres concessionaris Motos Honda a Barcelona amb facilitats de pagament i un servei de gran qualitat.","robots":{"index":"index","follow":"follow","max-snippet":"max-snippet:-1","max-image-preview":"max-image-preview:large","max-video-preview":"max-video-preview:-1"},"canonical":"https:\/\/barcelona.servihonda.es\/ca\/concessionaris\/","og_locale":"ca_ES","og_type":"article","og_title":"Concessionaris Motos Honda Barcelona | Servihonda Barcelona","og_description":"Fes realitat els teus somnis acudint als nostres concessionaris Motos Honda a Barcelona amb facilitats de pagament i un servei de gran qualitat.","og_url":"https:\/\/barcelona.servihonda.es\/ca\/concessionaris\/","og_site_name":"Servihonda Barcelona","article_modified_time":"2025-12-16T16:58:23+00:00","twitter_card":"summary_large_image","twitter_misc":{"Temps estimat de lectura":"2 minuts"},"schema":{"@context":"https:\/\/schema.org","@graph":[{"@type":"WebPage","@id":"https:\/\/barcelona.servihonda.es\/ca\/concessionaris\/","url":"https:\/\/barcelona.servihonda.es\/ca\/concessionaris\/","name":"Concessionaris Motos Honda Barcelona | Servihonda Barcelona","isPartOf":{"@id":"https:\/\/barcelona.servihonda.es\/ca\/#website"},"datePublished":"2025-09-23T09:43:29+00:00","dateModified":"2025-12-16T16:58:23+00:00","description":"Fes realitat els teus somnis acudint als nostres concessionaris Motos Honda a Barcelona amb facilitats de pagament i un servei de gran qualitat.","breadcrumb":{"@id":"https:\/\/barcelona.servihonda.es\/ca\/concessionaris\/#breadcrumb"},"inLanguage":"ca","potentialAction":[{"@type":"ReadAction","target":["https:\/\/barcelona.servihonda.es\/ca\/concessionaris\/"]}]},{"@type":"BreadcrumbList","@id":"https:\/\/barcelona.servihonda.es\/ca\/concessionaris\/#breadcrumb","itemListElement":[{"@type":"ListItem","position":1,"name":"Portada","item":"https:\/\/barcelona.servihonda.es\/ca\/"},{"@type":"ListItem","position":2,"name":"Concessionaris"}]},{"@type":"WebSite","@id":"https:\/\/barcelona.servihonda.es\/ca\/#website","url":"https:\/\/barcelona.servihonda.es\/ca\/","name":"Servihonda Barcelona","description":"","publisher":{"@id":"https:\/\/barcelona.servihonda.es\/ca\/#organization"},"potentialAction":[{"@type":"SearchAction","target":{"@type":"EntryPoint","urlTemplate":"https:\/\/barcelona.servihonda.es\/ca\/?s={search_term_string}"},"query-input":{"@type":"PropertyValueSpecification","valueRequired":true,"valueName":"search_term_string"}}],"inLanguage":"ca"},{"@type":"Organization","@id":"https:\/\/barcelona.servihonda.es\/ca\/#organization","name":"Servihonda Barcelona","url":"https:\/\/barcelona.servihonda.es\/ca\/","logo":{"@type":"ImageObject","inLanguage":"ca","@id":"https:\/\/barcelona.servihonda.es\/ca\/#\/schema\/logo\/image\/","url":"https:\/\/barcelona.servihonda.es\/wp-content\/uploads\/2025\/09\/logo-servihonda.png","contentUrl":"https:\/\/barcelona.servihonda.es\/wp-content\/uploads\/2025\/09\/logo-servihonda.png","width":253,"height":72,"caption":"Servihonda Barcelona"},"image":{"@id":"https:\/\/barcelona.servihonda.es\/ca\/#\/schema\/logo\/image\/"}}]}},"_links":{"self":[{"href":"https:\/\/barcelona.servihonda.es\/ca\/wp-json\/wp\/v2\/pages\/4656","targetHints":{"allow":["GET"]}}],"collection":[{"href":"https:\/\/barcelona.servihonda.es\/ca\/wp-json\/wp\/v2\/pages"}],"about":[{"href":"https:\/\/barcelona.servihonda.es\/ca\/wp-json\/wp\/v2\/types\/page"}],"author":[{"embeddable":true,"href":"https:\/\/barcelona.servihonda.es\/ca\/wp-json\/wp\/v2\/users\/1"}],"replies":[{"embeddable":true,"href":"https:\/\/barcelona.servihonda.es\/ca\/wp-json\/wp\/v2\/comments?post=4656"}],"version-history":[{"count":11,"href":"https:\/\/barcelona.servihonda.es\/ca\/wp-json\/wp\/v2\/pages\/4656\/revisions"}],"predecessor-version":[{"id":4718,"href":"https:\/\/barcelona.servihonda.es\/ca\/wp-json\/wp\/v2\/pages\/4656\/revisions\/4718"}],"wp:attachment":[{"href":"https:\/\/barcelona.servihonda.es\/ca\/wp-json\/wp\/v2\/media?parent=4656"}],"curies":[{"name":"wp","href":"https:\/\/api.w.org\/{rel}","templated":true}]}}