{"id":4696,"date":"2025-09-24T16:20:12","date_gmt":"2025-09-24T14:20:12","guid":{"rendered":"https:\/\/barcelona.servihonda.es\/noticies\/"},"modified":"2025-12-16T18:58:23","modified_gmt":"2025-12-16T16:58:23","slug":"noticies","status":"publish","type":"page","link":"https:\/\/barcelona.servihonda.es\/ca\/noticies\/","title":{"rendered":"Not\u00edcies"},"content":{"rendered":"<section class=\"l-section wpb_row height_medium with_img\"><div class=\"l-section-img\" role=\"img\" aria-label=\"Imatge\" data-img-width=\"1920\" data-img-height=\"1280\" style=\"background-image: url(https:\/\/barcelona.servihonda.es\/wp-content\/uploads\/2025\/09\/1704364-2400x1600-desktop-hd-honda-rebel-wallpaper-image-scaled.jpg);background-repeat: no-repeat;\"><\/div><div class=\"l-section-overlay\" style=\"background:rgba(0,0,0,0.4)\"><\/div><div class=\"l-section-h i-cf\"><div class=\"g-cols vc_row via_flex valign_top type_default stacking_default\"><div class=\"vc_col-sm-12 wpb_column vc_column_container\"><div class=\"vc_column-inner\"><div class=\"wpb_wrapper\">[vc_custom_heading text=&#8221;Sala de premsa&#8221; font_container=&#8221;tag:h1|text_align:left&#8221; use_theme_fonts=&#8221;yes&#8221; css=&#8221;%7B%22default%22%3A%7B%22color%22%3A%22%23fff%22%7D%7D&#8221;]<div class=\"wpb_text_column us_custom_b7917122 has_text_color\"><div class=\"wpb_wrapper\"><p>Es troba a la Sala de Premsa i Comunicaci\u00f3 de Servihonda Barcelona, \u200b\u200bConcessionari Oficial Honda Motos amb instal\u00b7lacions a Llull, Pau Claris i Mallorca. Tot el material aqu\u00ed recollit t\u00e9 com a fi \u00faltim facilitar la tasca dels mitjans de comunicaci\u00f3, sent lliure de drets per a la seva utilitzaci\u00f3 amb fins informatius i period\u00edstics.<\/p>\n<\/div><\/div><\/div><\/div><\/div><\/div><\/div><\/section><section class=\"l-section wpb_row height_medium\"><div class=\"l-section-h i-cf\"><div class=\"g-cols vc_row via_flex valign_top type_default stacking_default\"><div class=\"vc_col-sm-12 wpb_column vc_column_container\"><div class=\"vc_column-inner\"><div class=\"wpb_wrapper\"><div class=\"w-grid us_grid type_grid layout_219 cols_2 pagination_ajax preload_style_spinner\" id=\"us_grid_1\" style=\"--columns:2;--gap:1rem;\" data-filterable=\"true\"><style>@media (max-width:650px){#us_grid_1{--columns:1!important}}.layout_219 .w-grid-item-h{}.layout_219 .usg_vwrapper_1{width:377px!important;position:relative!important;overflow:hidden!important}.layout_219 .usg_post_image_1{height:200px!important;margin-bottom:0!important}.layout_219 .usg_post_date_1{font-size:0.8rem!important;border-radius:30px 0px 0px 0px!important;position:absolute!important;bottom:0!important;right:0!important;background:#D9D9D9!important;padding:0.5rem 1rem 0.5rem 1rem!important}.layout_219 .usg_vwrapper_2{max-width:400px!important}.layout_219 .usg_post_title_1{color:#000!important;font-size:1rem!important;font-family:var(--font-family)!important;font-weight:600!important;text-transform:none!important}.layout_219 .usg_text_1{color:var(--color-content-primary)!important;font-size:0.8rem!important;font-weight:600!important}.layout_219 .usg_post_content_1{font-size:0.8rem!important;font-weight:300!important}<\/style><div class=\"w-grid-list\">\t<article class=\"w-grid-item size_1x1 post-5063 post type-post status-publish format-standard has-post-thumbnail hentry category-blog category-promocions\" data-id=\"5063\">\r\n\t\t<div class=\"w-grid-item-h\">\r\n\t\t\t\t\t\t<div class=\"w-hwrapper usg_hwrapper_1 wrapper-promotion align_none valign_middle\"><div class=\"w-vwrapper usg_vwrapper_1 align_none valign_top\"><div class=\"w-post-elm post_image usg_post_image_1 has_height has_ratio\"><a href=\"https:\/\/barcelona.servihonda.es\/ca\/presentacio-scooters-electriques-servihonda-barcelona\/\" aria-label=\"PRESENTACI\u00d3 SCOOTERS EL\u00c8CTRIQUES SERVIHONDA BARCELONA\"><img loading=\"lazy\" decoding=\"async\" width=\"1080\" height=\"1080\" src=\"https:\/\/barcelona.servihonda.es\/wp-content\/uploads\/2025\/11\/1080x1080_ELECTRICAS_SERVIHONDA_BARCELONA.jpg\" class=\"attachment-full size-full wp-post-image\" alt=\"\" \/><\/a><div style=\"padding-bottom:56.25%\"><\/div><\/div><time class=\"w-post-elm post_date usg_post_date_1 entry-date published\" datetime=\"2025-10-17T09:02:34+02:00\">10\/17\/2025<\/time><\/div><div class=\"w-vwrapper usg_vwrapper_2 wrapper-promotion-text align_none valign_top\"><h3 class=\"w-post-elm post_title usg_post_title_1 has_text_color entry-title color_link_inherit\"><a href=\"https:\/\/barcelona.servihonda.es\/ca\/presentacio-scooters-electriques-servihonda-barcelona\/\">PRESENTACI\u00d3 SCOOTERS EL\u00c8CTRIQUES SERVIHONDA BARCELONA<\/a><\/h3><div class=\"w-post-elm post_content usg_post_content_1\">Noves Scooter el\u00e8ctriques a Servihonda Barcelona Descobreix la mobilitat del futur La nova era el\u00e8ctrica t?espera a Servihonda Barcelona. Del&hellip;<\/div><div class=\"w-text usg_text_1 has_text_color\"><a href=\"https:\/\/barcelona.servihonda.es\/ca\/presentacio-scooters-electriques-servihonda-barcelona\/\" class=\"w-text-h\"><span class=\"w-text-value\">Leer mas +<\/span><\/a><\/div><\/div><\/div>\t\t<\/div>\r\n\t\t\t<\/article>\r\n\t<article class=\"w-grid-item size_1x1 post-5061 post type-post status-publish format-standard has-post-thumbnail hentry category-blog\" data-id=\"5061\">\r\n\t\t<div class=\"w-grid-item-h\">\r\n\t\t\t\t\t\t<div class=\"w-hwrapper usg_hwrapper_1 wrapper-promotion align_none valign_middle\"><div class=\"w-vwrapper usg_vwrapper_1 align_none valign_top\"><div class=\"w-post-elm post_image usg_post_image_1 has_height has_ratio\"><a href=\"https:\/\/barcelona.servihonda.es\/ca\/honda-wn7-la-primera-motocicleta-electrica-de-gran-cilindrada-ja-disponible-per-a-reserva-a-servihonda-barcelona\/\" aria-label=\"Honda WN7: la primera motocicleta el\u00e8ctrica de gran cilindrada ja disponible per a reserva a Servihonda Barcelona\"><img loading=\"lazy\" decoding=\"async\" width=\"1920\" height=\"1280\" src=\"https:\/\/barcelona.servihonda.es\/wp-content\/uploads\/2025\/11\/546688_Confirmed_name_production_timing_and_major_specification_details_for_the-scaled-1-scaled.jpg\" class=\"attachment-full size-full wp-post-image\" alt=\"\" \/><\/a><div style=\"padding-bottom:56.25%\"><\/div><\/div><time class=\"w-post-elm post_date usg_post_date_1 entry-date published\" datetime=\"2025-09-17T09:01:58+02:00\">09\/17\/2025<\/time><\/div><div class=\"w-vwrapper usg_vwrapper_2 wrapper-promotion-text align_none valign_top\"><h3 class=\"w-post-elm post_title usg_post_title_1 has_text_color entry-title color_link_inherit\"><a href=\"https:\/\/barcelona.servihonda.es\/ca\/honda-wn7-la-primera-motocicleta-electrica-de-gran-cilindrada-ja-disponible-per-a-reserva-a-servihonda-barcelona\/\">Honda WN7: la primera motocicleta el\u00e8ctrica de gran cilindrada ja disponible per a reserva a Servihonda Barcelona<\/a><\/h3><div class=\"w-post-elm post_content usg_post_content_1\">Honda WN7: la revoluci\u00f3 el\u00e8ctrica d&#8217;Honda ja a Servihonda Barcelona Honda ha fet un pas hist\u00f2ric amb la presentaci\u00f3 de&hellip;<\/div><div class=\"w-text usg_text_1 has_text_color\"><a href=\"https:\/\/barcelona.servihonda.es\/ca\/honda-wn7-la-primera-motocicleta-electrica-de-gran-cilindrada-ja-disponible-per-a-reserva-a-servihonda-barcelona\/\" class=\"w-text-h\"><span class=\"w-text-value\">Leer mas +<\/span><\/a><\/div><\/div><\/div>\t\t<\/div>\r\n\t\t\t<\/article>\r\n\t<article class=\"w-grid-item size_1x1 post-5059 post type-post status-publish format-standard has-post-thumbnail hentry category-blog\" data-id=\"5059\">\r\n\t\t<div class=\"w-grid-item-h\">\r\n\t\t\t\t\t\t<div class=\"w-hwrapper usg_hwrapper_1 wrapper-promotion align_none valign_middle\"><div class=\"w-vwrapper usg_vwrapper_1 align_none valign_top\"><div class=\"w-post-elm post_image usg_post_image_1 has_height has_ratio\"><a href=\"https:\/\/barcelona.servihonda.es\/ca\/honda-ev-fun-concept-la-moto-electrica-dhonda-arriba-a-europa-servihonda-barcelona\/\" aria-label=\"Honda EV FUN Concept: la moto el\u00e8ctrica d&#8217;Honda arriba a Europa | Servihonda Barcelona\"><img loading=\"lazy\" decoding=\"async\" width=\"1920\" height=\"1280\" src=\"https:\/\/barcelona.servihonda.es\/wp-content\/uploads\/2025\/11\/542827_Honda_releases_European_test_riding_footage_of_EV_FUN_Concept-scaled-1-scaled.jpg\" class=\"attachment-full size-full wp-post-image\" alt=\"\" \/><\/a><div style=\"padding-bottom:56.25%\"><\/div><\/div><time class=\"w-post-elm post_date usg_post_date_1 entry-date published\" datetime=\"2025-09-04T10:20:10+02:00\">09\/04\/2025<\/time><\/div><div class=\"w-vwrapper usg_vwrapper_2 wrapper-promotion-text align_none valign_top\"><h3 class=\"w-post-elm post_title usg_post_title_1 has_text_color entry-title color_link_inherit\"><a href=\"https:\/\/barcelona.servihonda.es\/ca\/honda-ev-fun-concept-la-moto-electrica-dhonda-arriba-a-europa-servihonda-barcelona\/\">Honda EV FUN Concept: la moto el\u00e8ctrica d&#8217;Honda arriba a Europa | Servihonda Barcelona<\/a><\/h3><div class=\"w-post-elm post_content usg_post_content_1\">Honda EV FUN Concept: la nova era el\u00e8ctrica arriba a la carretera Honda ha fet un pas hist\u00f2ric en el&hellip;<\/div><div class=\"w-text usg_text_1 has_text_color\"><a href=\"https:\/\/barcelona.servihonda.es\/ca\/honda-ev-fun-concept-la-moto-electrica-dhonda-arriba-a-europa-servihonda-barcelona\/\" class=\"w-text-h\"><span class=\"w-text-value\">Leer mas +<\/span><\/a><\/div><\/div><\/div>\t\t<\/div>\r\n\t\t\t<\/article>\r\n\t<article class=\"w-grid-item size_1x1 post-5053 post type-post status-publish format-standard has-post-thumbnail hentry category-blog\" data-id=\"5053\">\r\n\t\t<div class=\"w-grid-item-h\">\r\n\t\t\t\t\t\t<div class=\"w-hwrapper usg_hwrapper_1 wrapper-promotion align_none valign_middle\"><div class=\"w-vwrapper usg_vwrapper_1 align_none valign_top\"><div class=\"w-post-elm post_image usg_post_image_1 has_height has_ratio\"><a href=\"https:\/\/barcelona.servihonda.es\/ca\/descompte-en-bateries-i-pastilles-de-fre-honda-a-barcelona-servihonda\/\" aria-label=\"Descompte en bateries i pastilles de fre Honda a Barcelona | Servihonda\"><img loading=\"lazy\" decoding=\"async\" width=\"600\" height=\"500\" src=\"https:\/\/barcelona.servihonda.es\/wp-content\/uploads\/2025\/11\/HME-MC-Autumn-Campaign-web-banners-ES-1.jpg\" class=\"attachment-full size-full wp-post-image\" alt=\"Revisi\u00f3 estat de salut Taller ofiicial Honda a Servihonda Barcelona\" \/><\/a><div style=\"padding-bottom:56.25%\"><\/div><\/div><time class=\"w-post-elm post_date usg_post_date_1 entry-date published\" datetime=\"2025-09-04T09:29:28+02:00\">09\/04\/2025<\/time><\/div><div class=\"w-vwrapper usg_vwrapper_2 wrapper-promotion-text align_none valign_top\"><h3 class=\"w-post-elm post_title usg_post_title_1 has_text_color entry-title color_link_inherit\"><a href=\"https:\/\/barcelona.servihonda.es\/ca\/descompte-en-bateries-i-pastilles-de-fre-honda-a-barcelona-servihonda\/\">Descompte en bateries i pastilles de fre Honda a Barcelona | Servihonda<\/a><\/h3><div class=\"w-post-elm post_content usg_post_content_1\">Descompte en bateries i pastilles de fre Honda a Barcelona Aquesta tardor \u00e9s el moment perfecte per posar la teva&hellip;<\/div><div class=\"w-text usg_text_1 has_text_color\"><a href=\"https:\/\/barcelona.servihonda.es\/ca\/descompte-en-bateries-i-pastilles-de-fre-honda-a-barcelona-servihonda\/\" class=\"w-text-h\"><span class=\"w-text-value\">Leer mas +<\/span><\/a><\/div><\/div><\/div>\t\t<\/div>\r\n\t\t\t<\/article>\r\n<\/div>\t<div class=\"w-grid-preloader\">\r\n\t\t<div class=\"g-preloader type_1\">\r\n\t\t\t<div><\/div>\r\n\t\t<\/div>\r\n\t<\/div>\r\n\t\t\t\t<div class=\"g-loadmore \">\r\n\t\t\t\t<div class=\"g-preloader type_1\">\r\n\t\t\t\t\t<div><\/div>\r\n\t\t\t\t<\/div>\r\n\t\t\t\t<button class=\"w-btn us-btn-style_1\">\r\n\t\t\t\t\t<span class=\"w-btn-label\">Load More<\/span>\r\n\t\t\t\t<\/button>\r\n\t\t\t<\/div>\r\n\t\t\t\t<div class=\"w-grid-json hidden\" onclick='return {&quot;action&quot;:&quot;us_ajax_grid&quot;,&quot;infinite_scroll&quot;:0,&quot;max_num_pages&quot;:31,&quot;pagination&quot;:&quot;ajax&quot;,&quot;template_vars&quot;:{&quot;columns&quot;:&quot;2&quot;,&quot;exclude_items&quot;:&quot;none&quot;,&quot;img_size&quot;:&quot;default&quot;,&quot;ignore_items_size&quot;:0,&quot;items_layout&quot;:&quot;219&quot;,&quot;items_offset&quot;:&quot;1&quot;,&quot;load_animation&quot;:&quot;none&quot;,&quot;overriding_link&quot;:&quot;%7B%22url%22%3A%22%22%7D&quot;,&quot;post_id&quot;:0,&quot;query_args&quot;:{&quot;post_type&quot;:[&quot;post&quot;],&quot;post_status&quot;:[&quot;publish&quot;,&quot;acf-disabled&quot;],&quot;posts_per_page&quot;:&quot;4&quot;},&quot;orderby_query_args&quot;:{&quot;orderby&quot;:{&quot;date&quot;:&quot;DESC&quot;}},&quot;type&quot;:&quot;grid&quot;,&quot;us_grid_post_type&quot;:&quot;post&quot;,&quot;us_grid_ajax_index&quot;:1,&quot;us_grid_filter_query_string&quot;:null,&quot;us_grid_index&quot;:1,&quot;page_args&quot;:[],&quot;lang&quot;:&quot;ca&quot;}}'><\/div>\r\n\t<\/div><\/div><\/div><\/div><\/div><\/div><\/section>\n","protected":false},"excerpt":{"rendered":"Descompte en bateries i pastilles de fre Honda a Barcelona Aquesta tardor \u00e9s el moment perfecte per posar la teva Honda a punt a Servihonda Barcelona . Fins al 31 d&#8217;octubre del 2025 gaudeix del nostre descompte en bateries i pastilles de fre originals Honda , dos components clau per a la teva seguretat i...","protected":false},"author":1,"featured_media":0,"parent":0,"menu_order":0,"comment_status":"closed","ping_status":"closed","template":"","meta":{"_acf_changed":false,"footnotes":""},"class_list":["post-4696","page","type-page","status-publish","hentry"],"acf":[],"yoast_head":"<!-- This site is optimized with the Yoast SEO plugin v27.6 - https:\/\/yoast.com\/product\/yoast-seo-wordpress\/ -->\n<title>Blog: Principals not\u00edcies | Servihonda Barcelona<\/title>\n<meta name=\"description\" content=\"Explora el bloc de Servihonda Barcelona i estigues al dia amb les \u00faltimes not\u00edcies, consells de manteniment, llan\u00e7aments de motos i ofertes.\" \/>\n<meta name=\"robots\" content=\"index, follow, max-snippet:-1, max-image-preview:large, max-video-preview:-1\" \/>\n<link rel=\"canonical\" href=\"https:\/\/barcelona.servihonda.es\/ca\/noticies\/\" \/>\n<meta property=\"og:locale\" content=\"ca_ES\" \/>\n<meta property=\"og:type\" content=\"article\" \/>\n<meta property=\"og:title\" content=\"Blog: Principals not\u00edcies | Servihonda Barcelona\" \/>\n<meta property=\"og:description\" content=\"Explora el bloc de Servihonda Barcelona i estigues al dia amb les \u00faltimes not\u00edcies, consells de manteniment, llan\u00e7aments de motos i ofertes.\" \/>\n<meta property=\"og:url\" content=\"https:\/\/barcelona.servihonda.es\/ca\/noticies\/\" \/>\n<meta property=\"og:site_name\" content=\"Servihonda Barcelona\" \/>\n<meta property=\"article:modified_time\" content=\"2025-12-16T16:58:23+00:00\" \/>\n<meta name=\"twitter:card\" content=\"summary_large_image\" \/>\n<meta name=\"twitter:label1\" content=\"Temps estimat de lectura\" \/>\n\t<meta name=\"twitter:data1\" content=\"1 minut\" \/>\n<script type=\"application\/ld+json\" class=\"yoast-schema-graph\">{\"@context\":\"https:\\\/\\\/schema.org\",\"@graph\":[{\"@type\":\"WebPage\",\"@id\":\"https:\\\/\\\/barcelona.servihonda.es\\\/ca\\\/noticies\\\/\",\"url\":\"https:\\\/\\\/barcelona.servihonda.es\\\/ca\\\/noticies\\\/\",\"name\":\"Blog: Principals not\u00edcies | Servihonda Barcelona\",\"isPartOf\":{\"@id\":\"https:\\\/\\\/barcelona.servihonda.es\\\/ca\\\/#website\"},\"datePublished\":\"2025-09-24T14:20:12+00:00\",\"dateModified\":\"2025-12-16T16:58:23+00:00\",\"description\":\"Explora el bloc de Servihonda Barcelona i estigues al dia amb les \u00faltimes not\u00edcies, consells de manteniment, llan\u00e7aments de motos i ofertes.\",\"breadcrumb\":{\"@id\":\"https:\\\/\\\/barcelona.servihonda.es\\\/ca\\\/noticies\\\/#breadcrumb\"},\"inLanguage\":\"ca\",\"potentialAction\":[{\"@type\":\"ReadAction\",\"target\":[\"https:\\\/\\\/barcelona.servihonda.es\\\/ca\\\/noticies\\\/\"]}]},{\"@type\":\"BreadcrumbList\",\"@id\":\"https:\\\/\\\/barcelona.servihonda.es\\\/ca\\\/noticies\\\/#breadcrumb\",\"itemListElement\":[{\"@type\":\"ListItem\",\"position\":1,\"name\":\"Portada\",\"item\":\"https:\\\/\\\/barcelona.servihonda.es\\\/ca\\\/\"},{\"@type\":\"ListItem\",\"position\":2,\"name\":\"Not\u00edcies\"}]},{\"@type\":\"WebSite\",\"@id\":\"https:\\\/\\\/barcelona.servihonda.es\\\/ca\\\/#website\",\"url\":\"https:\\\/\\\/barcelona.servihonda.es\\\/ca\\\/\",\"name\":\"Servihonda Barcelona\",\"description\":\"\",\"publisher\":{\"@id\":\"https:\\\/\\\/barcelona.servihonda.es\\\/ca\\\/#organization\"},\"potentialAction\":[{\"@type\":\"SearchAction\",\"target\":{\"@type\":\"EntryPoint\",\"urlTemplate\":\"https:\\\/\\\/barcelona.servihonda.es\\\/ca\\\/?s={search_term_string}\"},\"query-input\":{\"@type\":\"PropertyValueSpecification\",\"valueRequired\":true,\"valueName\":\"search_term_string\"}}],\"inLanguage\":\"ca\"},{\"@type\":\"Organization\",\"@id\":\"https:\\\/\\\/barcelona.servihonda.es\\\/ca\\\/#organization\",\"name\":\"Servihonda Barcelona\",\"url\":\"https:\\\/\\\/barcelona.servihonda.es\\\/ca\\\/\",\"logo\":{\"@type\":\"ImageObject\",\"inLanguage\":\"ca\",\"@id\":\"https:\\\/\\\/barcelona.servihonda.es\\\/ca\\\/#\\\/schema\\\/logo\\\/image\\\/\",\"url\":\"https:\\\/\\\/barcelona.servihonda.es\\\/wp-content\\\/uploads\\\/2025\\\/09\\\/logo-servihonda.png\",\"contentUrl\":\"https:\\\/\\\/barcelona.servihonda.es\\\/wp-content\\\/uploads\\\/2025\\\/09\\\/logo-servihonda.png\",\"width\":253,\"height\":72,\"caption\":\"Servihonda Barcelona\"},\"image\":{\"@id\":\"https:\\\/\\\/barcelona.servihonda.es\\\/ca\\\/#\\\/schema\\\/logo\\\/image\\\/\"}}]}<\/script>\n<!-- \/ Yoast SEO plugin. -->","yoast_head_json":{"title":"Blog: Principals not\u00edcies | Servihonda Barcelona","description":"Explora el bloc de Servihonda Barcelona i estigues al dia amb les \u00faltimes not\u00edcies, consells de manteniment, llan\u00e7aments de motos i ofertes.","robots":{"index":"index","follow":"follow","max-snippet":"max-snippet:-1","max-image-preview":"max-image-preview:large","max-video-preview":"max-video-preview:-1"},"canonical":"https:\/\/barcelona.servihonda.es\/ca\/noticies\/","og_locale":"ca_ES","og_type":"article","og_title":"Blog: Principals not\u00edcies | Servihonda Barcelona","og_description":"Explora el bloc de Servihonda Barcelona i estigues al dia amb les \u00faltimes not\u00edcies, consells de manteniment, llan\u00e7aments de motos i ofertes.","og_url":"https:\/\/barcelona.servihonda.es\/ca\/noticies\/","og_site_name":"Servihonda Barcelona","article_modified_time":"2025-12-16T16:58:23+00:00","twitter_card":"summary_large_image","twitter_misc":{"Temps estimat de lectura":"1 minut"},"schema":{"@context":"https:\/\/schema.org","@graph":[{"@type":"WebPage","@id":"https:\/\/barcelona.servihonda.es\/ca\/noticies\/","url":"https:\/\/barcelona.servihonda.es\/ca\/noticies\/","name":"Blog: Principals not\u00edcies | Servihonda Barcelona","isPartOf":{"@id":"https:\/\/barcelona.servihonda.es\/ca\/#website"},"datePublished":"2025-09-24T14:20:12+00:00","dateModified":"2025-12-16T16:58:23+00:00","description":"Explora el bloc de Servihonda Barcelona i estigues al dia amb les \u00faltimes not\u00edcies, consells de manteniment, llan\u00e7aments de motos i ofertes.","breadcrumb":{"@id":"https:\/\/barcelona.servihonda.es\/ca\/noticies\/#breadcrumb"},"inLanguage":"ca","potentialAction":[{"@type":"ReadAction","target":["https:\/\/barcelona.servihonda.es\/ca\/noticies\/"]}]},{"@type":"BreadcrumbList","@id":"https:\/\/barcelona.servihonda.es\/ca\/noticies\/#breadcrumb","itemListElement":[{"@type":"ListItem","position":1,"name":"Portada","item":"https:\/\/barcelona.servihonda.es\/ca\/"},{"@type":"ListItem","position":2,"name":"Not\u00edcies"}]},{"@type":"WebSite","@id":"https:\/\/barcelona.servihonda.es\/ca\/#website","url":"https:\/\/barcelona.servihonda.es\/ca\/","name":"Servihonda Barcelona","description":"","publisher":{"@id":"https:\/\/barcelona.servihonda.es\/ca\/#organization"},"potentialAction":[{"@type":"SearchAction","target":{"@type":"EntryPoint","urlTemplate":"https:\/\/barcelona.servihonda.es\/ca\/?s={search_term_string}"},"query-input":{"@type":"PropertyValueSpecification","valueRequired":true,"valueName":"search_term_string"}}],"inLanguage":"ca"},{"@type":"Organization","@id":"https:\/\/barcelona.servihonda.es\/ca\/#organization","name":"Servihonda Barcelona","url":"https:\/\/barcelona.servihonda.es\/ca\/","logo":{"@type":"ImageObject","inLanguage":"ca","@id":"https:\/\/barcelona.servihonda.es\/ca\/#\/schema\/logo\/image\/","url":"https:\/\/barcelona.servihonda.es\/wp-content\/uploads\/2025\/09\/logo-servihonda.png","contentUrl":"https:\/\/barcelona.servihonda.es\/wp-content\/uploads\/2025\/09\/logo-servihonda.png","width":253,"height":72,"caption":"Servihonda Barcelona"},"image":{"@id":"https:\/\/barcelona.servihonda.es\/ca\/#\/schema\/logo\/image\/"}}]}},"_links":{"self":[{"href":"https:\/\/barcelona.servihonda.es\/ca\/wp-json\/wp\/v2\/pages\/4696","targetHints":{"allow":["GET"]}}],"collection":[{"href":"https:\/\/barcelona.servihonda.es\/ca\/wp-json\/wp\/v2\/pages"}],"about":[{"href":"https:\/\/barcelona.servihonda.es\/ca\/wp-json\/wp\/v2\/types\/page"}],"author":[{"embeddable":true,"href":"https:\/\/barcelona.servihonda.es\/ca\/wp-json\/wp\/v2\/users\/1"}],"replies":[{"embeddable":true,"href":"https:\/\/barcelona.servihonda.es\/ca\/wp-json\/wp\/v2\/comments?post=4696"}],"version-history":[{"count":2,"href":"https:\/\/barcelona.servihonda.es\/ca\/wp-json\/wp\/v2\/pages\/4696\/revisions"}],"predecessor-version":[{"id":4719,"href":"https:\/\/barcelona.servihonda.es\/ca\/wp-json\/wp\/v2\/pages\/4696\/revisions\/4719"}],"wp:attachment":[{"href":"https:\/\/barcelona.servihonda.es\/ca\/wp-json\/wp\/v2\/media?parent=4696"}],"curies":[{"name":"wp","href":"https:\/\/api.w.org\/{rel}","templated":true}]}}