{"id":4722,"date":"2025-10-03T13:25:31","date_gmt":"2025-10-03T11:25:31","guid":{"rendered":"https:\/\/barcelona.servihonda.es\/cita-previa-taller-servihonda-motos\/"},"modified":"2025-12-16T18:58:58","modified_gmt":"2025-12-16T16:58:58","slug":"cita-previa-taller-servihonda-motos","status":"publish","type":"page","link":"https:\/\/barcelona.servihonda.es\/ca\/cita-previa-taller-servihonda-motos\/","title":{"rendered":"Cita Pr\u00e8via Taller Servihonda Motos"},"content":{"rendered":"<section class=\"l-section wpb_row height_medium\"><div class=\"l-section-h i-cf\"><div class=\"g-cols vc_row via_flex valign_middle type_default stacking_default\"><div class=\"vc_col-sm-6 wpb_column vc_column_container\"><div class=\"vc_column-inner\"><div class=\"wpb_wrapper\">[vc_custom_heading text=&#8221;Cita Pr\u00e8via Taller <strong>Servihonda Motos<\/strong>&#8221; font_container=&#8221;tag:h1|text_align:left&#8221; use_theme_fonts=&#8221;yes&#8221; css=&#8221;%7B%22default%22%3A%7B%22max-width%22%3A%221100px%22%2C%22margin-left%22%3A%22auto%22%2C%22margin-right%22%3A%22auto%22%7D%7D&#8221;]<div class=\"wpb_text_column us_custom_5c57f6f1\"><div class=\"wpb_wrapper\"><p>Si voleu obtenir una Cita Pr\u00e8via per realitzar un servei al nostre taller de <a href=\"https:\/\/barcelona.servihonda.es\/\" target=\"_blank\" rel=\"noopener\">Servihonda<\/a> , us convidem a fer clic al seg\u00fcent bot\u00f3.<\/p>\n<p>Registri&#8217;s f\u00e0cilment al nostre sistema i tria la cita que millor s&#8217;ajusti a les seves necessitats. Podreu seleccionar el dia i l&#8217;hora que m\u00e9s us convingui, aix\u00ed com el concessionari de la vostra prefer\u00e8ncia perqu\u00e8 la vostra experi\u00e8ncia sigui el m\u00e9s c\u00f2moda possible. A Servihonda, ens assegurem de oferir-vos un servei r\u00e0pid i eficient, amb l&#8217;atenci\u00f3 personalitzada que vost\u00e8 mereix. No espereu m\u00e9s i reserveu la vostra cita avui mateix!<\/p>\n<\/div><\/div><div class=\"w-btn-wrapper align_none\"><a class=\"w-btn us-btn-style_1\" href=\"https:\/\/www.citactiva.es\/grupocabello\/usuarios\/login\"><span class=\"w-btn-label\">Sol\u00b7licitar cita<\/span><\/a><\/div><\/div><\/div><\/div><div class=\"vc_col-sm-6 wpb_column vc_column_container\"><div class=\"vc_column-inner\"><div class=\"wpb_wrapper\"><div class=\"w-image align_none\"><div class=\"w-image-h\"><img decoding=\"async\" width=\"1024\" height=\"683\" src=\"https:\/\/barcelona.servihonda.es\/wp-content\/uploads\/2025\/11\/taller-servihonda-barcelona-1024x683.jpg\" class=\"attachment-large size-large\" alt=\"taller servihonda barcelona\" loading=\"lazy\" srcset=\"https:\/\/barcelona.servihonda.es\/wp-content\/uploads\/2025\/11\/taller-servihonda-barcelona-1024x683.jpg 1024w, https:\/\/barcelona.servihonda.es\/wp-content\/uploads\/2025\/11\/taller-servihonda-barcelona-300x200.jpg 300w, https:\/\/barcelona.servihonda.es\/wp-content\/uploads\/2025\/11\/taller-servihonda-barcelona-scaled.jpg 1920w\" sizes=\"auto, (max-width: 1024px) 100vw, 1024px\" \/><\/div><\/div><\/div><\/div><\/div><\/div><\/div><\/section>\n","protected":false},"excerpt":{"rendered":"[vc_custom_heading text=\"Cita Pr\u00e8via Taller Servihonda Motos\" font_container=\"tag:h1|text_align:left\" use_theme_fonts=\"yes\" css=\"%7B%22default%22%3A%7B%22max-width%22%3A%221100px%22%2C%22margin-left%22%3A%22auto%22%2C%22margin-right%22%3A%22auto%22%7D%7D\"]Si voleu obtenir una Cita Pr\u00e8via per realitzar un servei al nostre taller de Servihonda , us convidem a fer clic al seg\u00fcent bot\u00f3. Registri&#8217;s f\u00e0cilment al nostre sistema i tria la cita que millor s&#8217;ajusti a les seves necessitats. Podreu seleccionar el dia i l&#8217;hora que...","protected":false},"author":1,"featured_media":0,"parent":0,"menu_order":0,"comment_status":"closed","ping_status":"closed","template":"","meta":{"_acf_changed":false,"footnotes":""},"class_list":["post-4722","page","type-page","status-publish","hentry"],"acf":[],"yoast_head":"<!-- This site is optimized with the Yoast SEO plugin v27.6 - https:\/\/yoast.com\/product\/yoast-seo-wordpress\/ -->\n<title>Cita Pr\u00e8via Taller Honda | Servihonda Barcelona<\/title>\n<meta name=\"description\" content=\"Demana la teva cita al taller oficial Servihonda Barcelona a Llull, Pau Claris i Carrer Mallorca. Servei t\u00e8cnic especialitzat Honda.\" \/>\n<meta name=\"robots\" content=\"index, follow, max-snippet:-1, max-image-preview:large, max-video-preview:-1\" \/>\n<link rel=\"canonical\" href=\"https:\/\/barcelona.servihonda.es\/ca\/cita-previa-taller-servihonda-motos\/\" \/>\n<meta property=\"og:locale\" content=\"ca_ES\" \/>\n<meta property=\"og:type\" content=\"article\" \/>\n<meta property=\"og:title\" content=\"Cita Pr\u00e8via Taller Honda | Servihonda Barcelona\" \/>\n<meta property=\"og:description\" content=\"Demana la teva cita al taller oficial Servihonda Barcelona a Llull, Pau Claris i Carrer Mallorca. Servei t\u00e8cnic especialitzat Honda.\" \/>\n<meta property=\"og:url\" content=\"https:\/\/barcelona.servihonda.es\/ca\/cita-previa-taller-servihonda-motos\/\" \/>\n<meta property=\"og:site_name\" content=\"Servihonda Barcelona\" \/>\n<meta property=\"article:modified_time\" content=\"2025-12-16T16:58:58+00:00\" \/>\n<meta name=\"twitter:card\" content=\"summary_large_image\" \/>\n<meta name=\"twitter:label1\" content=\"Temps estimat de lectura\" \/>\n\t<meta name=\"twitter:data1\" content=\"1 minut\" \/>\n<script type=\"application\/ld+json\" class=\"yoast-schema-graph\">{\"@context\":\"https:\\\/\\\/schema.org\",\"@graph\":[{\"@type\":\"WebPage\",\"@id\":\"https:\\\/\\\/barcelona.servihonda.es\\\/ca\\\/cita-previa-taller-servihonda-motos\\\/\",\"url\":\"https:\\\/\\\/barcelona.servihonda.es\\\/ca\\\/cita-previa-taller-servihonda-motos\\\/\",\"name\":\"Cita Pr\u00e8via Taller Honda | Servihonda Barcelona\",\"isPartOf\":{\"@id\":\"https:\\\/\\\/barcelona.servihonda.es\\\/ca\\\/#website\"},\"datePublished\":\"2025-10-03T11:25:31+00:00\",\"dateModified\":\"2025-12-16T16:58:58+00:00\",\"description\":\"Demana la teva cita al taller oficial Servihonda Barcelona a Llull, Pau Claris i Carrer Mallorca. Servei t\u00e8cnic especialitzat Honda.\",\"breadcrumb\":{\"@id\":\"https:\\\/\\\/barcelona.servihonda.es\\\/ca\\\/cita-previa-taller-servihonda-motos\\\/#breadcrumb\"},\"inLanguage\":\"ca\",\"potentialAction\":[{\"@type\":\"ReadAction\",\"target\":[\"https:\\\/\\\/barcelona.servihonda.es\\\/ca\\\/cita-previa-taller-servihonda-motos\\\/\"]}]},{\"@type\":\"BreadcrumbList\",\"@id\":\"https:\\\/\\\/barcelona.servihonda.es\\\/ca\\\/cita-previa-taller-servihonda-motos\\\/#breadcrumb\",\"itemListElement\":[{\"@type\":\"ListItem\",\"position\":1,\"name\":\"Portada\",\"item\":\"https:\\\/\\\/barcelona.servihonda.es\\\/ca\\\/\"},{\"@type\":\"ListItem\",\"position\":2,\"name\":\"Cita Pr\u00e8via Taller Servihonda Motos\"}]},{\"@type\":\"WebSite\",\"@id\":\"https:\\\/\\\/barcelona.servihonda.es\\\/ca\\\/#website\",\"url\":\"https:\\\/\\\/barcelona.servihonda.es\\\/ca\\\/\",\"name\":\"Servihonda Barcelona\",\"description\":\"\",\"publisher\":{\"@id\":\"https:\\\/\\\/barcelona.servihonda.es\\\/ca\\\/#organization\"},\"potentialAction\":[{\"@type\":\"SearchAction\",\"target\":{\"@type\":\"EntryPoint\",\"urlTemplate\":\"https:\\\/\\\/barcelona.servihonda.es\\\/ca\\\/?s={search_term_string}\"},\"query-input\":{\"@type\":\"PropertyValueSpecification\",\"valueRequired\":true,\"valueName\":\"search_term_string\"}}],\"inLanguage\":\"ca\"},{\"@type\":\"Organization\",\"@id\":\"https:\\\/\\\/barcelona.servihonda.es\\\/ca\\\/#organization\",\"name\":\"Servihonda Barcelona\",\"url\":\"https:\\\/\\\/barcelona.servihonda.es\\\/ca\\\/\",\"logo\":{\"@type\":\"ImageObject\",\"inLanguage\":\"ca\",\"@id\":\"https:\\\/\\\/barcelona.servihonda.es\\\/ca\\\/#\\\/schema\\\/logo\\\/image\\\/\",\"url\":\"https:\\\/\\\/barcelona.servihonda.es\\\/wp-content\\\/uploads\\\/2025\\\/09\\\/logo-servihonda.png\",\"contentUrl\":\"https:\\\/\\\/barcelona.servihonda.es\\\/wp-content\\\/uploads\\\/2025\\\/09\\\/logo-servihonda.png\",\"width\":253,\"height\":72,\"caption\":\"Servihonda Barcelona\"},\"image\":{\"@id\":\"https:\\\/\\\/barcelona.servihonda.es\\\/ca\\\/#\\\/schema\\\/logo\\\/image\\\/\"}}]}<\/script>\n<!-- \/ Yoast SEO plugin. -->","yoast_head_json":{"title":"Cita Pr\u00e8via Taller Honda | Servihonda Barcelona","description":"Demana la teva cita al taller oficial Servihonda Barcelona a Llull, Pau Claris i Carrer Mallorca. Servei t\u00e8cnic especialitzat Honda.","robots":{"index":"index","follow":"follow","max-snippet":"max-snippet:-1","max-image-preview":"max-image-preview:large","max-video-preview":"max-video-preview:-1"},"canonical":"https:\/\/barcelona.servihonda.es\/ca\/cita-previa-taller-servihonda-motos\/","og_locale":"ca_ES","og_type":"article","og_title":"Cita Pr\u00e8via Taller Honda | Servihonda Barcelona","og_description":"Demana la teva cita al taller oficial Servihonda Barcelona a Llull, Pau Claris i Carrer Mallorca. Servei t\u00e8cnic especialitzat Honda.","og_url":"https:\/\/barcelona.servihonda.es\/ca\/cita-previa-taller-servihonda-motos\/","og_site_name":"Servihonda Barcelona","article_modified_time":"2025-12-16T16:58:58+00:00","twitter_card":"summary_large_image","twitter_misc":{"Temps estimat de lectura":"1 minut"},"schema":{"@context":"https:\/\/schema.org","@graph":[{"@type":"WebPage","@id":"https:\/\/barcelona.servihonda.es\/ca\/cita-previa-taller-servihonda-motos\/","url":"https:\/\/barcelona.servihonda.es\/ca\/cita-previa-taller-servihonda-motos\/","name":"Cita Pr\u00e8via Taller Honda | Servihonda Barcelona","isPartOf":{"@id":"https:\/\/barcelona.servihonda.es\/ca\/#website"},"datePublished":"2025-10-03T11:25:31+00:00","dateModified":"2025-12-16T16:58:58+00:00","description":"Demana la teva cita al taller oficial Servihonda Barcelona a Llull, Pau Claris i Carrer Mallorca. Servei t\u00e8cnic especialitzat Honda.","breadcrumb":{"@id":"https:\/\/barcelona.servihonda.es\/ca\/cita-previa-taller-servihonda-motos\/#breadcrumb"},"inLanguage":"ca","potentialAction":[{"@type":"ReadAction","target":["https:\/\/barcelona.servihonda.es\/ca\/cita-previa-taller-servihonda-motos\/"]}]},{"@type":"BreadcrumbList","@id":"https:\/\/barcelona.servihonda.es\/ca\/cita-previa-taller-servihonda-motos\/#breadcrumb","itemListElement":[{"@type":"ListItem","position":1,"name":"Portada","item":"https:\/\/barcelona.servihonda.es\/ca\/"},{"@type":"ListItem","position":2,"name":"Cita Pr\u00e8via Taller Servihonda Motos"}]},{"@type":"WebSite","@id":"https:\/\/barcelona.servihonda.es\/ca\/#website","url":"https:\/\/barcelona.servihonda.es\/ca\/","name":"Servihonda Barcelona","description":"","publisher":{"@id":"https:\/\/barcelona.servihonda.es\/ca\/#organization"},"potentialAction":[{"@type":"SearchAction","target":{"@type":"EntryPoint","urlTemplate":"https:\/\/barcelona.servihonda.es\/ca\/?s={search_term_string}"},"query-input":{"@type":"PropertyValueSpecification","valueRequired":true,"valueName":"search_term_string"}}],"inLanguage":"ca"},{"@type":"Organization","@id":"https:\/\/barcelona.servihonda.es\/ca\/#organization","name":"Servihonda Barcelona","url":"https:\/\/barcelona.servihonda.es\/ca\/","logo":{"@type":"ImageObject","inLanguage":"ca","@id":"https:\/\/barcelona.servihonda.es\/ca\/#\/schema\/logo\/image\/","url":"https:\/\/barcelona.servihonda.es\/wp-content\/uploads\/2025\/09\/logo-servihonda.png","contentUrl":"https:\/\/barcelona.servihonda.es\/wp-content\/uploads\/2025\/09\/logo-servihonda.png","width":253,"height":72,"caption":"Servihonda Barcelona"},"image":{"@id":"https:\/\/barcelona.servihonda.es\/ca\/#\/schema\/logo\/image\/"}}]}},"_links":{"self":[{"href":"https:\/\/barcelona.servihonda.es\/ca\/wp-json\/wp\/v2\/pages\/4722","targetHints":{"allow":["GET"]}}],"collection":[{"href":"https:\/\/barcelona.servihonda.es\/ca\/wp-json\/wp\/v2\/pages"}],"about":[{"href":"https:\/\/barcelona.servihonda.es\/ca\/wp-json\/wp\/v2\/types\/page"}],"author":[{"embeddable":true,"href":"https:\/\/barcelona.servihonda.es\/ca\/wp-json\/wp\/v2\/users\/1"}],"replies":[{"embeddable":true,"href":"https:\/\/barcelona.servihonda.es\/ca\/wp-json\/wp\/v2\/comments?post=4722"}],"version-history":[{"count":8,"href":"https:\/\/barcelona.servihonda.es\/ca\/wp-json\/wp\/v2\/pages\/4722\/revisions"}],"predecessor-version":[{"id":4768,"href":"https:\/\/barcelona.servihonda.es\/ca\/wp-json\/wp\/v2\/pages\/4722\/revisions\/4768"}],"wp:attachment":[{"href":"https:\/\/barcelona.servihonda.es\/ca\/wp-json\/wp\/v2\/media?parent=4722"}],"curies":[{"name":"wp","href":"https:\/\/api.w.org\/{rel}","templated":true}]}}