{"id":4770,"date":"2025-09-29T21:15:49","date_gmt":"2025-09-29T19:15:49","guid":{"rendered":"https:\/\/barcelona.servihonda.es\/qui-som\/"},"modified":"2025-12-16T18:59:07","modified_gmt":"2025-12-16T16:59:07","slug":"qui-som","status":"publish","type":"page","link":"https:\/\/barcelona.servihonda.es\/ca\/qui-som\/","title":{"rendered":"Qui som"},"content":{"rendered":"<section class=\"l-section wpb_row height_medium\"><div class=\"l-section-h i-cf\"><div class=\"g-cols vc_row via_flex valign_top type_default stacking_default\"><div class=\"vc_col-sm-6 wpb_column vc_column_container\"><div class=\"vc_column-inner\"><div class=\"wpb_wrapper\"><div class=\"wpb_text_column\"><div class=\"wpb_wrapper\"><h2><strong>Som el teu concessionari oficial motos Honda Llull, Pau Claris i Mallorca<\/strong><\/h2>\n<p>A <a href=\"https:\/\/barcelona.servihonda.es\/\" target=\"_blank\" rel=\"noopener\">Servihonda<\/a> tenim l&#8217;orgull d&#8217;haver estat el primer <strong>concessionari oficial Honda<\/strong> a tot Espanya a rebre el prestigi\u00f3s distintiu Honda One de qualitat, un reconeixement que avala el nostre constant comprom\u00eds amb l&#8217;excel\u00b7l\u00e8ncia i la satisfacci\u00f3 dels qui confien en nosaltres.<\/p>\n<p>Com a <strong>concessionari oficial Honda Llull, Pau Claris i Mallorca<\/strong> , creiem fermament que la passi\u00f3 pel que fem, la qualitat en el servei i una actitud sempre positiva s\u00f3n els pilars fonamentals que ens permeten oferir a cada persona que creua les nostres portes una experi\u00e8ncia \u00fanica. Volem que cada visita a les nostres instal\u00b7lacions se senti com estar a casa, amb la confian\u00e7a que sempre farem el possible per millorar la relaci\u00f3 amb el m\u00f3n del motor i l&#8217;emoci\u00f3 de conduir una Honda.<\/p>\n<p>A les nostres \u00e0mplies instal\u00b7lacions trobar\u00e0s la <strong>moto Honda<\/strong> que est\u00e0s buscant, amb la garantia i la seguretat d&#8217;adquirir-la a un concessionari oficial. I si ja gaudiu de la vostra moto, posem a la vostra disposici\u00f3 una gran varietat d&#8217;accessoris per a motoristes pensats per complementar el vostre estil de conducci\u00f3 i fer cada trajecte encara m\u00e9s especial. A m\u00e9s, comptem amb Taller Oficial Honda amb t\u00e8cnics especialitzats, aix\u00ed com amb un complet servei de venda de recanvis originals, perqu\u00e8 la teva moto sempre estigui en les millors condicions.<\/p>\n<p>La recompensa m\u00e9s gran al nostre esfor\u00e7 \u00e9s, sens dubte, la confian\u00e7a dels nostres clients. Haver estat elegits novament com el concessionari n\u00famero 1 a Espanya en satisfacci\u00f3 al client ens omple d&#8217;orgull i ens motiva a seguir superant-nos cada dia. A Servihonda treballem amb un objectiu clar: oferir molt m\u00e9s que un servei, una aut\u00e8ntica experi\u00e8ncia Honda.<\/p>\n<\/div><\/div><\/div><\/div><\/div><div class=\"vc_col-sm-6 wpb_column vc_column_container\"><div class=\"vc_column-inner type_sticky\"><div class=\"wpb_wrapper\"><div class=\"w-image align_none\"><div class=\"w-image-h\"><img decoding=\"async\" width=\"845\" height=\"684\" src=\"https:\/\/barcelona.servihonda.es\/wp-content\/uploads\/2025\/12\/servihonda-llull.png\" class=\"attachment-large size-large\" alt=\"servihonda llull\" loading=\"lazy\" srcset=\"https:\/\/barcelona.servihonda.es\/wp-content\/uploads\/2025\/12\/servihonda-llull.png 845w, https:\/\/barcelona.servihonda.es\/wp-content\/uploads\/2025\/12\/servihonda-llull-300x243.png 300w\" sizes=\"auto, (max-width: 845px) 100vw, 845px\" \/><\/div><\/div><\/div><\/div><\/div><\/div><\/div><\/section>\n","protected":false},"excerpt":{"rendered":"Som el teu concessionari oficial motos Honda Llull, Pau Claris i Mallorca A Servihonda tenim l&#8217;orgull d&#8217;haver estat el primer concessionari oficial Honda a tot Espanya a rebre el prestigi\u00f3s distintiu Honda One de qualitat, un reconeixement que avala el nostre constant comprom\u00eds amb l&#8217;excel\u00b7l\u00e8ncia i la satisfacci\u00f3 dels qui confien en nosaltres. Com a...","protected":false},"author":1,"featured_media":4771,"parent":0,"menu_order":0,"comment_status":"closed","ping_status":"closed","template":"","meta":{"_acf_changed":false,"footnotes":""},"class_list":["post-4770","page","type-page","status-publish","has-post-thumbnail","hentry"],"acf":[],"yoast_head":"<!-- This site is optimized with the Yoast SEO plugin v27.6 - https:\/\/yoast.com\/product\/yoast-seo-wordpress\/ -->\n<title>Concessionari motos fonda oficial Llull, Pau Claris i Mallorca<\/title>\n<meta name=\"description\" content=\"Descobreix qui som i coneix tot el nostre concessionari motos Honda oficial Llull, Pau Claris i Mallorca.\" \/>\n<meta name=\"robots\" content=\"index, follow, max-snippet:-1, max-image-preview:large, max-video-preview:-1\" \/>\n<link rel=\"canonical\" href=\"https:\/\/barcelona.servihonda.es\/ca\/qui-som\/\" \/>\n<meta property=\"og:locale\" content=\"ca_ES\" \/>\n<meta property=\"og:type\" content=\"article\" \/>\n<meta property=\"og:title\" content=\"Concessionari motos fonda oficial Llull, Pau Claris i Mallorca\" \/>\n<meta property=\"og:description\" content=\"Descobreix qui som i coneix tot el nostre concessionari motos Honda oficial Llull, Pau Claris i Mallorca.\" \/>\n<meta property=\"og:url\" content=\"https:\/\/barcelona.servihonda.es\/ca\/qui-som\/\" \/>\n<meta property=\"og:site_name\" content=\"Servihonda Barcelona\" \/>\n<meta property=\"article:modified_time\" content=\"2025-12-16T16:59:07+00:00\" \/>\n<meta property=\"og:image\" content=\"https:\/\/barcelona.servihonda.es\/wp-content\/uploads\/2025\/12\/servihonda-llull.png\" \/>\n\t<meta property=\"og:image:width\" content=\"845\" \/>\n\t<meta property=\"og:image:height\" content=\"684\" \/>\n\t<meta property=\"og:image:type\" content=\"image\/png\" \/>\n<meta name=\"twitter:card\" content=\"summary_large_image\" \/>\n<meta name=\"twitter:label1\" content=\"Temps estimat de lectura\" \/>\n\t<meta name=\"twitter:data1\" content=\"2 minuts\" \/>\n<script type=\"application\/ld+json\" class=\"yoast-schema-graph\">{\"@context\":\"https:\\\/\\\/schema.org\",\"@graph\":[{\"@type\":\"WebPage\",\"@id\":\"https:\\\/\\\/barcelona.servihonda.es\\\/ca\\\/qui-som\\\/\",\"url\":\"https:\\\/\\\/barcelona.servihonda.es\\\/ca\\\/qui-som\\\/\",\"name\":\"Concessionari motos fonda oficial Llull, Pau Claris i Mallorca\",\"isPartOf\":{\"@id\":\"https:\\\/\\\/barcelona.servihonda.es\\\/ca\\\/#website\"},\"primaryImageOfPage\":{\"@id\":\"https:\\\/\\\/barcelona.servihonda.es\\\/ca\\\/qui-som\\\/#primaryimage\"},\"image\":{\"@id\":\"https:\\\/\\\/barcelona.servihonda.es\\\/ca\\\/qui-som\\\/#primaryimage\"},\"thumbnailUrl\":\"https:\\\/\\\/barcelona.servihonda.es\\\/wp-content\\\/uploads\\\/2025\\\/12\\\/servihonda-llull.png\",\"datePublished\":\"2025-09-29T19:15:49+00:00\",\"dateModified\":\"2025-12-16T16:59:07+00:00\",\"description\":\"Descobreix qui som i coneix tot el nostre concessionari motos Honda oficial Llull, Pau Claris i Mallorca.\",\"breadcrumb\":{\"@id\":\"https:\\\/\\\/barcelona.servihonda.es\\\/ca\\\/qui-som\\\/#breadcrumb\"},\"inLanguage\":\"ca\",\"potentialAction\":[{\"@type\":\"ReadAction\",\"target\":[\"https:\\\/\\\/barcelona.servihonda.es\\\/ca\\\/qui-som\\\/\"]}]},{\"@type\":\"ImageObject\",\"inLanguage\":\"ca\",\"@id\":\"https:\\\/\\\/barcelona.servihonda.es\\\/ca\\\/qui-som\\\/#primaryimage\",\"url\":\"https:\\\/\\\/barcelona.servihonda.es\\\/wp-content\\\/uploads\\\/2025\\\/12\\\/servihonda-llull.png\",\"contentUrl\":\"https:\\\/\\\/barcelona.servihonda.es\\\/wp-content\\\/uploads\\\/2025\\\/12\\\/servihonda-llull.png\",\"width\":845,\"height\":684,\"caption\":\"servihonda llull\"},{\"@type\":\"BreadcrumbList\",\"@id\":\"https:\\\/\\\/barcelona.servihonda.es\\\/ca\\\/qui-som\\\/#breadcrumb\",\"itemListElement\":[{\"@type\":\"ListItem\",\"position\":1,\"name\":\"Portada\",\"item\":\"https:\\\/\\\/barcelona.servihonda.es\\\/ca\\\/\"},{\"@type\":\"ListItem\",\"position\":2,\"name\":\"Qui som\"}]},{\"@type\":\"WebSite\",\"@id\":\"https:\\\/\\\/barcelona.servihonda.es\\\/ca\\\/#website\",\"url\":\"https:\\\/\\\/barcelona.servihonda.es\\\/ca\\\/\",\"name\":\"Servihonda Barcelona\",\"description\":\"\",\"publisher\":{\"@id\":\"https:\\\/\\\/barcelona.servihonda.es\\\/ca\\\/#organization\"},\"potentialAction\":[{\"@type\":\"SearchAction\",\"target\":{\"@type\":\"EntryPoint\",\"urlTemplate\":\"https:\\\/\\\/barcelona.servihonda.es\\\/ca\\\/?s={search_term_string}\"},\"query-input\":{\"@type\":\"PropertyValueSpecification\",\"valueRequired\":true,\"valueName\":\"search_term_string\"}}],\"inLanguage\":\"ca\"},{\"@type\":\"Organization\",\"@id\":\"https:\\\/\\\/barcelona.servihonda.es\\\/ca\\\/#organization\",\"name\":\"Servihonda Barcelona\",\"url\":\"https:\\\/\\\/barcelona.servihonda.es\\\/ca\\\/\",\"logo\":{\"@type\":\"ImageObject\",\"inLanguage\":\"ca\",\"@id\":\"https:\\\/\\\/barcelona.servihonda.es\\\/ca\\\/#\\\/schema\\\/logo\\\/image\\\/\",\"url\":\"https:\\\/\\\/barcelona.servihonda.es\\\/wp-content\\\/uploads\\\/2025\\\/09\\\/logo-servihonda.png\",\"contentUrl\":\"https:\\\/\\\/barcelona.servihonda.es\\\/wp-content\\\/uploads\\\/2025\\\/09\\\/logo-servihonda.png\",\"width\":253,\"height\":72,\"caption\":\"Servihonda Barcelona\"},\"image\":{\"@id\":\"https:\\\/\\\/barcelona.servihonda.es\\\/ca\\\/#\\\/schema\\\/logo\\\/image\\\/\"}}]}<\/script>\n<!-- \/ Yoast SEO plugin. -->","yoast_head_json":{"title":"Concessionari motos fonda oficial Llull, Pau Claris i Mallorca","description":"Descobreix qui som i coneix tot el nostre concessionari motos Honda oficial Llull, Pau Claris i Mallorca.","robots":{"index":"index","follow":"follow","max-snippet":"max-snippet:-1","max-image-preview":"max-image-preview:large","max-video-preview":"max-video-preview:-1"},"canonical":"https:\/\/barcelona.servihonda.es\/ca\/qui-som\/","og_locale":"ca_ES","og_type":"article","og_title":"Concessionari motos fonda oficial Llull, Pau Claris i Mallorca","og_description":"Descobreix qui som i coneix tot el nostre concessionari motos Honda oficial Llull, Pau Claris i Mallorca.","og_url":"https:\/\/barcelona.servihonda.es\/ca\/qui-som\/","og_site_name":"Servihonda Barcelona","article_modified_time":"2025-12-16T16:59:07+00:00","og_image":[{"width":845,"height":684,"url":"https:\/\/barcelona.servihonda.es\/wp-content\/uploads\/2025\/12\/servihonda-llull.png","type":"image\/png"}],"twitter_card":"summary_large_image","twitter_misc":{"Temps estimat de lectura":"2 minuts"},"schema":{"@context":"https:\/\/schema.org","@graph":[{"@type":"WebPage","@id":"https:\/\/barcelona.servihonda.es\/ca\/qui-som\/","url":"https:\/\/barcelona.servihonda.es\/ca\/qui-som\/","name":"Concessionari motos fonda oficial Llull, Pau Claris i Mallorca","isPartOf":{"@id":"https:\/\/barcelona.servihonda.es\/ca\/#website"},"primaryImageOfPage":{"@id":"https:\/\/barcelona.servihonda.es\/ca\/qui-som\/#primaryimage"},"image":{"@id":"https:\/\/barcelona.servihonda.es\/ca\/qui-som\/#primaryimage"},"thumbnailUrl":"https:\/\/barcelona.servihonda.es\/wp-content\/uploads\/2025\/12\/servihonda-llull.png","datePublished":"2025-09-29T19:15:49+00:00","dateModified":"2025-12-16T16:59:07+00:00","description":"Descobreix qui som i coneix tot el nostre concessionari motos Honda oficial Llull, Pau Claris i Mallorca.","breadcrumb":{"@id":"https:\/\/barcelona.servihonda.es\/ca\/qui-som\/#breadcrumb"},"inLanguage":"ca","potentialAction":[{"@type":"ReadAction","target":["https:\/\/barcelona.servihonda.es\/ca\/qui-som\/"]}]},{"@type":"ImageObject","inLanguage":"ca","@id":"https:\/\/barcelona.servihonda.es\/ca\/qui-som\/#primaryimage","url":"https:\/\/barcelona.servihonda.es\/wp-content\/uploads\/2025\/12\/servihonda-llull.png","contentUrl":"https:\/\/barcelona.servihonda.es\/wp-content\/uploads\/2025\/12\/servihonda-llull.png","width":845,"height":684,"caption":"servihonda llull"},{"@type":"BreadcrumbList","@id":"https:\/\/barcelona.servihonda.es\/ca\/qui-som\/#breadcrumb","itemListElement":[{"@type":"ListItem","position":1,"name":"Portada","item":"https:\/\/barcelona.servihonda.es\/ca\/"},{"@type":"ListItem","position":2,"name":"Qui som"}]},{"@type":"WebSite","@id":"https:\/\/barcelona.servihonda.es\/ca\/#website","url":"https:\/\/barcelona.servihonda.es\/ca\/","name":"Servihonda Barcelona","description":"","publisher":{"@id":"https:\/\/barcelona.servihonda.es\/ca\/#organization"},"potentialAction":[{"@type":"SearchAction","target":{"@type":"EntryPoint","urlTemplate":"https:\/\/barcelona.servihonda.es\/ca\/?s={search_term_string}"},"query-input":{"@type":"PropertyValueSpecification","valueRequired":true,"valueName":"search_term_string"}}],"inLanguage":"ca"},{"@type":"Organization","@id":"https:\/\/barcelona.servihonda.es\/ca\/#organization","name":"Servihonda Barcelona","url":"https:\/\/barcelona.servihonda.es\/ca\/","logo":{"@type":"ImageObject","inLanguage":"ca","@id":"https:\/\/barcelona.servihonda.es\/ca\/#\/schema\/logo\/image\/","url":"https:\/\/barcelona.servihonda.es\/wp-content\/uploads\/2025\/09\/logo-servihonda.png","contentUrl":"https:\/\/barcelona.servihonda.es\/wp-content\/uploads\/2025\/09\/logo-servihonda.png","width":253,"height":72,"caption":"Servihonda Barcelona"},"image":{"@id":"https:\/\/barcelona.servihonda.es\/ca\/#\/schema\/logo\/image\/"}}]}},"_links":{"self":[{"href":"https:\/\/barcelona.servihonda.es\/ca\/wp-json\/wp\/v2\/pages\/4770","targetHints":{"allow":["GET"]}}],"collection":[{"href":"https:\/\/barcelona.servihonda.es\/ca\/wp-json\/wp\/v2\/pages"}],"about":[{"href":"https:\/\/barcelona.servihonda.es\/ca\/wp-json\/wp\/v2\/types\/page"}],"author":[{"embeddable":true,"href":"https:\/\/barcelona.servihonda.es\/ca\/wp-json\/wp\/v2\/users\/1"}],"replies":[{"embeddable":true,"href":"https:\/\/barcelona.servihonda.es\/ca\/wp-json\/wp\/v2\/comments?post=4770"}],"version-history":[{"count":1,"href":"https:\/\/barcelona.servihonda.es\/ca\/wp-json\/wp\/v2\/pages\/4770\/revisions"}],"predecessor-version":[{"id":4774,"href":"https:\/\/barcelona.servihonda.es\/ca\/wp-json\/wp\/v2\/pages\/4770\/revisions\/4774"}],"wp:featuredmedia":[{"embeddable":true,"href":"https:\/\/barcelona.servihonda.es\/ca\/wp-json\/wp\/v2\/media\/4771"}],"wp:attachment":[{"href":"https:\/\/barcelona.servihonda.es\/ca\/wp-json\/wp\/v2\/media?parent=4770"}],"curies":[{"name":"wp","href":"https:\/\/api.w.org\/{rel}","templated":true}]}}